{"id":529,"date":"2015-07-17T12:52:17","date_gmt":"2015-07-17T12:52:17","guid":{"rendered":"http:\/\/capethemes.com\/demo\/industry\/?page_id=529"},"modified":"2026-02-16T14:25:15","modified_gmt":"2026-02-16T13:25:15","slug":"%d0%bb%d0%b8%d1%82%d1%82%d1%8f-%d0%b7-%d0%bf%d1%96%d1%81%d0%ba%d1%83","status":"publish","type":"page","link":"https:\/\/www.wako-odlewnia.pl\/uk\/oferta\/odlewanie-piaskowe\/","title":{"rendered":"\u041b\u0438\u0442\u0442\u044f \u0437 \u043f\u0456\u0441\u043a\u0443"},"content":{"rendered":"<div data-elementor-type=\"wp-page\" data-elementor-id=\"529\" class=\"elementor elementor-529\" data-elementor-post-type=\"page\">\n\t\t\t\t\t\t<section class=\"elementor-section elementor-top-section elementor-element elementor-element-cd2ed79 elementor-section-boxed elementor-section-height-default elementor-section-height-default\" data-id=\"cd2ed79\" data-element_type=\"section\" data-e-type=\"section\">\n\t\t\t\t\t\t<div class=\"elementor-container elementor-column-gap-wide\">\n\t\t\t\t\t<div class=\"elementor-column elementor-col-50 elementor-top-column elementor-element elementor-element-0ecfe0a\" data-id=\"0ecfe0a\" data-element_type=\"column\" data-e-type=\"column\">\n\t\t\t<div class=\"elementor-widget-wrap elementor-element-populated\">\n\t\t\t\t\t\t<div class=\"elementor-element elementor-element-c2887fe elementor-widget elementor-widget-text-editor\" data-id=\"c2887fe\" data-element_type=\"widget\" data-e-type=\"widget\" data-widget_type=\"text-editor.default\">\n\t\t\t\t\t\t\t\t\t<p data-start=\"253\" data-end=\"573\"><strong data-start=\"253\" data-end=\"327\">Wako Odlewnia - \u0446\u0435 \u0434\u043e\u0441\u0432\u0456\u0434\u0447\u0435\u043d\u0438\u0439 \u043b\u0438\u0432\u0430\u0440\u043d\u0438\u0439 \u0437\u0430\u0432\u043e\u0434 \u043a\u043e\u043b\u044c\u043e\u0440\u043e\u0432\u0438\u0445 \u043c\u0435\u0442\u0430\u043b\u0456\u0432 \u0437 \u041f\u0440\u0443\u0448\u043a\u0443\u0432\u0430<\/strong>, \u0449\u043e \u0441\u043f\u0435\u0446\u0456\u0430\u043b\u0456\u0437\u0443\u0454\u0442\u044c\u0441\u044f \u043d\u0430 \u0432\u0438\u0433\u043e\u0442\u043e\u0432\u043b\u0435\u043d\u043d\u0456 \u043f\u0440\u0435\u0446\u0438\u0437\u0456\u0439\u043d\u0438\u0445 \u043a\u043e\u043c\u043f\u043e\u043d\u0435\u043d\u0442\u0456\u0432 \u0434\u043b\u044f \u043f\u0440\u043e\u043c\u0438\u0441\u043b\u043e\u0432\u043e\u0441\u0442\u0456. \u041e\u0434\u043d\u0456\u0454\u044e \u0437 \u043e\u0441\u043d\u043e\u0432\u043d\u0438\u0445 \u0442\u0435\u0445\u043d\u043e\u043b\u043e\u0433\u0456\u0439, \u044f\u043a\u0456 \u043c\u0438 \u0432\u0438\u043a\u043e\u0440\u0438\u0441\u0442\u043e\u0432\u0443\u0454\u043c\u043e, \u0454 <strong data-start=\"461\" data-end=\"483\">\u043b\u0438\u0442\u0442\u044f \u0437 \u043f\u0456\u0441\u043a\u0443<\/strong> - \u043e\u0434\u0438\u043d \u0437 \u043d\u0430\u0439\u0431\u0456\u043b\u044c\u0448 \u0443\u043d\u0456\u0432\u0435\u0440\u0441\u0430\u043b\u044c\u043d\u0438\u0445 \u0456 \u0435\u043a\u043e\u043d\u043e\u043c\u0456\u0447\u043d\u0438\u0445 \u043c\u0435\u0442\u043e\u0434\u0456\u0432 \u0432\u0438\u0440\u043e\u0431\u043d\u0438\u0446\u0442\u0432\u0430 \u043c\u0435\u0442\u0430\u043b\u0435\u0432\u0438\u0445 \u0432\u0438\u043b\u0438\u0432\u043a\u0456\u0432.<\/p><p data-start=\"575\" data-end=\"831\">\u0426\u044f \u0442\u0435\u0445\u043d\u043e\u043b\u043e\u0433\u0456\u044f \u0434\u043e\u0437\u0432\u043e\u043b\u044f\u0454 \u0432\u0438\u0433\u043e\u0442\u043e\u0432\u043b\u044f\u0442\u0438 \u0434\u0435\u0442\u0430\u043b\u0456 \u0440\u0456\u0437\u043d\u043e\u0457 \u0444\u043e\u0440\u043c\u0438, \u0440\u043e\u0437\u043c\u0456\u0440\u0443 \u0442\u0430 \u0432\u0430\u0433\u0438, \u0437\u0431\u0435\u0440\u0456\u0433\u0430\u044e\u0447\u0438 \u043f\u0440\u0438 \u0446\u044c\u043e\u043c\u0443 \u0432\u0438\u0441\u043e\u043a\u0443 \u0442\u043e\u0447\u043d\u0456\u0441\u0442\u044c \u0456 \u0432\u0438\u0433\u0456\u0434\u043d\u0435 \u0441\u043f\u0456\u0432\u0432\u0456\u0434\u043d\u043e\u0448\u0435\u043d\u043d\u044f \u0446\u0456\u043d\u0438 \u0442\u0430 \u044f\u043a\u043e\u0441\u0442\u0456. \u0417\u0430\u0432\u0434\u044f\u043a\u0438 \u0441\u0432\u043e\u0457\u0439 \u0433\u043d\u0443\u0447\u043a\u043e\u0441\u0442\u0456 \u0432\u043e\u043d\u0430 \u0432\u0438\u043a\u043e\u0440\u0438\u0441\u0442\u043e\u0432\u0443\u0454\u0442\u044c\u0441\u044f \u0432 \u0431\u0430\u0433\u0430\u0442\u044c\u043e\u0445 \u0433\u0430\u043b\u0443\u0437\u044f\u0445 \u043f\u0440\u043e\u043c\u0438\u0441\u043b\u043e\u0432\u043e\u0441\u0442\u0456.<\/p>\t\t\t\t\t\t\t\t<\/div>\n\t\t\t\t\t<\/div>\n\t\t<\/div>\n\t\t\t\t<div class=\"elementor-column elementor-col-50 elementor-top-column elementor-element elementor-element-c46dbe7 elementor-hidden-phone\" data-id=\"c46dbe7\" data-element_type=\"column\" data-e-type=\"column\">\n\t\t\t<div class=\"elementor-widget-wrap elementor-element-populated\">\n\t\t\t\t\t\t<div class=\"elementor-element elementor-element-3ffb787 elementor-widget elementor-widget-image\" data-id=\"3ffb787\" data-element_type=\"widget\" data-e-type=\"widget\" data-widget_type=\"image.default\">\n\t\t\t\t\t\t\t\t\t\t\t\t\t\t\t<img decoding=\"async\" src=\"https:\/\/www.wako-odlewnia.pl\/wp-content\/uploads\/elementor\/thumbs\/odlewanie-piaskowe-ri0u44o1ifw6teg8swew4fwh3bv5rks83mq7wluqrs.jpeg\" title=\"\u043b\u0438\u0432\u0430\u0440\u043d\u0438\u0439 \u043f\u0456\u0441\u043e\u043a\" alt=\"\u043b\u0438\u0432\u0430\u0440\u043d\u0438\u0439 \u043f\u0456\u0441\u043e\u043a\" loading=\"lazy\" \/>\t\t\t\t\t\t\t\t\t\t\t\t\t\t\t<\/div>\n\t\t\t\t<div class=\"elementor-element elementor-element-2aea97a elementor-absolute elementor-hidden-phone elementor-widget__width-initial elementor-widget elementor-widget-heading\" data-id=\"2aea97a\" data-element_type=\"widget\" data-e-type=\"widget\" data-settings=\"{&quot;_position&quot;:&quot;absolute&quot;}\" data-widget_type=\"heading.default\">\n\t\t\t\t\t<h2 class=\"elementor-heading-title elementor-size-default\">.<\/h2>\t\t\t\t<\/div>\n\t\t\t\t\t<\/div>\n\t\t<\/div>\n\t\t\t\t\t<\/div>\n\t\t<\/section>\n\t\t\t\t<section class=\"elementor-section elementor-top-section elementor-element elementor-element-a18918f elementor-section-boxed elementor-section-height-default elementor-section-height-default\" data-id=\"a18918f\" data-element_type=\"section\" data-e-type=\"section\">\n\t\t\t\t\t\t<div class=\"elementor-container elementor-column-gap-wide\">\n\t\t\t\t\t<div class=\"elementor-column elementor-col-100 elementor-top-column elementor-element elementor-element-51a0300\" data-id=\"51a0300\" data-element_type=\"column\" data-e-type=\"column\">\n\t\t\t<div class=\"elementor-widget-wrap elementor-element-populated\">\n\t\t\t\t\t\t<div class=\"elementor-element elementor-element-450a496 elementor-widget elementor-widget-heading\" data-id=\"450a496\" data-element_type=\"widget\" data-e-type=\"widget\" data-widget_type=\"heading.default\">\n\t\t\t\t\t<h2 class=\"elementor-heading-title elementor-size-xl\">\u0429\u043e \u0432\u043a\u043b\u044e\u0447\u0430\u0454 \u0432 \u0441\u0435\u0431\u0435 \u043f\u0440\u043e\u0446\u0435\u0441 \u043b\u0438\u0442\u0442\u044f \u0437 \u043f\u0456\u0441\u043a\u0443?<\/h2>\t\t\t\t<\/div>\n\t\t\t\t<div class=\"elementor-element elementor-element-fef05dd elementor-widget__width-initial elementor-widget elementor-widget-text-editor\" data-id=\"fef05dd\" data-element_type=\"widget\" data-e-type=\"widget\" data-widget_type=\"text-editor.default\">\n\t\t\t\t\t\t\t\t\t<p data-start=\"886\" data-end=\"1105\">\u041b\u0438\u0442\u0442\u044f \u0437 \u043f\u0456\u0441\u043a\u0443 - \u0446\u0435 \u043f\u0435\u0440\u0435\u0434\u043e\u0432\u0438\u0439 \u0442\u0435\u0445\u043d\u043e\u043b\u043e\u0433\u0456\u0447\u043d\u0438\u0439 \u043f\u0440\u043e\u0446\u0435\u0441, \u044f\u043a\u0438\u0439 \u043f\u043e\u0447\u0438\u043d\u0430\u0454\u0442\u044c\u0441\u044f \u0437 \u0432\u0438\u0433\u043e\u0442\u043e\u0432\u043b\u0435\u043d\u043d\u044f \u043f\u0456\u0449\u0430\u043d\u0438\u0445 \u0444\u043e\u0440\u043c, \u0447\u0430\u0441\u0442\u043e \u043e\u0441\u043d\u0430\u0449\u0435\u043d\u0438\u0445 \u043b\u0438\u0432\u0430\u0440\u043d\u0438\u043c\u0438 \u0441\u0442\u0440\u0438\u0436\u043d\u044f\u043c\u0438 \u0434\u043b\u044f \u0437\u0430\u0431\u0435\u0437\u043f\u0435\u0447\u0435\u043d\u043d\u044f \u0441\u043a\u043b\u0430\u0434\u043d\u043e\u0457 \u0432\u043d\u0443\u0442\u0440\u0456\u0448\u043d\u044c\u043e\u0457 \u0433\u0435\u043e\u043c\u0435\u0442\u0440\u0456\u0457.<\/p>\t\t\t\t\t\t\t\t<\/div>\n\t\t\t\t\t<\/div>\n\t\t<\/div>\n\t\t\t\t\t<\/div>\n\t\t<\/section>\n\t\t\t\t<section class=\"elementor-section elementor-top-section elementor-element elementor-element-1511921 elementor-section-boxed elementor-section-height-default elementor-section-height-default\" data-id=\"1511921\" data-element_type=\"section\" data-e-type=\"section\">\n\t\t\t\t\t\t<div class=\"elementor-container elementor-column-gap-wide\">\n\t\t\t\t\t<div class=\"elementor-column elementor-col-50 elementor-top-column elementor-element elementor-element-c374c06\" data-id=\"c374c06\" data-element_type=\"column\" data-e-type=\"column\">\n\t\t\t<div class=\"elementor-widget-wrap elementor-element-populated\">\n\t\t\t\t\t\t<div class=\"elementor-element elementor-element-1f0d254 elementor-widget__width-initial elementor-widget elementor-widget-text-editor\" data-id=\"1f0d254\" data-element_type=\"widget\" data-e-type=\"widget\" data-widget_type=\"text-editor.default\">\n\t\t\t\t\t\t\t\t\t<p data-start=\"1107\" data-end=\"1360\">\u041f\u043e\u0442\u0456\u043c \u0444\u043e\u0440\u043c\u0443 \u0437\u0430\u043b\u0438\u0432\u0430\u044e\u0442\u044c \u0440\u0456\u0434\u043a\u0438\u043c \u043c\u0435\u0442\u0430\u043b\u043e\u043c \u0437\u0456 \u0441\u0442\u0440\u043e\u0433\u043e \u0432\u0438\u0437\u043d\u0430\u0447\u0435\u043d\u0438\u043c\u0438 \u043f\u0430\u0440\u0430\u043c\u0435\u0442\u0440\u0430\u043c\u0438. \u041f\u0456\u0441\u043b\u044f \u0442\u043e\u0433\u043e, \u044f\u043a \u043c\u0430\u0442\u0435\u0440\u0456\u0430\u043b \u0437\u0430\u0441\u0442\u0438\u0433\u0430\u0454 \u0456 \u0444\u043e\u0440\u043c\u0430 \u0440\u0443\u0439\u043d\u0443\u0454\u0442\u044c\u0441\u044f, \u0434\u0435\u0442\u0430\u043b\u044c \u0432\u0438\u0439\u043c\u0430\u044e\u0442\u044c \u0456 \u043f\u0456\u0434\u0434\u0430\u044e\u0442\u044c \u043f\u043e\u0434\u0430\u043b\u044c\u0448\u0438\u043c \u0444\u0456\u043d\u0456\u0448\u043d\u0438\u043c \u043e\u043f\u0435\u0440\u0430\u0446\u0456\u044f\u043c, \u0449\u043e\u0431 \u0434\u043e\u0441\u044f\u0433\u0442\u0438 \u043d\u0435\u043e\u0431\u0445\u0456\u0434\u043d\u043e\u0457 \u0444\u043e\u0440\u043c\u0438, \u0442\u043e\u0447\u043d\u043e\u0441\u0442\u0456 \u0442\u0430 \u044f\u043a\u043e\u0441\u0442\u0456 \u043f\u043e\u0432\u0435\u0440\u0445\u043d\u0456.<\/p>\t\t\t\t\t\t\t\t<\/div>\n\t\t\t\t\t<\/div>\n\t\t<\/div>\n\t\t\t\t<div class=\"elementor-column elementor-col-50 elementor-top-column elementor-element elementor-element-bf524db\" data-id=\"bf524db\" data-element_type=\"column\" data-e-type=\"column\">\n\t\t\t<div class=\"elementor-widget-wrap elementor-element-populated\">\n\t\t\t\t\t\t\t<\/div>\n\t\t<\/div>\n\t\t\t\t\t<\/div>\n\t\t<\/section>\n\t\t\t\t<section class=\"elementor-section elementor-top-section elementor-element elementor-element-491a9ce elementor-section-boxed elementor-section-height-default elementor-section-height-default\" data-id=\"491a9ce\" data-element_type=\"section\" data-e-type=\"section\">\n\t\t\t\t\t\t<div class=\"elementor-container elementor-column-gap-wide\">\n\t\t\t\t\t<div class=\"elementor-column elementor-col-100 elementor-top-column elementor-element elementor-element-de2d662\" data-id=\"de2d662\" data-element_type=\"column\" data-e-type=\"column\">\n\t\t\t<div class=\"elementor-widget-wrap elementor-element-populated\">\n\t\t\t\t\t\t<div class=\"elementor-element elementor-element-f9ecdad elementor-widget elementor-widget-heading\" data-id=\"f9ecdad\" data-element_type=\"widget\" data-e-type=\"widget\" data-widget_type=\"heading.default\">\n\t\t\t\t\t<h2 class=\"elementor-heading-title elementor-size-xl\">\u041f\u0435\u0440\u0435\u0432\u0430\u0433\u0438 \u043f\u0456\u0449\u0430\u043d\u043e\u0433\u043e \u043b\u0438\u0442\u0442\u044f<\/h2>\t\t\t\t<\/div>\n\t\t\t\t\t<\/div>\n\t\t<\/div>\n\t\t\t\t\t<\/div>\n\t\t<\/section>\n\t\t\t\t<section class=\"elementor-section elementor-top-section elementor-element elementor-element-6fa1dd1 elementor-section-boxed elementor-section-height-default elementor-section-height-default\" data-id=\"6fa1dd1\" data-element_type=\"section\" data-e-type=\"section\">\n\t\t\t\t\t\t<div class=\"elementor-container elementor-column-gap-wide\">\n\t\t\t\t\t<div class=\"elementor-column elementor-col-50 elementor-top-column elementor-element elementor-element-628966e\" data-id=\"628966e\" data-element_type=\"column\" data-e-type=\"column\">\n\t\t\t<div class=\"elementor-widget-wrap elementor-element-populated\">\n\t\t\t\t\t\t<div class=\"elementor-element elementor-element-5d8f22a elementor-widget__width-initial elementor-widget elementor-widget-text-editor\" data-id=\"5d8f22a\" data-element_type=\"widget\" data-e-type=\"widget\" data-widget_type=\"text-editor.default\">\n\t\t\t\t\t\t\t\t\t<p>\u042f\u043a \u043b\u0438\u0432\u0430\u0440\u043d\u0430 \u043a\u043e\u043c\u043f\u0430\u043d\u0456\u044f \u0437 \u0431\u0430\u0433\u0430\u0442\u043e\u0440\u0456\u0447\u043d\u0438\u043c \u0434\u043e\u0441\u0432\u0456\u0434\u043e\u043c, \u043c\u0438 \u043c\u043e\u0436\u0435\u043c\u043e \u0432\u043a\u0430\u0437\u0430\u0442\u0438 \u043d\u0430 \u043a\u043e\u043d\u043a\u0440\u0435\u0442\u043d\u0456 \u043f\u0435\u0440\u0435\u0432\u0430\u0433\u0438 \u0446\u044c\u043e\u0433\u043e \u043c\u0435\u0442\u043e\u0434\u0443:<\/p>\t\t\t\t\t\t\t\t<\/div>\n\t\t\t\t<div class=\"elementor-element elementor-element-424ff0f elementor-icon-list--layout-traditional elementor-list-item-link-full_width elementor-widget elementor-widget-icon-list\" data-id=\"424ff0f\" data-element_type=\"widget\" data-e-type=\"widget\" data-widget_type=\"icon-list.default\">\n\t\t\t\t\t\t\t<ul class=\"elementor-icon-list-items\">\n\t\t\t\t\t\t\t<li class=\"elementor-icon-list-item\">\n\t\t\t\t\t\t\t\t\t\t\t<span class=\"elementor-icon-list-icon\">\n\t\t\t\t\t\t\t<svg aria-hidden=\"true\" class=\"e-font-icon-svg e-fas-square-full\" viewbox=\"0 0 512 512\" xmlns=\"http:\/\/www.w3.org\/2000\/svg\"><path d=\"M512 512H0V0h512v512z\"><\/path><\/svg>\t\t\t\t\t\t<\/span>\n\t\t\t\t\t\t\t\t\t\t<span class=\"elementor-icon-list-text\">\u043d\u0438\u0437\u044c\u043a\u0456 \u0432\u0438\u0440\u043e\u0431\u043d\u0438\u0447\u0456 \u0432\u0438\u0442\u0440\u0430\u0442\u0438 - \u043e\u0441\u043e\u0431\u043b\u0438\u0432\u043e \u0434\u043b\u044f \u0432\u0435\u043b\u0438\u043a\u043e\u043c\u0430\u0441\u0448\u0442\u0430\u0431\u043d\u0438\u0445 \u0456 \u043f\u0440\u043e\u0442\u043e\u0442\u0438\u043f\u043d\u0438\u0445 \u043a\u043e\u043c\u043f\u043e\u043d\u0435\u043d\u0442\u0456\u0432,<\/span>\n\t\t\t\t\t\t\t\t\t<\/li>\n\t\t\t\t\t\t\t\t<li class=\"elementor-icon-list-item\">\n\t\t\t\t\t\t\t\t\t\t\t<span class=\"elementor-icon-list-icon\">\n\t\t\t\t\t\t\t<svg aria-hidden=\"true\" class=\"e-font-icon-svg e-fas-square-full\" viewbox=\"0 0 512 512\" xmlns=\"http:\/\/www.w3.org\/2000\/svg\"><path d=\"M512 512H0V0h512v512z\"><\/path><\/svg>\t\t\t\t\t\t<\/span>\n\t\t\t\t\t\t\t\t\t\t<span class=\"elementor-icon-list-text\">\u0432\u0438\u0441\u043e\u043a\u0430 \u0443\u043d\u0456\u0432\u0435\u0440\u0441\u0430\u043b\u044c\u043d\u0456\u0441\u0442\u044c - \u043c\u043e\u0436\u043b\u0438\u0432\u0456\u0441\u0442\u044c \u0432\u0438\u0433\u043e\u0442\u043e\u0432\u043b\u044f\u0442\u0438 \u0434\u0435\u0442\u0430\u043b\u0456 \u0440\u0456\u0437\u043d\u043e\u0457 \u0444\u043e\u0440\u043c\u0438, \u0440\u043e\u0437\u043c\u0456\u0440\u0443 \u0442\u0430 \u0432\u0430\u0433\u0438,<\/span>\n\t\t\t\t\t\t\t\t\t<\/li>\n\t\t\t\t\t\t\t\t<li class=\"elementor-icon-list-item\">\n\t\t\t\t\t\t\t\t\t\t\t<span class=\"elementor-icon-list-icon\">\n\t\t\t\t\t\t\t<svg aria-hidden=\"true\" class=\"e-font-icon-svg e-fas-square-full\" viewbox=\"0 0 512 512\" xmlns=\"http:\/\/www.w3.org\/2000\/svg\"><path d=\"M512 512H0V0h512v512z\"><\/path><\/svg>\t\t\t\t\t\t<\/span>\n\t\t\t\t\t\t\t\t\t\t<span class=\"elementor-icon-list-text\">\u0433\u043d\u0443\u0447\u043a\u0456\u0441\u0442\u044c \u0434\u0438\u0437\u0430\u0439\u043d\u0443 - \u0432\u0456\u0434\u0441\u0443\u0442\u043d\u0456\u0441\u0442\u044c \u043e\u0431\u043c\u0435\u0436\u0435\u043d\u044c, \u0445\u0430\u0440\u0430\u043a\u0442\u0435\u0440\u043d\u0438\u0445 \u0434\u043b\u044f \u0441\u0442\u0430\u0446\u0456\u043e\u043d\u0430\u0440\u043d\u0438\u0445 \u0444\u043e\u0440\u043c,<\/span>\n\t\t\t\t\t\t\t\t\t<\/li>\n\t\t\t\t\t\t\t\t<li class=\"elementor-icon-list-item\">\n\t\t\t\t\t\t\t\t\t\t\t<span class=\"elementor-icon-list-icon\">\n\t\t\t\t\t\t\t<svg aria-hidden=\"true\" class=\"e-font-icon-svg e-fas-square-full\" viewbox=\"0 0 512 512\" xmlns=\"http:\/\/www.w3.org\/2000\/svg\"><path d=\"M512 512H0V0h512v512z\"><\/path><\/svg>\t\t\t\t\t\t<\/span>\n\t\t\t\t\t\t\t\t\t\t<span class=\"elementor-icon-list-text\">\u0448\u0432\u0438\u0434\u043a\u0435 \u0432\u043f\u0440\u043e\u0432\u0430\u0434\u0436\u0435\u043d\u043d\u044f - \u0435\u0444\u0435\u043a\u0442\u0438\u0432\u043d\u0438\u0439 \u043f\u0440\u043e\u0446\u0435\u0441 \u043f\u0456\u0434\u0433\u043e\u0442\u043e\u0432\u043a\u0438 \u043f\u0440\u0435\u0441-\u0444\u043e\u0440\u043c\u0438,<\/span>\n\t\t\t\t\t\t\t\t\t<\/li>\n\t\t\t\t\t\t\t\t<li class=\"elementor-icon-list-item\">\n\t\t\t\t\t\t\t\t\t\t\t<span class=\"elementor-icon-list-icon\">\n\t\t\t\t\t\t\t<svg aria-hidden=\"true\" class=\"e-font-icon-svg e-fas-square-full\" viewbox=\"0 0 512 512\" xmlns=\"http:\/\/www.w3.org\/2000\/svg\"><path d=\"M512 512H0V0h512v512z\"><\/path><\/svg>\t\t\t\t\t\t<\/span>\n\t\t\t\t\t\t\t\t\t\t<span class=\"elementor-icon-list-text\">\u043c\u043e\u0436\u043b\u0438\u0432\u0456\u0441\u0442\u044c \u0441\u0435\u0440\u0456\u0439\u043d\u043e\u0433\u043e \u0442\u0430 \u043e\u0434\u0438\u043d\u0438\u0447\u043d\u043e\u0433\u043e \u0432\u0438\u0440\u043e\u0431\u043d\u0438\u0446\u0442\u0432\u0430.<\/span>\n\t\t\t\t\t\t\t\t\t<\/li>\n\t\t\t\t\t\t<\/ul>\n\t\t\t\t\t\t<\/div>\n\t\t\t\t\t<\/div>\n\t\t<\/div>\n\t\t\t\t<div class=\"elementor-column elementor-col-50 elementor-top-column elementor-element elementor-element-0b0d5b2\" data-id=\"0b0d5b2\" data-element_type=\"column\" data-e-type=\"column\">\n\t\t\t<div class=\"elementor-widget-wrap elementor-element-populated\">\n\t\t\t\t\t\t<div class=\"elementor-element elementor-element-30d523c elementor-widget elementor-widget-image\" data-id=\"30d523c\" data-element_type=\"widget\" data-e-type=\"widget\" data-widget_type=\"image.default\">\n\t\t\t\t\t\t\t\t\t\t\t\t\t\t\t<img fetchpriority=\"high\" decoding=\"async\" width=\"1024\" height=\"768\" src=\"https:\/\/www.wako-odlewnia.pl\/wp-content\/uploads\/2015\/07\/rola-form-piaskowych-1024x768.jpg\" class=\"attachment-large size-large wp-image-7934\" alt=\"\" srcset=\"https:\/\/www.wako-odlewnia.pl\/wp-content\/uploads\/2015\/07\/rola-form-piaskowych-1024x768.jpg 1024w, https:\/\/www.wako-odlewnia.pl\/wp-content\/uploads\/2015\/07\/rola-form-piaskowych-300x225.jpg 300w, https:\/\/www.wako-odlewnia.pl\/wp-content\/uploads\/2015\/07\/rola-form-piaskowych-768x576.jpg 768w, https:\/\/www.wako-odlewnia.pl\/wp-content\/uploads\/2015\/07\/rola-form-piaskowych.jpg 1500w\" sizes=\"(max-width: 1024px) 100vw, 1024px\" \/>\t\t\t\t\t\t\t\t\t\t\t\t\t\t\t<\/div>\n\t\t\t\t\t<\/div>\n\t\t<\/div>\n\t\t\t\t\t<\/div>\n\t\t<\/section>\n\t\t\t\t<\/div>","protected":false},"excerpt":{"rendered":"<div class=\"tmnf_excerpt\"><p>Wako Odlewnia to do\u015bwiadczona odlewnia metali nie\u017celaznych z Pruszkowa, specjalizuj\u0105ca si\u0119 w produkcji precyzyjnych komponent\u00f3w dla przemys\u0142u. Jedn\u0105 z podstawowych technologii, z kt\u00f3rych korzystamy, jest odlewanie piaskowe \u2013 jedna z najbardziej uniwersalnych i ekonomicznych metod wytwarzania odlew\u00f3w metalowych. Technologia ta pozwala na produkcj\u0119 element\u00f3w o zr\u00f3\u017cnicowanych kszta\u0142tach, gabarytach i masie, przy zachowaniu wysokiej dok\u0142adno\u015bci oraz &hellip;<\/p>\n<\/div>","protected":false},"author":1,"featured_media":0,"parent":513,"menu_order":0,"comment_status":"closed","ping_status":"closed","template":"template-fullwidth-alt.php","meta":{"om_disable_all_campaigns":false,"_monsterinsights_skip_tracking":false,"_monsterinsights_sitenote_active":false,"_monsterinsights_sitenote_note":"","_monsterinsights_sitenote_category":0,"footnotes":""},"class_list":["post-529","page","type-page","status-publish","hentry"],"aioseo_notices":[],"_links":{"self":[{"href":"https:\/\/www.wako-odlewnia.pl\/uk\/wp-json\/wp\/v2\/pages\/529","targetHints":{"allow":["GET"]}}],"collection":[{"href":"https:\/\/www.wako-odlewnia.pl\/uk\/wp-json\/wp\/v2\/pages"}],"about":[{"href":"https:\/\/www.wako-odlewnia.pl\/uk\/wp-json\/wp\/v2\/types\/page"}],"author":[{"embeddable":true,"href":"https:\/\/www.wako-odlewnia.pl\/uk\/wp-json\/wp\/v2\/users\/1"}],"replies":[{"embeddable":true,"href":"https:\/\/www.wako-odlewnia.pl\/uk\/wp-json\/wp\/v2\/comments?post=529"}],"version-history":[{"count":20,"href":"https:\/\/www.wako-odlewnia.pl\/uk\/wp-json\/wp\/v2\/pages\/529\/revisions"}],"predecessor-version":[{"id":8526,"href":"https:\/\/www.wako-odlewnia.pl\/uk\/wp-json\/wp\/v2\/pages\/529\/revisions\/8526"}],"up":[{"embeddable":true,"href":"https:\/\/www.wako-odlewnia.pl\/uk\/wp-json\/wp\/v2\/pages\/513"}],"wp:attachment":[{"href":"https:\/\/www.wako-odlewnia.pl\/uk\/wp-json\/wp\/v2\/media?parent=529"}],"curies":[{"name":"wp","href":"https:\/\/api.w.org\/{rel}","templated":true}]}}