{"id":513,"date":"2014-03-28T19:24:40","date_gmt":"2014-03-28T19:24:40","guid":{"rendered":"http:\/\/vergo.me\/demo\/photolic\/?page_id=513"},"modified":"2026-02-16T20:23:18","modified_gmt":"2026-02-16T19:23:18","slug":"%d0%bf%d1%80%d0%b5%d0%b4%d0%bb%d0%be%d0%b6%d0%b5%d0%bd%d0%b8%d0%b5","status":"publish","type":"page","link":"https:\/\/www.wako-odlewnia.pl\/ru\/oferta\/","title":{"rendered":"\u041f\u0440\u0435\u0434\u043b\u043e\u0436\u0435\u043d\u0438\u0435"},"content":{"rendered":"<div data-elementor-type=\"wp-page\" data-elementor-id=\"513\" class=\"elementor elementor-513\" data-elementor-post-type=\"page\">\n\t\t\t\t\t\t<section class=\"elementor-section elementor-top-section elementor-element elementor-element-c6a833b elementor-section-boxed elementor-section-height-default elementor-section-height-default\" data-id=\"c6a833b\" data-element_type=\"section\" data-e-type=\"section\" data-settings=\"{&quot;background_background&quot;:&quot;classic&quot;}\">\n\t\t\t\t\t\t\t<div class=\"elementor-background-overlay\"><\/div>\n\t\t\t\t\t\t\t<div class=\"elementor-container elementor-column-gap-wide\">\n\t\t\t\t\t<div class=\"elementor-column elementor-col-50 elementor-top-column elementor-element elementor-element-2988f92\" data-id=\"2988f92\" data-element_type=\"column\" data-e-type=\"column\">\n\t\t\t<div class=\"elementor-widget-wrap elementor-element-populated\">\n\t\t\t\t\t\t<div class=\"elementor-element elementor-element-5756ec6 elementor-widget elementor-widget-heading\" data-id=\"5756ec6\" data-element_type=\"widget\" data-e-type=\"widget\" data-widget_type=\"heading.default\">\n\t\t\t\t\t<h2 class=\"elementor-heading-title elementor-size-xxl\">\u041f\u0440\u0435\u0434\u043b\u043e\u0436\u0435\u043d\u0438\u0435<\/h2>\t\t\t\t<\/div>\n\t\t\t\t\t<\/div>\n\t\t<\/div>\n\t\t\t\t<div class=\"elementor-column elementor-col-50 elementor-top-column elementor-element elementor-element-804c678 elementor-hidden-tablet elementor-hidden-phone\" data-id=\"804c678\" data-element_type=\"column\" data-e-type=\"column\">\n\t\t\t<div class=\"elementor-widget-wrap\">\n\t\t\t\t\t\t\t<\/div>\n\t\t<\/div>\n\t\t\t\t\t<\/div>\n\t\t<\/section>\n\t\t\t\t<section class=\"elementor-section elementor-top-section elementor-element elementor-element-8cc0082 elementor-section-boxed elementor-section-height-default elementor-section-height-default\" data-id=\"8cc0082\" data-element_type=\"section\" data-e-type=\"section\">\n\t\t\t\t\t\t<div class=\"elementor-container elementor-column-gap-wide\">\n\t\t\t\t\t<div class=\"elementor-column elementor-col-25 elementor-top-column elementor-element elementor-element-a90181f\" data-id=\"a90181f\" data-element_type=\"column\" data-e-type=\"column\">\n\t\t\t<div class=\"elementor-widget-wrap elementor-element-populated\">\n\t\t\t\t\t\t<div class=\"elementor-element elementor-element-4733cec elementor-widget elementor-widget-text-editor\" data-id=\"4733cec\" data-element_type=\"widget\" data-e-type=\"widget\" data-widget_type=\"text-editor.default\">\n\t\t\t\t\t\t\t\t\t<p data-start=\"20\" data-end=\"334\">\u041b\u0438\u0442\u0435\u0439\u043d\u044b\u0439 \u0437\u0430\u0432\u043e\u0434 WAKO \u043f\u0440\u0435\u0434\u043e\u0441\u0442\u0430\u0432\u043b\u044f\u0435\u0442 \u043a\u043e\u043c\u043f\u043b\u0435\u043a\u0441\u043d\u044b\u0435 \u0443\u0441\u043b\u0443\u0433\u0438 \u043f\u043e \u043f\u0440\u043e\u0438\u0437\u0432\u043e\u0434\u0441\u0442\u0432\u0443 \u043b\u0438\u0442\u044c\u044f, \u0441\u043e\u0447\u0435\u0442\u0430\u044f \u0442\u043e\u0447\u043d\u043e\u0441\u0442\u044c \u0438\u0437\u0433\u043e\u0442\u043e\u0432\u043b\u0435\u043d\u0438\u044f \u0441 \u0441\u043e\u0432\u0440\u0435\u043c\u0435\u043d\u043d\u044b\u043c \u0442\u0435\u0445\u043d\u043e\u043b\u043e\u0433\u0438\u0447\u0435\u0441\u043a\u0438\u043c \u043e\u0431\u043e\u0440\u0443\u0434\u043e\u0432\u0430\u043d\u0438\u0435\u043c. \u041c\u044b \u043e\u0431\u0441\u043b\u0443\u0436\u0438\u0432\u0430\u0435\u043c \u043a\u0430\u043a \u043f\u0440\u043e\u043c\u044b\u0448\u043b\u0435\u043d\u043d\u044b\u0445 \u043a\u043b\u0438\u0435\u043d\u0442\u043e\u0432, \u0442\u0430\u043a \u0438 \u043d\u0435\u0431\u043e\u043b\u044c\u0448\u0438\u0435 \u043a\u043e\u043c\u043f\u0430\u043d\u0438\u0438, \u043e\u0431\u0435\u0441\u043f\u0435\u0447\u0438\u0432\u0430\u044f \u0433\u0438\u0431\u043a\u0438\u0439 \u043f\u043e\u0434\u0445\u043e\u0434 \u043a \u043a\u0430\u0436\u0434\u043e\u043c\u0443 \u043f\u0440\u043e\u0435\u043a\u0442\u0443 - \u043e\u0442 \u0435\u0434\u0438\u043d\u0438\u0447\u043d\u044b\u0445 \u0440\u0435\u0430\u043b\u0438\u0437\u0430\u0446\u0438\u0439 \u0434\u043e \u0441\u0435\u0440\u0438\u0439\u043d\u043e\u0433\u043e \u043f\u0440\u043e\u0438\u0437\u0432\u043e\u0434\u0441\u0442\u0432\u0430.<\/p>\t\t\t\t\t\t\t\t<\/div>\n\t\t\t\t\t<\/div>\n\t\t<\/div>\n\t\t\t\t<div class=\"elementor-column elementor-col-25 elementor-top-column elementor-element elementor-element-6c35ba5 elementor-hidden-tablet elementor-hidden-phone\" data-id=\"6c35ba5\" data-element_type=\"column\" data-e-type=\"column\">\n\t\t\t<div class=\"elementor-widget-wrap elementor-element-populated\">\n\t\t\t\t\t\t<div class=\"elementor-element elementor-element-de07cdf elementor-hidden-phone elementor-widget elementor-widget-image\" data-id=\"de07cdf\" data-element_type=\"widget\" data-e-type=\"widget\" data-widget_type=\"image.default\">\n\t\t\t\t\t\t\t\t\t\t\t\t\t\t\t<img fetchpriority=\"high\" decoding=\"async\" width=\"1024\" height=\"681\" src=\"https:\/\/www.wako-odlewnia.pl\/wp-content\/uploads\/2026\/02\/DSC_0259-1024x681.jpg\" class=\"attachment-large size-large wp-image-8622\" alt=\"\" srcset=\"https:\/\/www.wako-odlewnia.pl\/wp-content\/uploads\/2026\/02\/DSC_0259-1024x681.jpg 1024w, https:\/\/www.wako-odlewnia.pl\/wp-content\/uploads\/2026\/02\/DSC_0259-300x199.jpg 300w, https:\/\/www.wako-odlewnia.pl\/wp-content\/uploads\/2026\/02\/DSC_0259-768x511.jpg 768w, https:\/\/www.wako-odlewnia.pl\/wp-content\/uploads\/2026\/02\/DSC_0259-1536x1021.jpg 1536w, https:\/\/www.wako-odlewnia.pl\/wp-content\/uploads\/2026\/02\/DSC_0259-2048x1362.jpg 2048w, https:\/\/www.wako-odlewnia.pl\/wp-content\/uploads\/2026\/02\/DSC_0259-18x12.jpg 18w\" sizes=\"(max-width: 1024px) 100vw, 1024px\" \/>\t\t\t\t\t\t\t\t\t\t\t\t\t\t\t<\/div>\n\t\t\t\t\t<\/div>\n\t\t<\/div>\n\t\t\t\t<div class=\"elementor-column elementor-col-25 elementor-top-column elementor-element elementor-element-7d52757\" data-id=\"7d52757\" data-element_type=\"column\" data-e-type=\"column\">\n\t\t\t<div class=\"elementor-widget-wrap elementor-element-populated\">\n\t\t\t\t\t\t<div class=\"elementor-element elementor-element-aa2ccd5 elementor-absolute elementor-widget__width-initial elementor-hidden-tablet elementor-hidden-phone elementor-widget elementor-widget-heading\" data-id=\"aa2ccd5\" data-element_type=\"widget\" data-e-type=\"widget\" data-settings=\"{&quot;_position&quot;:&quot;absolute&quot;}\" data-widget_type=\"heading.default\">\n\t\t\t\t\t<h2 class=\"elementor-heading-title elementor-size-default\">.<\/h2>\t\t\t\t<\/div>\n\t\t\t\t<div class=\"elementor-element elementor-element-6d5ced9 elementor-absolute elementor-hidden-phone elementor-widget__width-initial elementor-hidden-tablet elementor-widget elementor-widget-heading\" data-id=\"6d5ced9\" data-element_type=\"widget\" data-e-type=\"widget\" data-settings=\"{&quot;_position&quot;:&quot;absolute&quot;}\" data-widget_type=\"heading.default\">\n\t\t\t\t\t<h2 class=\"elementor-heading-title elementor-size-default\">.<\/h2>\t\t\t\t<\/div>\n\t\t\t\t<div class=\"elementor-element elementor-element-72a956e elementor-widget elementor-widget-image\" data-id=\"72a956e\" data-element_type=\"widget\" data-e-type=\"widget\" data-widget_type=\"image.default\">\n\t\t\t\t\t\t\t\t\t\t\t\t\t\t\t<img decoding=\"async\" src=\"https:\/\/www.wako-odlewnia.pl\/wp-content\/uploads\/elementor\/thumbs\/oferta-odlewia-wako-rj90alc1p4t2orm0r26pisdgokg530fxu2xx45hgw0.png\" title=\"\u043f\u0440\u0435\u0434\u043b\u043e\u0436\u0435\u043d\u0438\u0435-\u043a\u0430\u0441\u0442\u0438\u043d\u0433-\u0432\u0430\u043a\u043e\" alt=\"\u043f\u0440\u0435\u0434\u043b\u043e\u0436\u0435\u043d\u0438\u0435-\u043a\u0430\u0441\u0442\u0438\u043d\u0433-\u0432\u0430\u043a\u043e\" loading=\"lazy\" \/>\t\t\t\t\t\t\t\t\t\t\t\t\t\t\t<\/div>\n\t\t\t\t\t<\/div>\n\t\t<\/div>\n\t\t\t\t<div class=\"elementor-column elementor-col-25 elementor-top-column elementor-element elementor-element-d95965c elementor-hidden-tablet elementor-hidden-phone\" data-id=\"d95965c\" data-element_type=\"column\" data-e-type=\"column\">\n\t\t\t<div class=\"elementor-widget-wrap\">\n\t\t\t\t\t\t\t<\/div>\n\t\t<\/div>\n\t\t\t\t\t<\/div>\n\t\t<\/section>\n\t\t\t\t<section class=\"elementor-section elementor-top-section elementor-element elementor-element-9853637 elementor-section-boxed elementor-section-height-default elementor-section-height-default\" data-id=\"9853637\" data-element_type=\"section\" data-e-type=\"section\" data-settings=\"{&quot;background_background&quot;:&quot;classic&quot;}\">\n\t\t\t\t\t\t<div class=\"elementor-container elementor-column-gap-no\">\n\t\t\t\t\t<div class=\"elementor-column elementor-col-100 elementor-top-column elementor-element elementor-element-7ef1904\" data-id=\"7ef1904\" data-element_type=\"column\" data-e-type=\"column\">\n\t\t\t<div class=\"elementor-widget-wrap elementor-element-populated\">\n\t\t\t\t\t\t<section class=\"elementor-section elementor-inner-section elementor-element elementor-element-92ddf9f elementor-section-content-bottom elementor-section-boxed elementor-section-height-default elementor-section-height-default\" data-id=\"92ddf9f\" data-element_type=\"section\" data-e-type=\"section\">\n\t\t\t\t\t\t<div class=\"elementor-container elementor-column-gap-extended\">\n\t\t\t\t\t<div class=\"elementor-column elementor-col-25 elementor-inner-column elementor-element elementor-element-63bbc95\" data-id=\"63bbc95\" data-element_type=\"column\" data-e-type=\"column\">\n\t\t\t<div class=\"elementor-widget-wrap elementor-element-populated\">\n\t\t\t\t\t\t<div class=\"elementor-element elementor-element-c834033 elementor-position-top elementor-widget elementor-widget-image-box\" data-id=\"c834033\" data-element_type=\"widget\" data-e-type=\"widget\" data-widget_type=\"image-box.default\">\n\t\t\t\t\t<div class=\"elementor-image-box-wrapper\"><figure class=\"elementor-image-box-img\"><img decoding=\"async\" width=\"1406\" height=\"1536\" src=\"https:\/\/www.wako-odlewnia.pl\/wp-content\/uploads\/2026\/02\/oferta-odlewy.png\" class=\"attachment-full size-full wp-image-8632\" alt=\"\" srcset=\"https:\/\/www.wako-odlewnia.pl\/wp-content\/uploads\/2026\/02\/oferta-odlewy.png 1406w, https:\/\/www.wako-odlewnia.pl\/wp-content\/uploads\/2026\/02\/oferta-odlewy-275x300.png 275w, https:\/\/www.wako-odlewnia.pl\/wp-content\/uploads\/2026\/02\/oferta-odlewy-937x1024.png 937w, https:\/\/www.wako-odlewnia.pl\/wp-content\/uploads\/2026\/02\/oferta-odlewy-768x839.png 768w, https:\/\/www.wako-odlewnia.pl\/wp-content\/uploads\/2026\/02\/oferta-odlewy-11x12.png 11w\" sizes=\"(max-width: 1406px) 100vw, 1406px\" \/><\/figure><div class=\"elementor-image-box-content\"><h3 class=\"elementor-image-box-title\">\u041a\u0410\u0421\u0422\u0418\u041d\u0413\u0418<\/h3><\/div><\/div>\t\t\t\t<\/div>\n\t\t\t\t<div class=\"elementor-element elementor-element-3a1ee81 elementor-widget elementor-widget-heading\" data-id=\"3a1ee81\" data-element_type=\"widget\" data-e-type=\"widget\" data-widget_type=\"heading.default\">\n\t\t\t\t\t<h4 class=\"elementor-heading-title elementor-size-default\"><a href=\"https:\/\/www.wako-odlewnia.pl\/ru\/%d0%bf%d1%80%d0%b5%d0%b4%d0%bb%d0%be%d0%b6%d0%b5%d0%bd%d0%b8%d0%b5\/%d0%b0%d0%bb%d1%8e%d0%bc%d0%b8%d0%bd%d0%b8%d0%b5%d0%b2%d1%8b%d0%b5-%d0%be%d1%82%d0%bb%d0%b8%d0%b2%d0%ba%d0%b8\/\">\u0410\u043b\u044e\u043c\u0438\u043d\u0438\u0435\u0432\u044b\u0435 \u043e\u0442\u043b\u0438\u0432\u043a\u0438<\/a><\/h4>\t\t\t\t<\/div>\n\t\t\t\t<div class=\"elementor-element elementor-element-fd27f76 elementor-widget elementor-widget-heading\" data-id=\"fd27f76\" data-element_type=\"widget\" data-e-type=\"widget\" data-widget_type=\"heading.default\">\n\t\t\t\t\t<h4 class=\"elementor-heading-title elementor-size-default\"><a href=\"https:\/\/www.wako-odlewnia.pl\/ru\/%d0%bf%d1%80%d0%b5%d0%b4%d0%bb%d0%be%d0%b6%d0%b5%d0%bd%d0%b8%d0%b5\/%d0%bb%d0%b0%d1%82%d1%83%d0%bd%d0%bd%d0%be%d0%b5-%d0%bb%d0%b8%d1%82%d1%8c%d1%91\/\">\u041b\u0430\u0442\u0443\u043d\u043d\u044b\u0435 \u043e\u0442\u043b\u0438\u0432\u043a\u0438<\/a><\/h4>\t\t\t\t<\/div>\n\t\t\t\t\t<\/div>\n\t\t<\/div>\n\t\t\t\t<div class=\"elementor-column elementor-col-25 elementor-inner-column elementor-element elementor-element-80a470c\" data-id=\"80a470c\" data-element_type=\"column\" data-e-type=\"column\">\n\t\t\t<div class=\"elementor-widget-wrap elementor-element-populated\">\n\t\t\t\t\t\t<div class=\"elementor-element elementor-element-57ed13e elementor-position-top elementor-widget elementor-widget-image-box\" data-id=\"57ed13e\" data-element_type=\"widget\" data-e-type=\"widget\" data-widget_type=\"image-box.default\">\n\t\t\t\t\t<div class=\"elementor-image-box-wrapper\"><figure class=\"elementor-image-box-img\"><img decoding=\"async\" width=\"1482\" height=\"1158\" src=\"https:\/\/www.wako-odlewnia.pl\/wp-content\/uploads\/2026\/02\/oferta-odlewanie.png\" class=\"attachment-full size-full wp-image-8631\" alt=\"\" srcset=\"https:\/\/www.wako-odlewnia.pl\/wp-content\/uploads\/2026\/02\/oferta-odlewanie.png 1482w, https:\/\/www.wako-odlewnia.pl\/wp-content\/uploads\/2026\/02\/oferta-odlewanie-300x234.png 300w, https:\/\/www.wako-odlewnia.pl\/wp-content\/uploads\/2026\/02\/oferta-odlewanie-1024x800.png 1024w, https:\/\/www.wako-odlewnia.pl\/wp-content\/uploads\/2026\/02\/oferta-odlewanie-768x600.png 768w, https:\/\/www.wako-odlewnia.pl\/wp-content\/uploads\/2026\/02\/oferta-odlewanie-15x12.png 15w\" sizes=\"(max-width: 1482px) 100vw, 1482px\" \/><\/figure><div class=\"elementor-image-box-content\"><h3 class=\"elementor-image-box-title\">\u0442\u0435\u0445\u043d\u043e\u043b\u043e\u0433\u0438\u0438 \u043b\u0438\u0442\u044c\u044f<\/h3><\/div><\/div>\t\t\t\t<\/div>\n\t\t\t\t<div class=\"elementor-element elementor-element-7ba507b elementor-widget elementor-widget-heading\" data-id=\"7ba507b\" data-element_type=\"widget\" data-e-type=\"widget\" data-widget_type=\"heading.default\">\n\t\t\t\t\t<h4 class=\"elementor-heading-title elementor-size-default\"><a href=\"https:\/\/www.wako-odlewnia.pl\/ru\/%d0%bf%d1%80%d0%b5%d0%b4%d0%bb%d0%be%d0%b6%d0%b5%d0%bd%d0%b8%d0%b5\/%d0%bb%d0%b8%d1%82%d1%8c%d1%91-%d0%bf%d0%be%d0%b4-%d0%b4%d0%b0%d0%b2%d0%bb%d0%b5%d0%bd%d0%b8%d0%b5%d0%bc\/\">\u041b\u0438\u0442\u044c\u0435 \u043f\u043e\u0434 \u0434\u0430\u0432\u043b\u0435\u043d\u0438\u0435\u043c<\/a><\/h4>\t\t\t\t<\/div>\n\t\t\t\t<div class=\"elementor-element elementor-element-d150f82 elementor-widget elementor-widget-heading\" data-id=\"d150f82\" data-element_type=\"widget\" data-e-type=\"widget\" data-widget_type=\"heading.default\">\n\t\t\t\t\t<h4 class=\"elementor-heading-title elementor-size-default\"><a href=\"https:\/\/www.wako-odlewnia.pl\/ru\/%d0%bf%d1%80%d0%b5%d0%b4%d0%bb%d0%be%d0%b6%d0%b5%d0%bd%d0%b8%d0%b5\/%d0%bf%d0%b5%d1%81%d1%87%d0%b0%d0%bd%d0%be%d0%b5-%d0%bb%d0%b8%d1%82%d1%8c%d1%91\/\">\u041b\u0438\u0442\u044c\u0435 \u0432 \u043f\u0435\u0441\u043e\u043a<\/a><\/h4>\t\t\t\t<\/div>\n\t\t\t\t\t<\/div>\n\t\t<\/div>\n\t\t\t\t<div class=\"elementor-column elementor-col-25 elementor-inner-column elementor-element elementor-element-4fdd932\" data-id=\"4fdd932\" data-element_type=\"column\" data-e-type=\"column\">\n\t\t\t<div class=\"elementor-widget-wrap elementor-element-populated\">\n\t\t\t\t\t\t<div class=\"elementor-element elementor-element-eeca445 elementor-position-top elementor-widget elementor-widget-image-box\" data-id=\"eeca445\" data-element_type=\"widget\" data-e-type=\"widget\" data-widget_type=\"image-box.default\">\n\t\t\t\t\t<div class=\"elementor-image-box-wrapper\"><figure class=\"elementor-image-box-img\"><img loading=\"lazy\" decoding=\"async\" width=\"1536\" height=\"1088\" src=\"https:\/\/www.wako-odlewnia.pl\/wp-content\/uploads\/2026\/02\/oferta-obrobka.png\" class=\"attachment-full size-full wp-image-8630\" alt=\"\" srcset=\"https:\/\/www.wako-odlewnia.pl\/wp-content\/uploads\/2026\/02\/oferta-obrobka.png 1536w, https:\/\/www.wako-odlewnia.pl\/wp-content\/uploads\/2026\/02\/oferta-obrobka-300x213.png 300w, https:\/\/www.wako-odlewnia.pl\/wp-content\/uploads\/2026\/02\/oferta-obrobka-1024x725.png 1024w, https:\/\/www.wako-odlewnia.pl\/wp-content\/uploads\/2026\/02\/oferta-obrobka-768x544.png 768w, https:\/\/www.wako-odlewnia.pl\/wp-content\/uploads\/2026\/02\/oferta-obrobka-18x12.png 18w\" sizes=\"(max-width: 1536px) 100vw, 1536px\" \/><\/figure><div class=\"elementor-image-box-content\"><h3 class=\"elementor-image-box-title\"> \u041e\u0431\u0440\u0430\u0431\u043e\u0442\u043a\u0430 \u0438 \u043e\u0442\u0434\u0435\u043b\u043a\u0430<\/h3><\/div><\/div>\t\t\t\t<\/div>\n\t\t\t\t<div class=\"elementor-element elementor-element-ae80871 elementor-widget elementor-widget-heading\" data-id=\"ae80871\" data-element_type=\"widget\" data-e-type=\"widget\" data-widget_type=\"heading.default\">\n\t\t\t\t\t<h4 class=\"elementor-heading-title elementor-size-default\"><a href=\"https:\/\/www.wako-odlewnia.pl\/ru\/%d0%bf%d1%80%d0%b5%d0%b4%d0%bb%d0%be%d0%b6%d0%b5%d0%bd%d0%b8%d0%b5\/%d1%81%d0%b2%d0%b0%d1%80%d0%ba%d0%b0-%d0%b0%d0%bb%d1%8e%d0%bc%d0%b8%d0%bd%d0%b8%d1%8f-3\/\">\u0421\u0432\u0430\u0440\u043a\u0430 \u0430\u043b\u044e\u043c\u0438\u043d\u0438\u044f<\/a><\/h4>\t\t\t\t<\/div>\n\t\t\t\t<div class=\"elementor-element elementor-element-a7f3a03 elementor-widget elementor-widget-heading\" data-id=\"a7f3a03\" data-element_type=\"widget\" data-e-type=\"widget\" data-widget_type=\"heading.default\">\n\t\t\t\t\t<h4 class=\"elementor-heading-title elementor-size-default\"><a href=\"https:\/\/www.wako-odlewnia.pl\/ru\/%d0%bf%d1%80%d0%b5%d0%b4%d0%bb%d0%be%d0%b6%d0%b5%d0%bd%d0%b8%d0%b5\/%d0%bf%d0%be%d1%80%d0%be%d1%88%d0%ba%d0%be%d0%b2%d0%be%d0%b5-%d0%bf%d0%be%d0%ba%d1%80%d1%8b%d1%82%d0%b8%d0%b5\/\">\u041f\u043e\u0440\u043e\u0448\u043a\u043e\u0432\u043e\u0435 \u043f\u043e\u043a\u0440\u044b\u0442\u0438\u0435<\/a><\/h4>\t\t\t\t<\/div>\n\t\t\t\t\t<\/div>\n\t\t<\/div>\n\t\t\t\t<div class=\"elementor-column elementor-col-25 elementor-inner-column elementor-element elementor-element-fb66a90\" data-id=\"fb66a90\" data-element_type=\"column\" data-e-type=\"column\">\n\t\t\t<div class=\"elementor-widget-wrap elementor-element-populated\">\n\t\t\t\t\t\t<div class=\"elementor-element elementor-element-793bfbd elementor-position-top elementor-widget elementor-widget-image-box\" data-id=\"793bfbd\" data-element_type=\"widget\" data-e-type=\"widget\" data-widget_type=\"image-box.default\">\n\t\t\t\t\t<div class=\"elementor-image-box-wrapper\"><figure class=\"elementor-image-box-img\"><img loading=\"lazy\" decoding=\"async\" width=\"1536\" height=\"1490\" src=\"https:\/\/www.wako-odlewnia.pl\/wp-content\/uploads\/2026\/02\/oferta-modelowanie.png\" class=\"attachment-full size-full wp-image-8629\" alt=\"\" srcset=\"https:\/\/www.wako-odlewnia.pl\/wp-content\/uploads\/2026\/02\/oferta-modelowanie.png 1536w, https:\/\/www.wako-odlewnia.pl\/wp-content\/uploads\/2026\/02\/oferta-modelowanie-300x291.png 300w, https:\/\/www.wako-odlewnia.pl\/wp-content\/uploads\/2026\/02\/oferta-modelowanie-1024x993.png 1024w, https:\/\/www.wako-odlewnia.pl\/wp-content\/uploads\/2026\/02\/oferta-modelowanie-768x745.png 768w, https:\/\/www.wako-odlewnia.pl\/wp-content\/uploads\/2026\/02\/oferta-modelowanie-12x12.png 12w\" sizes=\"(max-width: 1536px) 100vw, 1536px\" \/><\/figure><div class=\"elementor-image-box-content\"><h3 class=\"elementor-image-box-title\"> \u0418\u043d\u0436\u0435\u043d\u0435\u0440\u043d\u044b\u0435 \u0443\u0441\u043b\u0443\u0433\u0438<\/h3><\/div><\/div>\t\t\t\t<\/div>\n\t\t\t\t<div class=\"elementor-element elementor-element-3dfa794 elementor-widget elementor-widget-heading\" data-id=\"3dfa794\" data-element_type=\"widget\" data-e-type=\"widget\" data-widget_type=\"heading.default\">\n\t\t\t\t\t<h4 class=\"elementor-heading-title elementor-size-default\"><a href=\"https:\/\/www.wako-odlewnia.pl\/ru\/%d0%bf%d1%80%d0%b5%d0%b4%d0%bb%d0%be%d0%b6%d0%b5%d0%bd%d0%b8%d0%b5\/%d0%bc%d0%be%d0%b4%d0%b5%d0%bb%d0%b8%d1%80%d0%be%d0%b2%d0%b0%d0%bd%d0%b8%d0%b5\/\">\u041c\u043e\u0434\u0435\u043b\u0438\u0440\u043e\u0432\u0430\u043d\u0438\u0435<\/a><\/h4>\t\t\t\t<\/div>\n\t\t\t\t\t<\/div>\n\t\t<\/div>\n\t\t\t\t\t<\/div>\n\t\t<\/section>\n\t\t\t\t\t<\/div>\n\t\t<\/div>\n\t\t\t\t\t<\/div>\n\t\t<\/section>\n\t\t\t\t<section class=\"elementor-section elementor-top-section elementor-element elementor-element-6a0e655 elementor-section-boxed elementor-section-height-default elementor-section-height-default\" data-id=\"6a0e655\" data-element_type=\"section\" data-e-type=\"section\">\n\t\t\t\t\t\t<div class=\"elementor-container elementor-column-gap-default\">\n\t\t\t\t\t<div class=\"elementor-column elementor-col-100 elementor-top-column elementor-element elementor-element-b4bd674\" data-id=\"b4bd674\" data-element_type=\"column\" data-e-type=\"column\">\n\t\t\t<div class=\"elementor-widget-wrap elementor-element-populated\">\n\t\t\t\t\t\t<section class=\"elementor-section elementor-inner-section elementor-element elementor-element-d37b8d1 elementor-section-boxed elementor-section-height-default elementor-section-height-default\" data-id=\"d37b8d1\" data-element_type=\"section\" data-e-type=\"section\">\n\t\t\t\t\t\t<div class=\"elementor-container elementor-column-gap-wider\">\n\t\t\t\t\t<div class=\"elementor-column elementor-col-100 elementor-inner-column elementor-element elementor-element-baf8ecf\" data-id=\"baf8ecf\" data-element_type=\"column\" data-e-type=\"column\">\n\t\t\t<div class=\"elementor-widget-wrap\">\n\t\t\t\t\t\t\t<\/div>\n\t\t<\/div>\n\t\t\t\t\t<\/div>\n\t\t<\/section>\n\t\t\t\t\t<\/div>\n\t\t<\/div>\n\t\t\t\t\t<\/div>\n\t\t<\/section>\n\t\t\t\t<\/div>","protected":false},"excerpt":{"rendered":"<div class=\"tmnf_excerpt\"><p>Oferta W odlewni WAKO realizujemy kompleksowe us\u0142ugi w zakresie produkcji odlew\u00f3w, \u0142\u0105cz\u0105c precyzj\u0119 wykonania z nowoczesnym zapleczem technologicznym. Obs\u0142ugujemy zar\u00f3wno klient\u00f3w przemys\u0142owych, jak i mniejsze firmy, zapewniaj\u0105c elastyczne podej\u015bcie do ka\u017cdego projektu \u2013 od pojedynczych realizacji po serie produkcyjne. . . ODLEWY Odlewy aluminiowe Odlewy mosi\u0119\u017cne TECHNOLOGIE ODLEwNICZE Odlewanie kokilowe Odlewanie piaskowe OBR\u00d3Bka i wyko\u0144czenie &hellip;<\/p>\n<\/div>","protected":false},"author":1,"featured_media":0,"parent":0,"menu_order":0,"comment_status":"closed","ping_status":"closed","template":"elementor_header_footer","meta":{"om_disable_all_campaigns":false,"_monsterinsights_skip_tracking":false,"_monsterinsights_sitenote_active":false,"_monsterinsights_sitenote_note":"","_monsterinsights_sitenote_category":0,"footnotes":""},"class_list":["post-513","page","type-page","status-publish","hentry"],"aioseo_notices":[],"_links":{"self":[{"href":"https:\/\/www.wako-odlewnia.pl\/ru\/wp-json\/wp\/v2\/pages\/513","targetHints":{"allow":["GET"]}}],"collection":[{"href":"https:\/\/www.wako-odlewnia.pl\/ru\/wp-json\/wp\/v2\/pages"}],"about":[{"href":"https:\/\/www.wako-odlewnia.pl\/ru\/wp-json\/wp\/v2\/types\/page"}],"author":[{"embeddable":true,"href":"https:\/\/www.wako-odlewnia.pl\/ru\/wp-json\/wp\/v2\/users\/1"}],"replies":[{"embeddable":true,"href":"https:\/\/www.wako-odlewnia.pl\/ru\/wp-json\/wp\/v2\/comments?post=513"}],"version-history":[{"count":35,"href":"https:\/\/www.wako-odlewnia.pl\/ru\/wp-json\/wp\/v2\/pages\/513\/revisions"}],"predecessor-version":[{"id":8653,"href":"https:\/\/www.wako-odlewnia.pl\/ru\/wp-json\/wp\/v2\/pages\/513\/revisions\/8653"}],"wp:attachment":[{"href":"https:\/\/www.wako-odlewnia.pl\/ru\/wp-json\/wp\/v2\/media?parent=513"}],"curies":[{"name":"wp","href":"https:\/\/api.w.org\/{rel}","templated":true}]}}