{"id":7767,"date":"2015-07-17T13:04:18","date_gmt":"2015-07-17T11:04:18","guid":{"rendered":"https:\/\/www.wako-odlewnia.pl\/?page_id=7767"},"modified":"2026-02-16T14:24:51","modified_gmt":"2026-02-16T13:24:51","slug":"soudage-de-laluminium-3","status":"publish","type":"page","link":"https:\/\/www.wako-odlewnia.pl\/fr\/oferta\/spawanie-aluminium-3\/","title":{"rendered":"Soudage de l'aluminium"},"content":{"rendered":"<div data-elementor-type=\"wp-page\" data-elementor-id=\"7767\" class=\"elementor elementor-7767\" data-elementor-post-type=\"page\">\n\t\t\t\t\t\t<section class=\"elementor-section elementor-top-section elementor-element elementor-element-f317036 elementor-section-boxed elementor-section-height-default elementor-section-height-default\" data-id=\"f317036\" data-element_type=\"section\" data-e-type=\"section\">\n\t\t\t\t\t\t<div class=\"elementor-container elementor-column-gap-wide\">\n\t\t\t\t\t<div class=\"elementor-column elementor-col-50 elementor-top-column elementor-element elementor-element-4387fc8\" data-id=\"4387fc8\" data-element_type=\"column\" data-e-type=\"column\">\n\t\t\t<div class=\"elementor-widget-wrap elementor-element-populated\">\n\t\t\t\t\t\t<div class=\"elementor-element elementor-element-837e33a elementor-widget elementor-widget-text-editor\" data-id=\"837e33a\" data-element_type=\"widget\" data-e-type=\"widget\" data-widget_type=\"text-editor.default\">\n\t\t\t\t\t\t\t\t\t<p data-start=\"69\" data-end=\"386\"><strong data-start=\"69\" data-end=\"91\">Soudage de l'aluminium<\/strong> est l'un des principaux services de traitement des m\u00e9taux non ferreux propos\u00e9s par l'entreprise.<strong> <span class=\"hover:entity-accent entity-underline inline cursor-pointer align-baseline\"><span class=\"whitespace-normal\">Fonderie Wako Pruszk\u00f3w<\/span><\/span><\/strong>. Nous r\u00e9alisons l'assemblage professionnel de composants en aluminium, ce qui permet de cr\u00e9er des structures l\u00e9g\u00e8res, robustes et esth\u00e9tiques adapt\u00e9es aux besoins de diverses industries.<\/p><p data-start=\"388\" data-end=\"554\">L'aluminium est un mat\u00e9riau appr\u00e9ci\u00e9 pour <strong data-start=\"421\" data-end=\"494\">faible poids, r\u00e9sistance \u00e0 la corrosion et r\u00e9sistance m\u00e9canique \u00e9lev\u00e9e<\/strong>. Il est donc largement utilis\u00e9 dans l'industrie :<\/p>\t\t\t\t\t\t\t\t<\/div>\n\t\t\t\t\t<\/div>\n\t\t<\/div>\n\t\t\t\t<div class=\"elementor-column elementor-col-50 elementor-top-column elementor-element elementor-element-7bd516a elementor-hidden-phone\" data-id=\"7bd516a\" data-element_type=\"column\" data-e-type=\"column\">\n\t\t\t<div class=\"elementor-widget-wrap elementor-element-populated\">\n\t\t\t\t\t\t<div class=\"elementor-element elementor-element-5b65f83 elementor-widget elementor-widget-image\" data-id=\"5b65f83\" data-element_type=\"widget\" data-e-type=\"widget\" data-widget_type=\"image.default\">\n\t\t\t\t\t\t\t\t\t\t\t\t\t\t\t<img decoding=\"async\" src=\"https:\/\/www.wako-odlewnia.pl\/wp-content\/uploads\/elementor\/thumbs\/spawanie-aluminium-wako-rj8ooewvypj4yw73j8lt20skschff54uliwgp5zmyw.png\" title=\"soudage-aluminium-wako\" alt=\"soudage-aluminium-wako\" loading=\"lazy\" \/>\t\t\t\t\t\t\t\t\t\t\t\t\t\t\t<\/div>\n\t\t\t\t<div class=\"elementor-element elementor-element-25c3f57 elementor-absolute elementor-hidden-phone elementor-widget__width-initial elementor-widget elementor-widget-heading\" data-id=\"25c3f57\" data-element_type=\"widget\" data-e-type=\"widget\" data-settings=\"{&quot;_position&quot;:&quot;absolute&quot;}\" data-widget_type=\"heading.default\">\n\t\t\t\t\t<h2 class=\"elementor-heading-title elementor-size-default\">.<\/h2>\t\t\t\t<\/div>\n\t\t\t\t\t<\/div>\n\t\t<\/div>\n\t\t\t\t\t<\/div>\n\t\t<\/section>\n\t\t\t\t<section class=\"elementor-section elementor-top-section elementor-element elementor-element-5ad16bf elementor-section-boxed elementor-section-height-default elementor-section-height-default\" data-id=\"5ad16bf\" data-element_type=\"section\" data-e-type=\"section\">\n\t\t\t\t\t\t<div class=\"elementor-container elementor-column-gap-wide\">\n\t\t\t\t\t<div class=\"elementor-column elementor-col-100 elementor-top-column elementor-element elementor-element-4152efe\" data-id=\"4152efe\" data-element_type=\"column\" data-e-type=\"column\">\n\t\t\t<div class=\"elementor-widget-wrap elementor-element-populated\">\n\t\t\t\t\t\t<div class=\"elementor-element elementor-element-960b9aa elementor-widget elementor-widget-heading\" data-id=\"960b9aa\" data-element_type=\"widget\" data-e-type=\"widget\" data-widget_type=\"heading.default\">\n\t\t\t\t\t<h2 class=\"elementor-heading-title elementor-size-xl\">Pourquoi choisir l'aluminium ?<\/h2>\t\t\t\t<\/div>\n\t\t\t\t<div class=\"elementor-element elementor-element-1b0b086 elementor-widget__width-initial elementor-widget elementor-widget-text-editor\" data-id=\"1b0b086\" data-element_type=\"widget\" data-e-type=\"widget\" data-widget_type=\"text-editor.default\">\n\t\t\t\t\t\t\t\t\t<p>L'aluminium est un mat\u00e9riau appr\u00e9ci\u00e9 pour <strong data-start=\"421\" data-end=\"494\">faible poids, r\u00e9sistance \u00e0 la corrosion et r\u00e9sistance m\u00e9canique \u00e9lev\u00e9e<\/strong>.<\/p><p>C'est pourquoi il est largement utilis\u00e9 dans l'industrie :<\/p>\t\t\t\t\t\t\t\t<\/div>\n\t\t\t\t\t<\/div>\n\t\t<\/div>\n\t\t\t\t\t<\/div>\n\t\t<\/section>\n\t\t\t\t<section class=\"elementor-section elementor-top-section elementor-element elementor-element-8042752 elementor-section-boxed elementor-section-height-default elementor-section-height-default\" data-id=\"8042752\" data-element_type=\"section\" data-e-type=\"section\">\n\t\t\t\t\t\t<div class=\"elementor-container elementor-column-gap-wide\">\n\t\t\t\t\t<div class=\"elementor-column elementor-col-50 elementor-top-column elementor-element elementor-element-1035b01\" data-id=\"1035b01\" data-element_type=\"column\" data-e-type=\"column\">\n\t\t\t<div class=\"elementor-widget-wrap elementor-element-populated\">\n\t\t\t\t\t\t<div class=\"elementor-element elementor-element-09ae8ca elementor-icon-list--layout-traditional elementor-list-item-link-full_width elementor-widget elementor-widget-icon-list\" data-id=\"09ae8ca\" data-element_type=\"widget\" data-e-type=\"widget\" data-widget_type=\"icon-list.default\">\n\t\t\t\t\t\t\t<ul class=\"elementor-icon-list-items\">\n\t\t\t\t\t\t\t<li class=\"elementor-icon-list-item\">\n\t\t\t\t\t\t\t\t\t\t\t<span class=\"elementor-icon-list-icon\">\n\t\t\t\t\t\t\t<svg aria-hidden=\"true\" class=\"e-font-icon-svg e-fas-square-full\" viewbox=\"0 0 512 512\" xmlns=\"http:\/\/www.w3.org\/2000\/svg\"><path d=\"M512 512H0V0h512v512z\"><\/path><\/svg>\t\t\t\t\t\t<\/span>\n\t\t\t\t\t\t\t\t\t\t<span class=\"elementor-icon-list-text\">la construction (syst\u00e8mes de fa\u00e7ade), <\/span>\n\t\t\t\t\t\t\t\t\t<\/li>\n\t\t\t\t\t\t\t\t<li class=\"elementor-icon-list-item\">\n\t\t\t\t\t\t\t\t\t\t\t<span class=\"elementor-icon-list-icon\">\n\t\t\t\t\t\t\t<svg aria-hidden=\"true\" class=\"e-font-icon-svg e-fas-square-full\" viewbox=\"0 0 512 512\" xmlns=\"http:\/\/www.w3.org\/2000\/svg\"><path d=\"M512 512H0V0h512v512z\"><\/path><\/svg>\t\t\t\t\t\t<\/span>\n\t\t\t\t\t\t\t\t\t\t<span class=\"elementor-icon-list-text\">les structures de soutien,<\/span>\n\t\t\t\t\t\t\t\t\t<\/li>\n\t\t\t\t\t\t\t\t<li class=\"elementor-icon-list-item\">\n\t\t\t\t\t\t\t\t\t\t\t<span class=\"elementor-icon-list-icon\">\n\t\t\t\t\t\t\t<svg aria-hidden=\"true\" class=\"e-font-icon-svg e-fas-square-full\" viewbox=\"0 0 512 512\" xmlns=\"http:\/\/www.w3.org\/2000\/svg\"><path d=\"M512 512H0V0h512v512z\"><\/path><\/svg>\t\t\t\t\t\t<\/span>\n\t\t\t\t\t\t\t\t\t\t<span class=\"elementor-icon-list-text\">l'automobile et le rail,<\/span>\n\t\t\t\t\t\t\t\t\t<\/li>\n\t\t\t\t\t\t\t\t<li class=\"elementor-icon-list-item\">\n\t\t\t\t\t\t\t\t\t\t\t<span class=\"elementor-icon-list-icon\">\n\t\t\t\t\t\t\t<svg aria-hidden=\"true\" class=\"e-font-icon-svg e-fas-square-full\" viewbox=\"0 0 512 512\" xmlns=\"http:\/\/www.w3.org\/2000\/svg\"><path d=\"M512 512H0V0h512v512z\"><\/path><\/svg>\t\t\t\t\t\t<\/span>\n\t\t\t\t\t\t\t\t\t\t<span class=\"elementor-icon-list-text\"> la m\u00e9tallurgie,<\/span>\n\t\t\t\t\t\t\t\t\t<\/li>\n\t\t\t\t\t\t\t\t<li class=\"elementor-icon-list-item\">\n\t\t\t\t\t\t\t\t\t\t\t<span class=\"elementor-icon-list-icon\">\n\t\t\t\t\t\t\t<svg aria-hidden=\"true\" class=\"e-font-icon-svg e-fas-square-full\" viewbox=\"0 0 512 512\" xmlns=\"http:\/\/www.w3.org\/2000\/svg\"><path d=\"M512 512H0V0h512v512z\"><\/path><\/svg>\t\t\t\t\t\t<\/span>\n\t\t\t\t\t\t\t\t\t\t<span class=\"elementor-icon-list-text\"> des produits pharmaceutiques, <\/span>\n\t\t\t\t\t\t\t\t\t<\/li>\n\t\t\t\t\t\t\t\t<li class=\"elementor-icon-list-item\">\n\t\t\t\t\t\t\t\t\t\t\t<span class=\"elementor-icon-list-icon\">\n\t\t\t\t\t\t\t<svg aria-hidden=\"true\" class=\"e-font-icon-svg e-fas-square-full\" viewbox=\"0 0 512 512\" xmlns=\"http:\/\/www.w3.org\/2000\/svg\"><path d=\"M512 512H0V0h512v512z\"><\/path><\/svg>\t\t\t\t\t\t<\/span>\n\t\t\t\t\t\t\t\t\t\t<span class=\"elementor-icon-list-text\">la production de menuiserie (fen\u00eatres et portes en aluminium).<\/span>\n\t\t\t\t\t\t\t\t\t<\/li>\n\t\t\t\t\t\t<\/ul>\n\t\t\t\t\t\t<\/div>\n\t\t\t\t<div class=\"elementor-element elementor-element-fa19ba3 elementor-widget__width-initial elementor-widget elementor-widget-text-editor\" data-id=\"fa19ba3\" data-element_type=\"widget\" data-e-type=\"widget\" data-widget_type=\"text-editor.default\">\n\t\t\t\t\t\t\t\t\t<p>Le soudage professionnel de l'aluminium requiert de l'exp\u00e9rience, des connaissances technologiques et des conditions de travail appropri\u00e9es. M\u00eame des d\u00e9fauts mineurs peuvent affecter la durabilit\u00e9 du joint et la qualit\u00e9 de l'ensemble de la structure, c'est pourquoi nous r\u00e9alisons chaque projet avec le plus grand soin.<\/p>\t\t\t\t\t\t\t\t<\/div>\n\t\t\t\t\t<\/div>\n\t\t<\/div>\n\t\t\t\t<div class=\"elementor-column elementor-col-50 elementor-top-column elementor-element elementor-element-9fdbece\" data-id=\"9fdbece\" data-element_type=\"column\" data-e-type=\"column\">\n\t\t\t<div class=\"elementor-widget-wrap elementor-element-populated\">\n\t\t\t\t\t\t\t<\/div>\n\t\t<\/div>\n\t\t\t\t\t<\/div>\n\t\t<\/section>\n\t\t\t\t<section class=\"elementor-section elementor-top-section elementor-element elementor-element-b598943 elementor-section-boxed elementor-section-height-default elementor-section-height-default\" data-id=\"b598943\" data-element_type=\"section\" data-e-type=\"section\">\n\t\t\t\t\t\t<div class=\"elementor-container elementor-column-gap-wide\">\n\t\t\t\t\t<div class=\"elementor-column elementor-col-100 elementor-top-column elementor-element elementor-element-c249b37\" data-id=\"c249b37\" data-element_type=\"column\" data-e-type=\"column\">\n\t\t\t<div class=\"elementor-widget-wrap elementor-element-populated\">\n\t\t\t\t\t\t<div class=\"elementor-element elementor-element-f18d0de elementor-widget elementor-widget-heading\" data-id=\"f18d0de\" data-element_type=\"widget\" data-e-type=\"widget\" data-widget_type=\"heading.default\">\n\t\t\t\t\t<h2 class=\"elementor-heading-title elementor-size-xl\">Techniques de soudage de l'aluminium - MIG et TIG<\/h2>\t\t\t\t<\/div>\n\t\t\t\t<div class=\"elementor-element elementor-element-4ef66a7 elementor-widget__width-initial elementor-widget elementor-widget-text-editor\" data-id=\"4ef66a7\" data-element_type=\"widget\" data-e-type=\"widget\" data-widget_type=\"text-editor.default\">\n\t\t\t\t\t\t\t\t\t<p>La durabilit\u00e9 d'une structure d\u00e9pend non seulement des propri\u00e9t\u00e9s du mat\u00e9riau, mais surtout de la qualit\u00e9 des soudures. Nous utilisons deux m\u00e9thodes \u00e9prouv\u00e9es dans notre travail :<\/p>\t\t\t\t\t\t\t\t<\/div>\n\t\t\t\t\t<\/div>\n\t\t<\/div>\n\t\t\t\t\t<\/div>\n\t\t<\/section>\n\t\t\t\t<section class=\"elementor-section elementor-top-section elementor-element elementor-element-6706a9c elementor-section-content-top elementor-section-boxed elementor-section-height-default elementor-section-height-default\" data-id=\"6706a9c\" data-element_type=\"section\" data-e-type=\"section\">\n\t\t\t\t\t\t<div class=\"elementor-container elementor-column-gap-wide\">\n\t\t\t\t\t<div class=\"elementor-column elementor-col-50 elementor-top-column elementor-element elementor-element-70b26c7\" data-id=\"70b26c7\" data-element_type=\"column\" data-e-type=\"column\">\n\t\t\t<div class=\"elementor-widget-wrap elementor-element-populated\">\n\t\t\t\t\t\t<div class=\"elementor-element elementor-element-4949c0b elementor-widget__width-initial elementor-widget elementor-widget-text-editor\" data-id=\"4949c0b\" data-element_type=\"widget\" data-e-type=\"widget\" data-widget_type=\"text-editor.default\">\n\t\t\t\t\t\t\t\t\t<p><strong>Soudage MIG (Metal Inert Gas)<\/strong><\/p>\t\t\t\t\t\t\t\t<\/div>\n\t\t\t\t<div class=\"elementor-element elementor-element-cca0b04 elementor-widget__width-initial elementor-widget elementor-widget-text-editor\" data-id=\"cca0b04\" data-element_type=\"widget\" data-e-type=\"widget\" data-widget_type=\"text-editor.default\">\n\t\t\t\t\t\t\t\t\t<p>M\u00e9thode utilisant un gaz inerte (par exemple l'argon ou l'h\u00e9lium) comme bouclier de l'arc de soudage. Cette m\u00e9thode offre une productivit\u00e9 \u00e9lev\u00e9e et est id\u00e9ale pour les grandes structures en aluminium.<\/p>\t\t\t\t\t\t\t\t<\/div>\n\t\t\t\t\t<\/div>\n\t\t<\/div>\n\t\t\t\t<div class=\"elementor-column elementor-col-50 elementor-top-column elementor-element elementor-element-88be3a2\" data-id=\"88be3a2\" data-element_type=\"column\" data-e-type=\"column\">\n\t\t\t<div class=\"elementor-widget-wrap elementor-element-populated\">\n\t\t\t\t\t\t<div class=\"elementor-element elementor-element-a691439 elementor-widget__width-initial elementor-widget elementor-widget-text-editor\" data-id=\"a691439\" data-element_type=\"widget\" data-e-type=\"widget\" data-widget_type=\"text-editor.default\">\n\t\t\t\t\t\t\t\t\t<p><strong>Soudage TIG (gaz inerte de tungst\u00e8ne)<\/strong><\/p>\t\t\t\t\t\t\t\t<\/div>\n\t\t\t\t<div class=\"elementor-element elementor-element-ab253ff elementor-widget__width-initial elementor-widget elementor-widget-text-editor\" data-id=\"ab253ff\" data-element_type=\"widget\" data-e-type=\"widget\" data-widget_type=\"text-editor.default\">\n\t\t\t\t\t\t\t\t\t<p>Technique bas\u00e9e sur une \u00e9lectrode en tungst\u00e8ne non fusible et un bouclier de gaz inerte. Elle garantit une pr\u00e9cision exceptionnelle et des soudures esth\u00e9tiques, ce qui est particuli\u00e8rement important pour les pi\u00e8ces visibles et celles qui n\u00e9cessitent une finition de haute qualit\u00e9.<\/p>\t\t\t\t\t\t\t\t<\/div>\n\t\t\t\t\t<\/div>\n\t\t<\/div>\n\t\t\t\t\t<\/div>\n\t\t<\/section>\n\t\t\t\t<section class=\"elementor-section elementor-top-section elementor-element elementor-element-e9dfe12 elementor-section-boxed elementor-section-height-default elementor-section-height-default\" data-id=\"e9dfe12\" data-element_type=\"section\" data-e-type=\"section\">\n\t\t\t\t\t\t<div class=\"elementor-container elementor-column-gap-wide\">\n\t\t\t\t\t<div class=\"elementor-column elementor-col-100 elementor-top-column elementor-element elementor-element-5ef9b89\" data-id=\"5ef9b89\" data-element_type=\"column\" data-e-type=\"column\">\n\t\t\t<div class=\"elementor-widget-wrap elementor-element-populated\">\n\t\t\t\t\t\t<div class=\"elementor-element elementor-element-dbd322c elementor-widget elementor-widget-heading\" data-id=\"dbd322c\" data-element_type=\"widget\" data-e-type=\"widget\" data-widget_type=\"heading.default\">\n\t\t\t\t\t<h2 class=\"elementor-heading-title elementor-size-xl\">Exp\u00e9rience et qualit\u00e9 du travail<\/h2>\t\t\t\t<\/div>\n\t\t\t\t<div class=\"elementor-element elementor-element-4211676 elementor-widget__width-initial elementor-widget elementor-widget-text-editor\" data-id=\"4211676\" data-element_type=\"widget\" data-e-type=\"widget\" data-widget_type=\"text-editor.default\">\n\t\t\t\t\t\t\t\t\t<p data-start=\"1968\" data-end=\"2172\">Le processus de soudage de l'aluminium exige une s\u00e9quence correcte d'op\u00e9rations et des normes de s\u00e9curit\u00e9 strictes. Une soudure mal r\u00e9alis\u00e9e peut affaiblir une structure ou nuire \u00e0 son esth\u00e9tique. C'est pourquoi nous ne confions nos r\u00e9alisations qu'\u00e0 des sp\u00e9cialistes qualifi\u00e9s qui travaillent avec des \u00e9quipements modernes et \u00e9prouv\u00e9s. Cela permet de garantir :<\/p><ul data-start=\"2318\" data-end=\"2451\"><li data-start=\"2318\" data-end=\"2347\"><p data-start=\"2320\" data-end=\"2347\">haute r\u00e9sistance des connecteurs,<\/p><\/li><li data-start=\"2348\" data-end=\"2372\"><p data-start=\"2350\" data-end=\"2372\">la r\u00e9p\u00e9tabilit\u00e9 de la qualit\u00e9,<\/p><\/li><li data-start=\"2373\" data-end=\"2402\"><p data-start=\"2375\" data-end=\"2402\">des joints esth\u00e9tiques et durables,<\/p><\/li><li data-start=\"2403\" data-end=\"2451\"><p data-start=\"2405\" data-end=\"2451\">la s\u00e9curit\u00e9 d'utilisation des \u00e9l\u00e9ments finis.<\/p><\/li><\/ul><p data-start=\"2681\" data-end=\"2886\">Pour \u00e9tablir un devis pr\u00e9cis, nous avons besoin des param\u00e8tres techniques d\u00e9taill\u00e9s de la construction envisag\u00e9e. Cela nous permet de proposer la solution optimale en termes de technologie et de co\u00fbt.<\/p><p data-start=\"2888\" data-end=\"3048\" data-is-last-node=\"\" data-is-only-node=\"\">Si vous souhaitez des structures en aluminium durables, esth\u00e9tiques et robustes, contactez-nous et explorez les possibilit\u00e9s du soudage professionnel de l'aluminium.<\/p>\t\t\t\t\t\t\t\t<\/div>\n\t\t\t\t\t<\/div>\n\t\t<\/div>\n\t\t\t\t\t<\/div>\n\t\t<\/section>\n\t\t\t\t<\/div>","protected":false},"excerpt":{"rendered":"<div class=\"tmnf_excerpt\"><p>Spawanie aluminium to jedna z kluczowych us\u0142ug w zakresie obr\u00f3bki metali nie\u017celaznych oferowanych przez Odlewnia Wako Pruszk\u00f3w. Realizujemy profesjonalne \u0142\u0105czenie element\u00f3w aluminiowych, umo\u017cliwiaj\u0105ce tworzenie lekkich, wytrzyma\u0142ych i estetycznych konstrukcji dopasowanych do potrzeb r\u00f3\u017cnych bran\u017c. Aluminium to materia\u0142 ceniony za nisk\u0105 wag\u0119, odporno\u015b\u0107 na korozj\u0119 oraz wysok\u0105 wytrzyma\u0142o\u015b\u0107 mechaniczn\u0105. Z tego wzgl\u0119du znajduje szerokie zastosowanie w &hellip;<\/p>\n<\/div>","protected":false},"author":1,"featured_media":0,"parent":513,"menu_order":0,"comment_status":"closed","ping_status":"closed","template":"template-fullwidth-alt.php","meta":{"om_disable_all_campaigns":false,"_monsterinsights_skip_tracking":false,"_monsterinsights_sitenote_active":false,"_monsterinsights_sitenote_note":"","_monsterinsights_sitenote_category":0,"footnotes":""},"class_list":["post-7767","page","type-page","status-publish","hentry"],"aioseo_notices":[],"_links":{"self":[{"href":"https:\/\/www.wako-odlewnia.pl\/fr\/wp-json\/wp\/v2\/pages\/7767","targetHints":{"allow":["GET"]}}],"collection":[{"href":"https:\/\/www.wako-odlewnia.pl\/fr\/wp-json\/wp\/v2\/pages"}],"about":[{"href":"https:\/\/www.wako-odlewnia.pl\/fr\/wp-json\/wp\/v2\/types\/page"}],"author":[{"embeddable":true,"href":"https:\/\/www.wako-odlewnia.pl\/fr\/wp-json\/wp\/v2\/users\/1"}],"replies":[{"embeddable":true,"href":"https:\/\/www.wako-odlewnia.pl\/fr\/wp-json\/wp\/v2\/comments?post=7767"}],"version-history":[{"count":34,"href":"https:\/\/www.wako-odlewnia.pl\/fr\/wp-json\/wp\/v2\/pages\/7767\/revisions"}],"predecessor-version":[{"id":8523,"href":"https:\/\/www.wako-odlewnia.pl\/fr\/wp-json\/wp\/v2\/pages\/7767\/revisions\/8523"}],"up":[{"embeddable":true,"href":"https:\/\/www.wako-odlewnia.pl\/fr\/wp-json\/wp\/v2\/pages\/513"}],"wp:attachment":[{"href":"https:\/\/www.wako-odlewnia.pl\/fr\/wp-json\/wp\/v2\/media?parent=7767"}],"curies":[{"name":"wp","href":"https:\/\/api.w.org\/{rel}","templated":true}]}}