{"id":7769,"date":"2015-07-17T13:04:18","date_gmt":"2015-07-17T11:04:18","guid":{"rendered":"https:\/\/www.wako-odlewnia.pl\/?page_id=7769"},"modified":"2026-02-16T14:49:04","modified_gmt":"2026-02-16T13:49:04","slug":"recubrimiento-en-polvo","status":"publish","type":"page","link":"https:\/\/www.wako-odlewnia.pl\/es\/oferta\/lakierowanie-proszkowe\/","title":{"rendered":"Recubrimiento en polvo"},"content":{"rendered":"\t\t<div data-elementor-type=\"wp-page\" data-elementor-id=\"7769\" class=\"elementor elementor-7769\" data-elementor-post-type=\"page\">\n\t\t\t\t\t\t<section class=\"elementor-section elementor-top-section elementor-element elementor-element-bd058ac elementor-section-boxed elementor-section-height-default elementor-section-height-default\" data-id=\"bd058ac\" data-element_type=\"section\" data-e-type=\"section\">\n\t\t\t\t\t\t<div class=\"elementor-container elementor-column-gap-wide\">\n\t\t\t\t\t<div class=\"elementor-column elementor-col-50 elementor-top-column elementor-element elementor-element-fb4c217\" data-id=\"fb4c217\" data-element_type=\"column\" data-e-type=\"column\">\n\t\t\t<div class=\"elementor-widget-wrap elementor-element-populated\">\n\t\t\t\t\t\t<div class=\"elementor-element elementor-element-3469909 elementor-widget elementor-widget-text-editor\" data-id=\"3469909\" data-element_type=\"widget\" data-e-type=\"widget\" data-widget_type=\"text-editor.default\">\n\t\t\t\t\t\t\t\t\t<p data-start=\"81\" data-end=\"491\">W <strong data-start=\"83\" data-end=\"124\"><span class=\"hover:entity-accent entity-underline inline cursor-pointer align-baseline\"><span class=\"whitespace-normal\">Odlewnia Wako Pruszk\u00f3w<\/span><\/span><\/strong> oferujemy profesjonalne lakierowanie proszkowe, kt\u00f3re \u0142\u0105czy precyzj\u0119 wykonania z wysok\u0105 odporno\u015bci\u0105 pow\u0142ok ochronnych. To nowoczesna i wyj\u0105tkowo skuteczna metoda nanoszenia warstw dekoracyjnych oraz zabezpieczaj\u0105cych na elementy metalowe i stalowe. Dzi\u0119ki zaawansowanej technologii zapewniamy r\u00f3wnomierne pokrycie, trwa\u0142o\u015b\u0107 koloru oraz szybki czas realizacji zlece\u0144.<\/p><p data-start=\"81\" data-end=\"491\">Proces lakierowania polega na aplikacji farby w postaci proszku metod\u0105 natrysku elektrostatycznego. Przy u\u017cyciu specjalistycznego pistoletu nanoszona jest cienka, jednolita warstwa produktu, kt\u00f3ra nast\u0119pnie zostaje utwardzona w wysokiej temperaturze. Efektem jest estetyczna, trwa\u0142a i odporna na uszkodzenia pow\u0142oka.<\/p>\t\t\t\t\t\t\t\t<\/div>\n\t\t\t\t\t<\/div>\n\t\t<\/div>\n\t\t\t\t<div class=\"elementor-column elementor-col-50 elementor-top-column elementor-element elementor-element-f285979 elementor-hidden-phone\" data-id=\"f285979\" data-element_type=\"column\" data-e-type=\"column\">\n\t\t\t<div class=\"elementor-widget-wrap elementor-element-populated\">\n\t\t\t\t\t\t<div class=\"elementor-element elementor-element-f1c49b6 elementor-widget elementor-widget-image\" data-id=\"f1c49b6\" data-element_type=\"widget\" data-e-type=\"widget\" data-widget_type=\"image.default\">\n\t\t\t\t\t\t\t\t\t\t\t\t\t\t\t<img decoding=\"async\" src=\"https:\/\/www.wako-odlewnia.pl\/wp-content\/uploads\/elementor\/thumbs\/lakierowanie-proszkowe-rj8pufb7f51hvh697wcizx58lbf0g4wypgkpvdp6vc.png\" title=\"lakierowanie-proszkowe\" alt=\"lakierowanie-proszkowe\" loading=\"lazy\" \/>\t\t\t\t\t\t\t\t\t\t\t\t\t\t\t<\/div>\n\t\t\t\t<div class=\"elementor-element elementor-element-b7c3414 elementor-absolute elementor-hidden-phone elementor-widget__width-initial elementor-widget elementor-widget-heading\" data-id=\"b7c3414\" data-element_type=\"widget\" data-e-type=\"widget\" data-settings=\"{&quot;_position&quot;:&quot;absolute&quot;}\" data-widget_type=\"heading.default\">\n\t\t\t\t\t<h2 class=\"elementor-heading-title elementor-size-default\">.<\/h2>\t\t\t\t<\/div>\n\t\t\t\t\t<\/div>\n\t\t<\/div>\n\t\t\t\t\t<\/div>\n\t\t<\/section>\n\t\t\t\t<section class=\"elementor-section elementor-top-section elementor-element elementor-element-ccdd703 elementor-section-boxed elementor-section-height-default elementor-section-height-default\" data-id=\"ccdd703\" data-element_type=\"section\" data-e-type=\"section\">\n\t\t\t\t\t\t<div class=\"elementor-container elementor-column-gap-wide\">\n\t\t\t\t\t<div class=\"elementor-column elementor-col-100 elementor-top-column elementor-element elementor-element-80dad23\" data-id=\"80dad23\" data-element_type=\"column\" data-e-type=\"column\">\n\t\t\t<div class=\"elementor-widget-wrap elementor-element-populated\">\n\t\t\t\t\t\t<div class=\"elementor-element elementor-element-edd5093 elementor-widget elementor-widget-heading\" data-id=\"edd5093\" data-element_type=\"widget\" data-e-type=\"widget\" data-widget_type=\"heading.default\">\n\t\t\t\t\t<h2 class=\"elementor-heading-title elementor-size-xl\">Dlaczego warto wybra\u0107 malowanie proszkowe?<\/h2>\t\t\t\t<\/div>\n\t\t\t\t<div class=\"elementor-element elementor-element-8f969d4 elementor-widget__width-initial elementor-widget elementor-widget-text-editor\" data-id=\"8f969d4\" data-element_type=\"widget\" data-e-type=\"widget\" data-widget_type=\"text-editor.default\">\n\t\t\t\t\t\t\t\t\t<p>Lakierowanie proszkowe wyr\u00f3\u017cnia si\u0119 szeregiem istotnych zalet:<\/p>\t\t\t\t\t\t\t\t<\/div>\n\t\t\t\t\t<\/div>\n\t\t<\/div>\n\t\t\t\t\t<\/div>\n\t\t<\/section>\n\t\t\t\t<section class=\"elementor-section elementor-top-section elementor-element elementor-element-f96ef06 elementor-section-boxed elementor-section-height-default elementor-section-height-default\" data-id=\"f96ef06\" data-element_type=\"section\" data-e-type=\"section\">\n\t\t\t\t\t\t<div class=\"elementor-container elementor-column-gap-wide\">\n\t\t\t\t\t<div class=\"elementor-column elementor-col-50 elementor-top-column elementor-element elementor-element-60de1f0\" data-id=\"60de1f0\" data-element_type=\"column\" data-e-type=\"column\">\n\t\t\t<div class=\"elementor-widget-wrap elementor-element-populated\">\n\t\t\t\t\t\t<div class=\"elementor-element elementor-element-0af1715 elementor-icon-list--layout-traditional elementor-list-item-link-full_width elementor-widget elementor-widget-icon-list\" data-id=\"0af1715\" data-element_type=\"widget\" data-e-type=\"widget\" data-widget_type=\"icon-list.default\">\n\t\t\t\t\t\t\t<ul class=\"elementor-icon-list-items\">\n\t\t\t\t\t\t\t<li class=\"elementor-icon-list-item\">\n\t\t\t\t\t\t\t\t\t\t\t<span class=\"elementor-icon-list-icon\">\n\t\t\t\t\t\t\t<svg aria-hidden=\"true\" class=\"e-font-icon-svg e-fas-square-full\" viewBox=\"0 0 512 512\" xmlns=\"http:\/\/www.w3.org\/2000\/svg\"><path d=\"M512 512H0V0h512v512z\"><\/path><\/svg>\t\t\t\t\t\t<\/span>\n\t\t\t\t\t\t\t\t\t\t<span class=\"elementor-icon-list-text\">idealnie g\u0142adka powierzchnia bez zaciek\u00f3w i sp\u0119ka\u0144<\/span>\n\t\t\t\t\t\t\t\t\t<\/li>\n\t\t\t\t\t\t\t\t<li class=\"elementor-icon-list-item\">\n\t\t\t\t\t\t\t\t\t\t\t<span class=\"elementor-icon-list-icon\">\n\t\t\t\t\t\t\t<svg aria-hidden=\"true\" class=\"e-font-icon-svg e-fas-square-full\" viewBox=\"0 0 512 512\" xmlns=\"http:\/\/www.w3.org\/2000\/svg\"><path d=\"M512 512H0V0h512v512z\"><\/path><\/svg>\t\t\t\t\t\t<\/span>\n\t\t\t\t\t\t\t\t\t\t<span class=\"elementor-icon-list-text\">r\u00f3wnomierne pokrycie ca\u0142ego elementu<\/span>\n\t\t\t\t\t\t\t\t\t<\/li>\n\t\t\t\t\t\t\t\t<li class=\"elementor-icon-list-item\">\n\t\t\t\t\t\t\t\t\t\t\t<span class=\"elementor-icon-list-icon\">\n\t\t\t\t\t\t\t<svg aria-hidden=\"true\" class=\"e-font-icon-svg e-fas-square-full\" viewBox=\"0 0 512 512\" xmlns=\"http:\/\/www.w3.org\/2000\/svg\"><path d=\"M512 512H0V0h512v512z\"><\/path><\/svg>\t\t\t\t\t\t<\/span>\n\t\t\t\t\t\t\t\t\t\t<span class=\"elementor-icon-list-text\">wysoka odporno\u015b\u0107 na korozj\u0119 i czynniki atmosferyczne<\/span>\n\t\t\t\t\t\t\t\t\t<\/li>\n\t\t\t\t\t\t\t\t<li class=\"elementor-icon-list-item\">\n\t\t\t\t\t\t\t\t\t\t\t<span class=\"elementor-icon-list-icon\">\n\t\t\t\t\t\t\t<svg aria-hidden=\"true\" class=\"e-font-icon-svg e-fas-square-full\" viewBox=\"0 0 512 512\" xmlns=\"http:\/\/www.w3.org\/2000\/svg\"><path d=\"M512 512H0V0h512v512z\"><\/path><\/svg>\t\t\t\t\t\t<\/span>\n\t\t\t\t\t\t\t\t\t\t<span class=\"elementor-icon-list-text\">zwi\u0119kszona odporno\u015b\u0107 na uszkodzenia mechaniczne<\/span>\n\t\t\t\t\t\t\t\t\t<\/li>\n\t\t\t\t\t\t\t\t<li class=\"elementor-icon-list-item\">\n\t\t\t\t\t\t\t\t\t\t\t<span class=\"elementor-icon-list-icon\">\n\t\t\t\t\t\t\t<svg aria-hidden=\"true\" class=\"e-font-icon-svg e-fas-square-full\" viewBox=\"0 0 512 512\" xmlns=\"http:\/\/www.w3.org\/2000\/svg\"><path d=\"M512 512H0V0h512v512z\"><\/path><\/svg>\t\t\t\t\t\t<\/span>\n\t\t\t\t\t\t\t\t\t\t<span class=\"elementor-icon-list-text\">trwa\u0142o\u015b\u0107 koloru przez d\u0142ugi czas<\/span>\n\t\t\t\t\t\t\t\t\t<\/li>\n\t\t\t\t\t\t\t\t<li class=\"elementor-icon-list-item\">\n\t\t\t\t\t\t\t\t\t\t\t<span class=\"elementor-icon-list-icon\">\n\t\t\t\t\t\t\t<svg aria-hidden=\"true\" class=\"e-font-icon-svg e-fas-square-full\" viewBox=\"0 0 512 512\" xmlns=\"http:\/\/www.w3.org\/2000\/svg\"><path d=\"M512 512H0V0h512v512z\"><\/path><\/svg>\t\t\t\t\t\t<\/span>\n\t\t\t\t\t\t\t\t\t\t<span class=\"elementor-icon-list-text\">szeroka paleta barw i wyko\u0144cze\u0144 (mat, po\u0142ysk, struktura)<\/span>\n\t\t\t\t\t\t\t\t\t<\/li>\n\t\t\t\t\t\t<\/ul>\n\t\t\t\t\t\t<\/div>\n\t\t\t\t<div class=\"elementor-element elementor-element-42e2853 elementor-widget__width-initial elementor-widget elementor-widget-text-editor\" data-id=\"42e2853\" data-element_type=\"widget\" data-e-type=\"widget\" data-widget_type=\"text-editor.default\">\n\t\t\t\t\t\t\t\t\t<p>Precyzyjnie kontrolowana grubo\u015b\u0107 pow\u0142oki pozwala uzyska\u0107 optymalny efekt ochronny przy zachowaniu estetycznego wygl\u0105du. To rozwi\u0105zanie sprawdza si\u0119 zar\u00f3wno w przypadku konstrukcji przemys\u0142owych, jak i element\u00f3w dekoracyjnych.<\/p>\t\t\t\t\t\t\t\t<\/div>\n\t\t\t\t\t<\/div>\n\t\t<\/div>\n\t\t\t\t<div class=\"elementor-column elementor-col-50 elementor-top-column elementor-element elementor-element-a995610\" data-id=\"a995610\" data-element_type=\"column\" data-e-type=\"column\">\n\t\t\t<div class=\"elementor-widget-wrap elementor-element-populated\">\n\t\t\t\t\t\t\t<\/div>\n\t\t<\/div>\n\t\t\t\t\t<\/div>\n\t\t<\/section>\n\t\t\t\t<section class=\"elementor-section elementor-top-section elementor-element elementor-element-e7fd0c2 elementor-section-boxed elementor-section-height-default elementor-section-height-default\" data-id=\"e7fd0c2\" data-element_type=\"section\" data-e-type=\"section\">\n\t\t\t\t\t\t<div class=\"elementor-container elementor-column-gap-wide\">\n\t\t\t\t\t<div class=\"elementor-column elementor-col-100 elementor-top-column elementor-element elementor-element-da3b34a\" data-id=\"da3b34a\" data-element_type=\"column\" data-e-type=\"column\">\n\t\t\t<div class=\"elementor-widget-wrap elementor-element-populated\">\n\t\t\t\t\t\t<div class=\"elementor-element elementor-element-e51e4a1 elementor-widget elementor-widget-heading\" data-id=\"e51e4a1\" data-element_type=\"widget\" data-e-type=\"widget\" data-widget_type=\"heading.default\">\n\t\t\t\t\t<h2 class=\"elementor-heading-title elementor-size-xl\">Szybko\u015b\u0107 i dok\u0142adno\u015b\u0107<\/h2>\t\t\t\t<\/div>\n\t\t\t\t<div class=\"elementor-element elementor-element-d774b0b elementor-widget__width-initial elementor-widget elementor-widget-text-editor\" data-id=\"d774b0b\" data-element_type=\"widget\" data-e-type=\"widget\" data-widget_type=\"text-editor.default\">\n\t\t\t\t\t\t\t\t\t<p data-start=\"1532\" data-end=\"1707\">Dysponujemy zapleczem technologicznym, kt\u00f3re umo\u017cliwia realizacj\u0119 zlece\u0144 w kr\u00f3tkim czasie, przy zachowaniu najwy\u017cszych standard\u00f3w jako\u015bci. Lakierowanie proszkowe stosujemy do:<\/p><ul data-start=\"1709\" data-end=\"1876\"><li data-start=\"1709\" data-end=\"1748\"><p data-start=\"1711\" data-end=\"1748\">konstrukcji stalowych i aluminiowych,<\/p><\/li><li data-start=\"1749\" data-end=\"1778\"><p data-start=\"1751\" data-end=\"1778\">ogrodze\u0144, balustrad i bram,<\/p><\/li><li data-start=\"1779\" data-end=\"1810\"><p data-start=\"1781\" data-end=\"1810\">element\u00f3w architektonicznych,<\/p><\/li><li data-start=\"1811\" data-end=\"1838\"><p data-start=\"1813\" data-end=\"1838\">cz\u0119\u015bci maszyn i urz\u0105dze\u0144,<\/p><\/li><li data-start=\"1839\" data-end=\"1876\"><p data-start=\"1841\" data-end=\"1876\">detali o nieregularnych kszta\u0142tach.<\/p><\/li><\/ul><p data-start=\"1878\" data-end=\"2030\">Technologia natrysku elektrostatycznego pozwala dok\u0142adnie pokry\u0107 nawet trudno dost\u0119pne miejsca, co przek\u0142ada si\u0119 na trwa\u0142o\u015b\u0107 i jednolity efekt wizualny.<\/p>\t\t\t\t\t\t\t\t<\/div>\n\t\t\t\t<div class=\"elementor-element elementor-element-af2be32 elementor-widget__width-initial elementor-widget elementor-widget-text-editor\" data-id=\"af2be32\" data-element_type=\"widget\" data-e-type=\"widget\" data-widget_type=\"text-editor.default\">\n\t\t\t\t\t\t\t\t\t<div class=\"flex max-w-full flex-col grow\"><div class=\"min-h-8 text-message relative flex w-full flex-col items-end gap-2 text-start break-words whitespace-normal [.text-message+&amp;]:mt-1\" dir=\"auto\" data-message-author-role=\"assistant\" data-message-id=\"f4129f0f-a1ef-4d30-ba3b-b2e99d51bb95\" data-message-model-slug=\"gpt-5-2\"><div class=\"flex w-full flex-col gap-1 empty:hidden first:pt-[1px]\"><div class=\"markdown prose dark:prose-invert w-full wrap-break-word light markdown-new-styling\"><p data-start=\"2070\" data-end=\"2310\" data-is-last-node=\"\" data-is-only-node=\"\">Lakierowanie proszkowe to inwestycja w d\u0142ugotrwa\u0142\u0105 ochron\u0119 oraz nowoczesny wygl\u0105d element\u00f3w metalowych. Wybieraj\u0105c sprawdzone rozwi\u0105zania technologiczne i do\u015bwiadczenie specjalist\u00f3w, zyskujesz pewno\u015b\u0107 solidnego wykonania i estetyki na lata.<\/p><\/div><\/div><\/div><\/div><div class=\"z-0 flex min-h-[46px] justify-start\">\u00a0<\/div><div class=\"mt-3 w-full empty:hidden\"><div class=\"text-center\"><div><div class=\"inline-flex border border-gray-100 dark:border-gray-700 rounded-xl\"><div class=\"text-token-text-secondary flex items-center justify-center gap-4 px-4 py-2.5 text-sm whitespace-nowrap\">\u00a0<\/div><\/div><\/div><\/div><\/div>\t\t\t\t\t\t\t\t<\/div>\n\t\t\t\t\t<\/div>\n\t\t<\/div>\n\t\t\t\t\t<\/div>\n\t\t<\/section>\n\t\t\t\t<\/div>\n\t\t","protected":false},"excerpt":{"rendered":"<div class=\"tmnf_excerpt\"><p>W Odlewnia Wako Pruszk\u00f3w oferujemy profesjonalne lakierowanie proszkowe, kt\u00f3re \u0142\u0105czy precyzj\u0119 wykonania z wysok\u0105 odporno\u015bci\u0105 pow\u0142ok ochronnych. To nowoczesna i wyj\u0105tkowo skuteczna metoda nanoszenia warstw dekoracyjnych oraz zabezpieczaj\u0105cych na elementy metalowe i stalowe. Dzi\u0119ki zaawansowanej technologii zapewniamy r\u00f3wnomierne pokrycie, trwa\u0142o\u015b\u0107 koloru oraz szybki czas realizacji zlece\u0144. Proces lakierowania polega na aplikacji farby w postaci proszku &hellip;<\/p>\n<\/div>","protected":false},"author":1,"featured_media":0,"parent":513,"menu_order":0,"comment_status":"closed","ping_status":"closed","template":"template-fullwidth-alt.php","meta":{"om_disable_all_campaigns":false,"_monsterinsights_skip_tracking":false,"_monsterinsights_sitenote_active":false,"_monsterinsights_sitenote_note":"","_monsterinsights_sitenote_category":0,"footnotes":""},"class_list":["post-7769","page","type-page","status-publish","hentry"],"aioseo_notices":[],"_links":{"self":[{"href":"https:\/\/www.wako-odlewnia.pl\/es\/wp-json\/wp\/v2\/pages\/7769","targetHints":{"allow":["GET"]}}],"collection":[{"href":"https:\/\/www.wako-odlewnia.pl\/es\/wp-json\/wp\/v2\/pages"}],"about":[{"href":"https:\/\/www.wako-odlewnia.pl\/es\/wp-json\/wp\/v2\/types\/page"}],"author":[{"embeddable":true,"href":"https:\/\/www.wako-odlewnia.pl\/es\/wp-json\/wp\/v2\/users\/1"}],"replies":[{"embeddable":true,"href":"https:\/\/www.wako-odlewnia.pl\/es\/wp-json\/wp\/v2\/comments?post=7769"}],"version-history":[{"count":22,"href":"https:\/\/www.wako-odlewnia.pl\/es\/wp-json\/wp\/v2\/pages\/7769\/revisions"}],"predecessor-version":[{"id":8552,"href":"https:\/\/www.wako-odlewnia.pl\/es\/wp-json\/wp\/v2\/pages\/7769\/revisions\/8552"}],"up":[{"embeddable":true,"href":"https:\/\/www.wako-odlewnia.pl\/es\/wp-json\/wp\/v2\/pages\/513"}],"wp:attachment":[{"href":"https:\/\/www.wako-odlewnia.pl\/es\/wp-json\/wp\/v2\/media?parent=7769"}],"curies":[{"name":"wp","href":"https:\/\/api.w.org\/{rel}","templated":true}]}}