{"id":7767,"date":"2015-07-17T13:04:18","date_gmt":"2015-07-17T11:04:18","guid":{"rendered":"https:\/\/www.wako-odlewnia.pl\/?page_id=7767"},"modified":"2026-02-16T14:24:51","modified_gmt":"2026-02-16T13:24:51","slug":"soldadura-de-aluminio-3","status":"publish","type":"page","link":"https:\/\/www.wako-odlewnia.pl\/es\/oferta\/spawanie-aluminium-3\/","title":{"rendered":"Soldadura de aluminio"},"content":{"rendered":"<div data-elementor-type=\"wp-page\" data-elementor-id=\"7767\" class=\"elementor elementor-7767\" data-elementor-post-type=\"page\">\n\t\t\t\t\t\t<section class=\"elementor-section elementor-top-section elementor-element elementor-element-f317036 elementor-section-boxed elementor-section-height-default elementor-section-height-default\" data-id=\"f317036\" data-element_type=\"section\" data-e-type=\"section\">\n\t\t\t\t\t\t<div class=\"elementor-container elementor-column-gap-wide\">\n\t\t\t\t\t<div class=\"elementor-column elementor-col-50 elementor-top-column elementor-element elementor-element-4387fc8\" data-id=\"4387fc8\" data-element_type=\"column\" data-e-type=\"column\">\n\t\t\t<div class=\"elementor-widget-wrap elementor-element-populated\">\n\t\t\t\t\t\t<div class=\"elementor-element elementor-element-837e33a elementor-widget elementor-widget-text-editor\" data-id=\"837e33a\" data-element_type=\"widget\" data-e-type=\"widget\" data-widget_type=\"text-editor.default\">\n\t\t\t\t\t\t\t\t\t<p data-start=\"69\" data-end=\"386\"><strong data-start=\"69\" data-end=\"91\">Soldadura de aluminio<\/strong> es uno de los principales servicios de transformaci\u00f3n de metales no f\u00e9rreos que ofrece la<strong> <span class=\"hover:entity-accent entity-underline inline cursor-pointer align-baseline\"><span class=\"whitespace-normal\">Fundici\u00f3n Wako Pruszk\u00f3w<\/span><\/span><\/strong>. Realizamos la uni\u00f3n profesional de componentes de aluminio, lo que permite crear estructuras ligeras, robustas y est\u00e9ticamente agradables adaptadas a las necesidades de diversas industrias.<\/p><p data-start=\"388\" data-end=\"554\">El aluminio es un material apreciado por <strong data-start=\"421\" data-end=\"494\">bajo peso, resistencia a la corrosi\u00f3n y alta resistencia mec\u00e1nica<\/strong>. Por eso se utiliza mucho en la industria:<\/p>\t\t\t\t\t\t\t\t<\/div>\n\t\t\t\t\t<\/div>\n\t\t<\/div>\n\t\t\t\t<div class=\"elementor-column elementor-col-50 elementor-top-column elementor-element elementor-element-7bd516a elementor-hidden-phone\" data-id=\"7bd516a\" data-element_type=\"column\" data-e-type=\"column\">\n\t\t\t<div class=\"elementor-widget-wrap elementor-element-populated\">\n\t\t\t\t\t\t<div class=\"elementor-element elementor-element-5b65f83 elementor-widget elementor-widget-image\" data-id=\"5b65f83\" data-element_type=\"widget\" data-e-type=\"widget\" data-widget_type=\"image.default\">\n\t\t\t\t\t\t\t\t\t\t\t\t\t\t\t<img decoding=\"async\" src=\"https:\/\/www.wako-odlewnia.pl\/wp-content\/uploads\/elementor\/thumbs\/spawanie-aluminium-wako-rj8ooewvypj4yw73j8lt20skschff54uliwgp5zmyw.png\" title=\"soldadura-aluminio-wako\" alt=\"soldadura-aluminio-wako\" loading=\"lazy\" \/>\t\t\t\t\t\t\t\t\t\t\t\t\t\t\t<\/div>\n\t\t\t\t<div class=\"elementor-element elementor-element-25c3f57 elementor-absolute elementor-hidden-phone elementor-widget__width-initial elementor-widget elementor-widget-heading\" data-id=\"25c3f57\" data-element_type=\"widget\" data-e-type=\"widget\" data-settings=\"{&quot;_position&quot;:&quot;absolute&quot;}\" data-widget_type=\"heading.default\">\n\t\t\t\t\t<h2 class=\"elementor-heading-title elementor-size-default\">.<\/h2>\t\t\t\t<\/div>\n\t\t\t\t\t<\/div>\n\t\t<\/div>\n\t\t\t\t\t<\/div>\n\t\t<\/section>\n\t\t\t\t<section class=\"elementor-section elementor-top-section elementor-element elementor-element-5ad16bf elementor-section-boxed elementor-section-height-default elementor-section-height-default\" data-id=\"5ad16bf\" data-element_type=\"section\" data-e-type=\"section\">\n\t\t\t\t\t\t<div class=\"elementor-container elementor-column-gap-wide\">\n\t\t\t\t\t<div class=\"elementor-column elementor-col-100 elementor-top-column elementor-element elementor-element-4152efe\" data-id=\"4152efe\" data-element_type=\"column\" data-e-type=\"column\">\n\t\t\t<div class=\"elementor-widget-wrap elementor-element-populated\">\n\t\t\t\t\t\t<div class=\"elementor-element elementor-element-960b9aa elementor-widget elementor-widget-heading\" data-id=\"960b9aa\" data-element_type=\"widget\" data-e-type=\"widget\" data-widget_type=\"heading.default\">\n\t\t\t\t\t<h2 class=\"elementor-heading-title elementor-size-xl\">\u00bfPor qu\u00e9 elegir aluminio?<\/h2>\t\t\t\t<\/div>\n\t\t\t\t<div class=\"elementor-element elementor-element-1b0b086 elementor-widget__width-initial elementor-widget elementor-widget-text-editor\" data-id=\"1b0b086\" data-element_type=\"widget\" data-e-type=\"widget\" data-widget_type=\"text-editor.default\">\n\t\t\t\t\t\t\t\t\t<p>El aluminio es un material apreciado por <strong data-start=\"421\" data-end=\"494\">bajo peso, resistencia a la corrosi\u00f3n y alta resistencia mec\u00e1nica<\/strong>.<\/p><p>Por eso se utiliza mucho en la industria:<\/p>\t\t\t\t\t\t\t\t<\/div>\n\t\t\t\t\t<\/div>\n\t\t<\/div>\n\t\t\t\t\t<\/div>\n\t\t<\/section>\n\t\t\t\t<section class=\"elementor-section elementor-top-section elementor-element elementor-element-8042752 elementor-section-boxed elementor-section-height-default elementor-section-height-default\" data-id=\"8042752\" data-element_type=\"section\" data-e-type=\"section\">\n\t\t\t\t\t\t<div class=\"elementor-container elementor-column-gap-wide\">\n\t\t\t\t\t<div class=\"elementor-column elementor-col-50 elementor-top-column elementor-element elementor-element-1035b01\" data-id=\"1035b01\" data-element_type=\"column\" data-e-type=\"column\">\n\t\t\t<div class=\"elementor-widget-wrap elementor-element-populated\">\n\t\t\t\t\t\t<div class=\"elementor-element elementor-element-09ae8ca elementor-icon-list--layout-traditional elementor-list-item-link-full_width elementor-widget elementor-widget-icon-list\" data-id=\"09ae8ca\" data-element_type=\"widget\" data-e-type=\"widget\" data-widget_type=\"icon-list.default\">\n\t\t\t\t\t\t\t<ul class=\"elementor-icon-list-items\">\n\t\t\t\t\t\t\t<li class=\"elementor-icon-list-item\">\n\t\t\t\t\t\t\t\t\t\t\t<span class=\"elementor-icon-list-icon\">\n\t\t\t\t\t\t\t<svg aria-hidden=\"true\" class=\"e-font-icon-svg e-fas-square-full\" viewbox=\"0 0 512 512\" xmlns=\"http:\/\/www.w3.org\/2000\/svg\"><path d=\"M512 512H0V0h512v512z\"><\/path><\/svg>\t\t\t\t\t\t<\/span>\n\t\t\t\t\t\t\t\t\t\t<span class=\"elementor-icon-list-text\">construcci\u00f3n (sistemas de fachada, <\/span>\n\t\t\t\t\t\t\t\t\t<\/li>\n\t\t\t\t\t\t\t\t<li class=\"elementor-icon-list-item\">\n\t\t\t\t\t\t\t\t\t\t\t<span class=\"elementor-icon-list-icon\">\n\t\t\t\t\t\t\t<svg aria-hidden=\"true\" class=\"e-font-icon-svg e-fas-square-full\" viewbox=\"0 0 512 512\" xmlns=\"http:\/\/www.w3.org\/2000\/svg\"><path d=\"M512 512H0V0h512v512z\"><\/path><\/svg>\t\t\t\t\t\t<\/span>\n\t\t\t\t\t\t\t\t\t\t<span class=\"elementor-icon-list-text\">estructuras de soporte,<\/span>\n\t\t\t\t\t\t\t\t\t<\/li>\n\t\t\t\t\t\t\t\t<li class=\"elementor-icon-list-item\">\n\t\t\t\t\t\t\t\t\t\t\t<span class=\"elementor-icon-list-icon\">\n\t\t\t\t\t\t\t<svg aria-hidden=\"true\" class=\"e-font-icon-svg e-fas-square-full\" viewbox=\"0 0 512 512\" xmlns=\"http:\/\/www.w3.org\/2000\/svg\"><path d=\"M512 512H0V0h512v512z\"><\/path><\/svg>\t\t\t\t\t\t<\/span>\n\t\t\t\t\t\t\t\t\t\t<span class=\"elementor-icon-list-text\">automoci\u00f3n y ferrocarril,<\/span>\n\t\t\t\t\t\t\t\t\t<\/li>\n\t\t\t\t\t\t\t\t<li class=\"elementor-icon-list-item\">\n\t\t\t\t\t\t\t\t\t\t\t<span class=\"elementor-icon-list-icon\">\n\t\t\t\t\t\t\t<svg aria-hidden=\"true\" class=\"e-font-icon-svg e-fas-square-full\" viewbox=\"0 0 512 512\" xmlns=\"http:\/\/www.w3.org\/2000\/svg\"><path d=\"M512 512H0V0h512v512z\"><\/path><\/svg>\t\t\t\t\t\t<\/span>\n\t\t\t\t\t\t\t\t\t\t<span class=\"elementor-icon-list-text\"> metalurgia,<\/span>\n\t\t\t\t\t\t\t\t\t<\/li>\n\t\t\t\t\t\t\t\t<li class=\"elementor-icon-list-item\">\n\t\t\t\t\t\t\t\t\t\t\t<span class=\"elementor-icon-list-icon\">\n\t\t\t\t\t\t\t<svg aria-hidden=\"true\" class=\"e-font-icon-svg e-fas-square-full\" viewbox=\"0 0 512 512\" xmlns=\"http:\/\/www.w3.org\/2000\/svg\"><path d=\"M512 512H0V0h512v512z\"><\/path><\/svg>\t\t\t\t\t\t<\/span>\n\t\t\t\t\t\t\t\t\t\t<span class=\"elementor-icon-list-text\"> farmac\u00e9uticos, <\/span>\n\t\t\t\t\t\t\t\t\t<\/li>\n\t\t\t\t\t\t\t\t<li class=\"elementor-icon-list-item\">\n\t\t\t\t\t\t\t\t\t\t\t<span class=\"elementor-icon-list-icon\">\n\t\t\t\t\t\t\t<svg aria-hidden=\"true\" class=\"e-font-icon-svg e-fas-square-full\" viewbox=\"0 0 512 512\" xmlns=\"http:\/\/www.w3.org\/2000\/svg\"><path d=\"M512 512H0V0h512v512z\"><\/path><\/svg>\t\t\t\t\t\t<\/span>\n\t\t\t\t\t\t\t\t\t\t<span class=\"elementor-icon-list-text\">producci\u00f3n de carpinter\u00eda (ventanas y puertas de aluminio).<\/span>\n\t\t\t\t\t\t\t\t\t<\/li>\n\t\t\t\t\t\t<\/ul>\n\t\t\t\t\t\t<\/div>\n\t\t\t\t<div class=\"elementor-element elementor-element-fa19ba3 elementor-widget__width-initial elementor-widget elementor-widget-text-editor\" data-id=\"fa19ba3\" data-element_type=\"widget\" data-e-type=\"widget\" data-widget_type=\"text-editor.default\">\n\t\t\t\t\t\t\t\t\t<p>La soldadura profesional del aluminio requiere experiencia, conocimientos tecnol\u00f3gicos y condiciones de trabajo adecuadas. Incluso peque\u00f1os fallos pueden afectar a la durabilidad de la uni\u00f3n y a la calidad de toda la estructura, por eso realizamos cada proyecto con el m\u00e1ximo cuidado.<\/p>\t\t\t\t\t\t\t\t<\/div>\n\t\t\t\t\t<\/div>\n\t\t<\/div>\n\t\t\t\t<div class=\"elementor-column elementor-col-50 elementor-top-column elementor-element elementor-element-9fdbece\" data-id=\"9fdbece\" data-element_type=\"column\" data-e-type=\"column\">\n\t\t\t<div class=\"elementor-widget-wrap elementor-element-populated\">\n\t\t\t\t\t\t\t<\/div>\n\t\t<\/div>\n\t\t\t\t\t<\/div>\n\t\t<\/section>\n\t\t\t\t<section class=\"elementor-section elementor-top-section elementor-element elementor-element-b598943 elementor-section-boxed elementor-section-height-default elementor-section-height-default\" data-id=\"b598943\" data-element_type=\"section\" data-e-type=\"section\">\n\t\t\t\t\t\t<div class=\"elementor-container elementor-column-gap-wide\">\n\t\t\t\t\t<div class=\"elementor-column elementor-col-100 elementor-top-column elementor-element elementor-element-c249b37\" data-id=\"c249b37\" data-element_type=\"column\" data-e-type=\"column\">\n\t\t\t<div class=\"elementor-widget-wrap elementor-element-populated\">\n\t\t\t\t\t\t<div class=\"elementor-element elementor-element-f18d0de elementor-widget elementor-widget-heading\" data-id=\"f18d0de\" data-element_type=\"widget\" data-e-type=\"widget\" data-widget_type=\"heading.default\">\n\t\t\t\t\t<h2 class=\"elementor-heading-title elementor-size-xl\">T\u00e9cnicas de soldadura de aluminio - MIG y TIG<\/h2>\t\t\t\t<\/div>\n\t\t\t\t<div class=\"elementor-element elementor-element-4ef66a7 elementor-widget__width-initial elementor-widget elementor-widget-text-editor\" data-id=\"4ef66a7\" data-element_type=\"widget\" data-e-type=\"widget\" data-widget_type=\"text-editor.default\">\n\t\t\t\t\t\t\t\t\t<p>La durabilidad de una estructura no s\u00f3lo depende de las propiedades del material, sino sobre todo de la calidad de las soldaduras. En nuestro trabajo utilizamos dos m\u00e9todos de eficacia probada:<\/p>\t\t\t\t\t\t\t\t<\/div>\n\t\t\t\t\t<\/div>\n\t\t<\/div>\n\t\t\t\t\t<\/div>\n\t\t<\/section>\n\t\t\t\t<section class=\"elementor-section elementor-top-section elementor-element elementor-element-6706a9c elementor-section-content-top elementor-section-boxed elementor-section-height-default elementor-section-height-default\" data-id=\"6706a9c\" data-element_type=\"section\" data-e-type=\"section\">\n\t\t\t\t\t\t<div class=\"elementor-container elementor-column-gap-wide\">\n\t\t\t\t\t<div class=\"elementor-column elementor-col-50 elementor-top-column elementor-element elementor-element-70b26c7\" data-id=\"70b26c7\" data-element_type=\"column\" data-e-type=\"column\">\n\t\t\t<div class=\"elementor-widget-wrap elementor-element-populated\">\n\t\t\t\t\t\t<div class=\"elementor-element elementor-element-4949c0b elementor-widget__width-initial elementor-widget elementor-widget-text-editor\" data-id=\"4949c0b\" data-element_type=\"widget\" data-e-type=\"widget\" data-widget_type=\"text-editor.default\">\n\t\t\t\t\t\t\t\t\t<p><strong>Soldadura MIG (gas inerte met\u00e1lico)<\/strong><\/p>\t\t\t\t\t\t\t\t<\/div>\n\t\t\t\t<div class=\"elementor-element elementor-element-cca0b04 elementor-widget__width-initial elementor-widget elementor-widget-text-editor\" data-id=\"cca0b04\" data-element_type=\"widget\" data-e-type=\"widget\" data-widget_type=\"text-editor.default\">\n\t\t\t\t\t\t\t\t\t<p>M\u00e9todo que utiliza un gas inerte (por ejemplo, arg\u00f3n o helio) como pantalla del arco de soldadura. Proporciona una alta productividad y es ideal para estructuras de aluminio de mayor tama\u00f1o.<\/p>\t\t\t\t\t\t\t\t<\/div>\n\t\t\t\t\t<\/div>\n\t\t<\/div>\n\t\t\t\t<div class=\"elementor-column elementor-col-50 elementor-top-column elementor-element elementor-element-88be3a2\" data-id=\"88be3a2\" data-element_type=\"column\" data-e-type=\"column\">\n\t\t\t<div class=\"elementor-widget-wrap elementor-element-populated\">\n\t\t\t\t\t\t<div class=\"elementor-element elementor-element-a691439 elementor-widget__width-initial elementor-widget elementor-widget-text-editor\" data-id=\"a691439\" data-element_type=\"widget\" data-e-type=\"widget\" data-widget_type=\"text-editor.default\">\n\t\t\t\t\t\t\t\t\t<p><strong>Soldadura TIG (gas inerte de tungsteno)<\/strong><\/p>\t\t\t\t\t\t\t\t<\/div>\n\t\t\t\t<div class=\"elementor-element elementor-element-ab253ff elementor-widget__width-initial elementor-widget elementor-widget-text-editor\" data-id=\"ab253ff\" data-element_type=\"widget\" data-e-type=\"widget\" data-widget_type=\"text-editor.default\">\n\t\t\t\t\t\t\t\t\t<p>Una t\u00e9cnica basada en un electrodo de tungsteno no fusible y un escudo de gas inerte. Garantiza una precisi\u00f3n excepcional y soldaduras est\u00e9ticas, lo que es especialmente importante en piezas visibles y en aquellas que requieren un acabado de alta calidad.<\/p>\t\t\t\t\t\t\t\t<\/div>\n\t\t\t\t\t<\/div>\n\t\t<\/div>\n\t\t\t\t\t<\/div>\n\t\t<\/section>\n\t\t\t\t<section class=\"elementor-section elementor-top-section elementor-element elementor-element-e9dfe12 elementor-section-boxed elementor-section-height-default elementor-section-height-default\" data-id=\"e9dfe12\" data-element_type=\"section\" data-e-type=\"section\">\n\t\t\t\t\t\t<div class=\"elementor-container elementor-column-gap-wide\">\n\t\t\t\t\t<div class=\"elementor-column elementor-col-100 elementor-top-column elementor-element elementor-element-5ef9b89\" data-id=\"5ef9b89\" data-element_type=\"column\" data-e-type=\"column\">\n\t\t\t<div class=\"elementor-widget-wrap elementor-element-populated\">\n\t\t\t\t\t\t<div class=\"elementor-element elementor-element-dbd322c elementor-widget elementor-widget-heading\" data-id=\"dbd322c\" data-element_type=\"widget\" data-e-type=\"widget\" data-widget_type=\"heading.default\">\n\t\t\t\t\t<h2 class=\"elementor-heading-title elementor-size-xl\">Experiencia y calidad de la mano de obra<\/h2>\t\t\t\t<\/div>\n\t\t\t\t<div class=\"elementor-element elementor-element-4211676 elementor-widget__width-initial elementor-widget elementor-widget-text-editor\" data-id=\"4211676\" data-element_type=\"widget\" data-e-type=\"widget\" data-widget_type=\"text-editor.default\">\n\t\t\t\t\t\t\t\t\t<p data-start=\"1968\" data-end=\"2172\">El proceso de soldadura del aluminio requiere una secuencia correcta de operaciones y unas normas de seguridad estrictas. Una soldadura mal realizada puede debilitar una estructura o afectar a su est\u00e9tica. Por eso confiamos nuestras realizaciones \u00fanicamente a especialistas cualificados que trabajan con equipos modernos y de eficacia probada. Esto garantiza:<\/p><ul data-start=\"2318\" data-end=\"2451\"><li data-start=\"2318\" data-end=\"2347\"><p data-start=\"2320\" data-end=\"2347\">conectores de alta resistencia,<\/p><\/li><li data-start=\"2348\" data-end=\"2372\"><p data-start=\"2350\" data-end=\"2372\">repetibilidad de la calidad,<\/p><\/li><li data-start=\"2373\" data-end=\"2402\"><p data-start=\"2375\" data-end=\"2402\">juntas est\u00e9ticas y duraderas,<\/p><\/li><li data-start=\"2403\" data-end=\"2451\"><p data-start=\"2405\" data-end=\"2451\">seguridad de uso de los elementos acabados.<\/p><\/li><\/ul><p data-start=\"2681\" data-end=\"2886\">Para elaborar un presupuesto preciso, necesitamos par\u00e1metros t\u00e9cnicos detallados de la construcci\u00f3n prevista. Esto nos permite ofrecer la soluci\u00f3n \u00f3ptima en t\u00e9rminos de tecnolog\u00eda y coste.<\/p><p data-start=\"2888\" data-end=\"3048\" data-is-last-node=\"\" data-is-only-node=\"\">Si desea estructuras de aluminio duraderas, est\u00e9ticas y robustas, p\u00f3ngase en contacto con nosotros y explore las posibilidades de la soldadura profesional de aluminio.<\/p>\t\t\t\t\t\t\t\t<\/div>\n\t\t\t\t\t<\/div>\n\t\t<\/div>\n\t\t\t\t\t<\/div>\n\t\t<\/section>\n\t\t\t\t<\/div>","protected":false},"excerpt":{"rendered":"<div class=\"tmnf_excerpt\"><p>Spawanie aluminium to jedna z kluczowych us\u0142ug w zakresie obr\u00f3bki metali nie\u017celaznych oferowanych przez Odlewnia Wako Pruszk\u00f3w. Realizujemy profesjonalne \u0142\u0105czenie element\u00f3w aluminiowych, umo\u017cliwiaj\u0105ce tworzenie lekkich, wytrzyma\u0142ych i estetycznych konstrukcji dopasowanych do potrzeb r\u00f3\u017cnych bran\u017c. Aluminium to materia\u0142 ceniony za nisk\u0105 wag\u0119, odporno\u015b\u0107 na korozj\u0119 oraz wysok\u0105 wytrzyma\u0142o\u015b\u0107 mechaniczn\u0105. Z tego wzgl\u0119du znajduje szerokie zastosowanie w &hellip;<\/p>\n<\/div>","protected":false},"author":1,"featured_media":0,"parent":513,"menu_order":0,"comment_status":"closed","ping_status":"closed","template":"template-fullwidth-alt.php","meta":{"om_disable_all_campaigns":false,"_monsterinsights_skip_tracking":false,"_monsterinsights_sitenote_active":false,"_monsterinsights_sitenote_note":"","_monsterinsights_sitenote_category":0,"footnotes":""},"class_list":["post-7767","page","type-page","status-publish","hentry"],"aioseo_notices":[],"_links":{"self":[{"href":"https:\/\/www.wako-odlewnia.pl\/es\/wp-json\/wp\/v2\/pages\/7767","targetHints":{"allow":["GET"]}}],"collection":[{"href":"https:\/\/www.wako-odlewnia.pl\/es\/wp-json\/wp\/v2\/pages"}],"about":[{"href":"https:\/\/www.wako-odlewnia.pl\/es\/wp-json\/wp\/v2\/types\/page"}],"author":[{"embeddable":true,"href":"https:\/\/www.wako-odlewnia.pl\/es\/wp-json\/wp\/v2\/users\/1"}],"replies":[{"embeddable":true,"href":"https:\/\/www.wako-odlewnia.pl\/es\/wp-json\/wp\/v2\/comments?post=7767"}],"version-history":[{"count":34,"href":"https:\/\/www.wako-odlewnia.pl\/es\/wp-json\/wp\/v2\/pages\/7767\/revisions"}],"predecessor-version":[{"id":8523,"href":"https:\/\/www.wako-odlewnia.pl\/es\/wp-json\/wp\/v2\/pages\/7767\/revisions\/8523"}],"up":[{"embeddable":true,"href":"https:\/\/www.wako-odlewnia.pl\/es\/wp-json\/wp\/v2\/pages\/513"}],"wp:attachment":[{"href":"https:\/\/www.wako-odlewnia.pl\/es\/wp-json\/wp\/v2\/media?parent=7767"}],"curies":[{"name":"wp","href":"https:\/\/api.w.org\/{rel}","templated":true}]}}