{"id":544,"date":"2015-07-17T13:15:29","date_gmt":"2015-07-17T13:15:29","guid":{"rendered":"http:\/\/capethemes.com\/demo\/industry\/?page_id=544"},"modified":"2026-02-16T14:25:55","modified_gmt":"2026-02-16T13:25:55","slug":"fundicion-a-presion","status":"publish","type":"page","link":"https:\/\/www.wako-odlewnia.pl\/es\/oferta\/odlewanie-kokilowe\/","title":{"rendered":"Fundici\u00f3n a presi\u00f3n"},"content":{"rendered":"<div data-elementor-type=\"wp-page\" data-elementor-id=\"544\" class=\"elementor elementor-544\" data-elementor-post-type=\"page\">\n\t\t\t\t\t\t<section class=\"elementor-section elementor-top-section elementor-element elementor-element-9b2436b elementor-section-boxed elementor-section-height-default elementor-section-height-default\" data-id=\"9b2436b\" data-element_type=\"section\" data-e-type=\"section\">\n\t\t\t\t\t\t<div class=\"elementor-container elementor-column-gap-wide\">\n\t\t\t\t\t<div class=\"elementor-column elementor-col-50 elementor-top-column elementor-element elementor-element-07fbb2a\" data-id=\"07fbb2a\" data-element_type=\"column\" data-e-type=\"column\">\n\t\t\t<div class=\"elementor-widget-wrap elementor-element-populated\">\n\t\t\t\t\t\t<div class=\"elementor-element elementor-element-d4e1a3f elementor-widget elementor-widget-text-editor\" data-id=\"d4e1a3f\" data-element_type=\"widget\" data-e-type=\"widget\" data-widget_type=\"text-editor.default\">\n\t\t\t\t\t\t\t\t\t<p><strong>Wako Odlewnia es una experimentada fundici\u00f3n de metales no f\u00e9rreos de Pruszk\u00f3w<\/strong>, especializada en la fabricaci\u00f3n de componentes de precisi\u00f3n para la industria. Una de las tecnolog\u00edas que utilizamos es <strong>fundici\u00f3n a presi\u00f3n<\/strong> - que garantiza una gran precisi\u00f3n dimensional, repetibilidad y una excelente calidad superficial.<\/p><p>El proceso implica el uso de moldes permanentes de acero (matrices) que pueden llenarse repetidamente con metal l\u00edquido. Esto permite obtener piezas fundidas con par\u00e1metros geom\u00e9tricos estables y una estructura homog\u00e9nea del material.<\/p>\t\t\t\t\t\t\t\t<\/div>\n\t\t\t\t\t<\/div>\n\t\t<\/div>\n\t\t\t\t<div class=\"elementor-column elementor-col-50 elementor-top-column elementor-element elementor-element-eb77142 elementor-hidden-phone\" data-id=\"eb77142\" data-element_type=\"column\" data-e-type=\"column\">\n\t\t\t<div class=\"elementor-widget-wrap elementor-element-populated\">\n\t\t\t\t\t\t<div class=\"elementor-element elementor-element-e72f0fb elementor-widget elementor-widget-image\" data-id=\"e72f0fb\" data-element_type=\"widget\" data-e-type=\"widget\" data-widget_type=\"image.default\">\n\t\t\t\t\t\t\t\t\t\t\t\t\t\t\t<img decoding=\"async\" src=\"https:\/\/www.wako-odlewnia.pl\/wp-content\/uploads\/elementor\/thumbs\/odlewanie-kokilowe-ri0r13yaavwzjfpp2wt7mggj8z2gmk1ji4tnc2gpoo.jpeg\" title=\"fundici\u00f3n-cocil\" alt=\"fundici\u00f3n-cocil\" loading=\"lazy\" \/>\t\t\t\t\t\t\t\t\t\t\t\t\t\t\t<\/div>\n\t\t\t\t<div class=\"elementor-element elementor-element-f7b047f elementor-absolute elementor-hidden-phone elementor-widget__width-initial elementor-widget elementor-widget-heading\" data-id=\"f7b047f\" data-element_type=\"widget\" data-e-type=\"widget\" data-settings=\"{&quot;_position&quot;:&quot;absolute&quot;}\" data-widget_type=\"heading.default\">\n\t\t\t\t\t<h2 class=\"elementor-heading-title elementor-size-default\">.<\/h2>\t\t\t\t<\/div>\n\t\t\t\t\t<\/div>\n\t\t<\/div>\n\t\t\t\t\t<\/div>\n\t\t<\/section>\n\t\t\t\t<section class=\"elementor-section elementor-top-section elementor-element elementor-element-c03b745 elementor-section-boxed elementor-section-height-default elementor-section-height-default\" data-id=\"c03b745\" data-element_type=\"section\" data-e-type=\"section\">\n\t\t\t\t\t\t<div class=\"elementor-container elementor-column-gap-wide\">\n\t\t\t\t\t<div class=\"elementor-column elementor-col-100 elementor-top-column elementor-element elementor-element-63c2f57\" data-id=\"63c2f57\" data-element_type=\"column\" data-e-type=\"column\">\n\t\t\t<div class=\"elementor-widget-wrap elementor-element-populated\">\n\t\t\t\t\t\t<div class=\"elementor-element elementor-element-b7ac542 elementor-widget elementor-widget-heading\" data-id=\"b7ac542\" data-element_type=\"widget\" data-e-type=\"widget\" data-widget_type=\"heading.default\">\n\t\t\t\t\t<h2 class=\"elementor-heading-title elementor-size-xl\">\u00bfPor qu\u00e9 elegir la fundici\u00f3n a presi\u00f3n?<\/h2>\t\t\t\t<\/div>\n\t\t\t\t<div class=\"elementor-element elementor-element-76c4414 elementor-widget__width-initial elementor-widget elementor-widget-text-editor\" data-id=\"76c4414\" data-element_type=\"widget\" data-e-type=\"widget\" data-widget_type=\"text-editor.default\">\n\t\t\t\t\t\t\t\t\t<p>La fundici\u00f3n a presi\u00f3n es una tecnolog\u00eda recomendada cuando la precisi\u00f3n y la est\u00e9tica son cruciales.<br \/>En comparaci\u00f3n con los m\u00e9todos de arena, permite conseguir:<\/p>\t\t\t\t\t\t\t\t<\/div>\n\t\t\t\t\t<\/div>\n\t\t<\/div>\n\t\t\t\t\t<\/div>\n\t\t<\/section>\n\t\t\t\t<section class=\"elementor-section elementor-top-section elementor-element elementor-element-2913c05 elementor-section-boxed elementor-section-height-default elementor-section-height-default\" data-id=\"2913c05\" data-element_type=\"section\" data-e-type=\"section\">\n\t\t\t\t\t\t<div class=\"elementor-container elementor-column-gap-wide\">\n\t\t\t\t\t<div class=\"elementor-column elementor-col-50 elementor-top-column elementor-element elementor-element-53ce1ae\" data-id=\"53ce1ae\" data-element_type=\"column\" data-e-type=\"column\">\n\t\t\t<div class=\"elementor-widget-wrap elementor-element-populated\">\n\t\t\t\t\t\t<div class=\"elementor-element elementor-element-50f32f4 elementor-icon-list--layout-traditional elementor-list-item-link-full_width elementor-widget elementor-widget-icon-list\" data-id=\"50f32f4\" data-element_type=\"widget\" data-e-type=\"widget\" data-widget_type=\"icon-list.default\">\n\t\t\t\t\t\t\t<ul class=\"elementor-icon-list-items\">\n\t\t\t\t\t\t\t<li class=\"elementor-icon-list-item\">\n\t\t\t\t\t\t\t\t\t\t\t<span class=\"elementor-icon-list-icon\">\n\t\t\t\t\t\t\t<svg aria-hidden=\"true\" class=\"e-font-icon-svg e-fas-square-full\" viewbox=\"0 0 512 512\" xmlns=\"http:\/\/www.w3.org\/2000\/svg\"><path d=\"M512 512H0V0h512v512z\"><\/path><\/svg>\t\t\t\t\t\t<\/span>\n\t\t\t\t\t\t\t\t\t\t<span class=\"elementor-icon-list-text\">gran precisi\u00f3n dimensional y repetibilidad,<\/span>\n\t\t\t\t\t\t\t\t\t<\/li>\n\t\t\t\t\t\t\t\t<li class=\"elementor-icon-list-item\">\n\t\t\t\t\t\t\t\t\t\t\t<span class=\"elementor-icon-list-icon\">\n\t\t\t\t\t\t\t<svg aria-hidden=\"true\" class=\"e-font-icon-svg e-fas-square-full\" viewbox=\"0 0 512 512\" xmlns=\"http:\/\/www.w3.org\/2000\/svg\"><path d=\"M512 512H0V0h512v512z\"><\/path><\/svg>\t\t\t\t\t\t<\/span>\n\t\t\t\t\t\t\t\t\t\t<span class=\"elementor-icon-list-text\">superficies lisas con poca rugosidad,<\/span>\n\t\t\t\t\t\t\t\t\t<\/li>\n\t\t\t\t\t\t\t\t<li class=\"elementor-icon-list-item\">\n\t\t\t\t\t\t\t\t\t\t\t<span class=\"elementor-icon-list-icon\">\n\t\t\t\t\t\t\t<svg aria-hidden=\"true\" class=\"e-font-icon-svg e-fas-square-full\" viewbox=\"0 0 512 512\" xmlns=\"http:\/\/www.w3.org\/2000\/svg\"><path d=\"M512 512H0V0h512v512z\"><\/path><\/svg>\t\t\t\t\t\t<\/span>\n\t\t\t\t\t\t\t\t\t\t<span class=\"elementor-icon-list-text\">mayor rendimiento del metal,<\/span>\n\t\t\t\t\t\t\t\t\t<\/li>\n\t\t\t\t\t\t\t\t<li class=\"elementor-icon-list-item\">\n\t\t\t\t\t\t\t\t\t\t\t<span class=\"elementor-icon-list-icon\">\n\t\t\t\t\t\t\t<svg aria-hidden=\"true\" class=\"e-font-icon-svg e-fas-square-full\" viewbox=\"0 0 512 512\" xmlns=\"http:\/\/www.w3.org\/2000\/svg\"><path d=\"M512 512H0V0h512v512z\"><\/path><\/svg>\t\t\t\t\t\t<\/span>\n\t\t\t\t\t\t\t\t\t\t<span class=\"elementor-icon-list-text\">tiempos de ciclo de producci\u00f3n m\u00e1s cortos,<\/span>\n\t\t\t\t\t\t\t\t\t<\/li>\n\t\t\t\t\t\t\t\t<li class=\"elementor-icon-list-item\">\n\t\t\t\t\t\t\t\t\t\t\t<span class=\"elementor-icon-list-icon\">\n\t\t\t\t\t\t\t<svg aria-hidden=\"true\" class=\"e-font-icon-svg e-fas-square-full\" viewbox=\"0 0 512 512\" xmlns=\"http:\/\/www.w3.org\/2000\/svg\"><path d=\"M512 512H0V0h512v512z\"><\/path><\/svg>\t\t\t\t\t\t<\/span>\n\t\t\t\t\t\t\t\t\t\t<span class=\"elementor-icon-list-text\">limitan las posibilidades de tratamiento mec\u00e1nico posterior.<\/span>\n\t\t\t\t\t\t\t\t\t<\/li>\n\t\t\t\t\t\t<\/ul>\n\t\t\t\t\t\t<\/div>\n\t\t\t\t<div class=\"elementor-element elementor-element-a066fdb elementor-widget__width-initial elementor-widget elementor-widget-text-editor\" data-id=\"a066fdb\" data-element_type=\"widget\" data-e-type=\"widget\" data-widget_type=\"text-editor.default\">\n\t\t\t\t\t\t\t\t\t<p>Otra ventaja de esta tecnolog\u00eda es que permite optimizar el consumo de energ\u00eda y aumentar la eficacia del proceso de producci\u00f3n.<\/p>\t\t\t\t\t\t\t\t<\/div>\n\t\t\t\t\t<\/div>\n\t\t<\/div>\n\t\t\t\t<div class=\"elementor-column elementor-col-50 elementor-top-column elementor-element elementor-element-3a5b4f9\" data-id=\"3a5b4f9\" data-element_type=\"column\" data-e-type=\"column\">\n\t\t\t<div class=\"elementor-widget-wrap elementor-element-populated\">\n\t\t\t\t\t\t\t<\/div>\n\t\t<\/div>\n\t\t\t\t\t<\/div>\n\t\t<\/section>\n\t\t\t\t<section class=\"elementor-section elementor-top-section elementor-element elementor-element-389eec3 elementor-section-boxed elementor-section-height-default elementor-section-height-default\" data-id=\"389eec3\" data-element_type=\"section\" data-e-type=\"section\">\n\t\t\t\t\t\t<div class=\"elementor-container elementor-column-gap-wide\">\n\t\t\t\t\t<div class=\"elementor-column elementor-col-100 elementor-top-column elementor-element elementor-element-b9ee094\" data-id=\"b9ee094\" data-element_type=\"column\" data-e-type=\"column\">\n\t\t\t<div class=\"elementor-widget-wrap elementor-element-populated\">\n\t\t\t\t\t\t<div class=\"elementor-element elementor-element-01fe1f0 elementor-widget elementor-widget-heading\" data-id=\"01fe1f0\" data-element_type=\"widget\" data-e-type=\"widget\" data-widget_type=\"heading.default\">\n\t\t\t\t\t<h2 class=\"elementor-heading-title elementor-size-xl\">Aplicaci\u00f3n de la fundici\u00f3n a presi\u00f3n<\/h2>\t\t\t\t<\/div>\n\t\t\t\t<div class=\"elementor-element elementor-element-23df473 elementor-widget__width-initial elementor-widget elementor-widget-text-editor\" data-id=\"23df473\" data-element_type=\"widget\" data-e-type=\"widget\" data-widget_type=\"text-editor.default\">\n\t\t\t\t\t\t\t\t\t<p>Debido a sus caracter\u00edsticas, el m\u00e9todo se utiliza principalmente en la producci\u00f3n en serie y de gran volumen.\u00a0<\/p>\t\t\t\t\t\t\t\t<\/div>\n\t\t\t\t\t<\/div>\n\t\t<\/div>\n\t\t\t\t\t<\/div>\n\t\t<\/section>\n\t\t\t\t<section class=\"elementor-section elementor-top-section elementor-element elementor-element-c1c0294 elementor-section-boxed elementor-section-height-default elementor-section-height-default\" data-id=\"c1c0294\" data-element_type=\"section\" data-e-type=\"section\">\n\t\t\t\t\t\t<div class=\"elementor-container elementor-column-gap-wide\">\n\t\t\t\t\t<div class=\"elementor-column elementor-col-50 elementor-top-column elementor-element elementor-element-dabd175\" data-id=\"dabd175\" data-element_type=\"column\" data-e-type=\"column\">\n\t\t\t<div class=\"elementor-widget-wrap elementor-element-populated\">\n\t\t\t\t\t\t<div class=\"elementor-element elementor-element-e64cc42 elementor-widget__width-initial elementor-widget elementor-widget-text-editor\" data-id=\"e64cc42\" data-element_type=\"widget\" data-e-type=\"widget\" data-widget_type=\"text-editor.default\">\n\t\t\t\t\t\t\t\t\t<p>La fundici\u00f3n a presi\u00f3n es ideal para la fabricaci\u00f3n:<\/p>\t\t\t\t\t\t\t\t<\/div>\n\t\t\t\t<div class=\"elementor-element elementor-element-2fe1746 elementor-icon-list--layout-traditional elementor-list-item-link-full_width elementor-widget elementor-widget-icon-list\" data-id=\"2fe1746\" data-element_type=\"widget\" data-e-type=\"widget\" data-widget_type=\"icon-list.default\">\n\t\t\t\t\t\t\t<ul class=\"elementor-icon-list-items\">\n\t\t\t\t\t\t\t<li class=\"elementor-icon-list-item\">\n\t\t\t\t\t\t\t\t\t\t\t<span class=\"elementor-icon-list-icon\">\n\t\t\t\t\t\t\t<svg aria-hidden=\"true\" class=\"e-font-icon-svg e-fas-square-full\" viewbox=\"0 0 512 512\" xmlns=\"http:\/\/www.w3.org\/2000\/svg\"><path d=\"M512 512H0V0h512v512z\"><\/path><\/svg>\t\t\t\t\t\t<\/span>\n\t\t\t\t\t\t\t\t\t\t<span class=\"elementor-icon-list-text\">componentes de maquinaria y equipos industriales,<\/span>\n\t\t\t\t\t\t\t\t\t<\/li>\n\t\t\t\t\t\t\t\t<li class=\"elementor-icon-list-item\">\n\t\t\t\t\t\t\t\t\t\t\t<span class=\"elementor-icon-list-icon\">\n\t\t\t\t\t\t\t<svg aria-hidden=\"true\" class=\"e-font-icon-svg e-fas-square-full\" viewbox=\"0 0 512 512\" xmlns=\"http:\/\/www.w3.org\/2000\/svg\"><path d=\"M512 512H0V0h512v512z\"><\/path><\/svg>\t\t\t\t\t\t<\/span>\n\t\t\t\t\t\t\t\t\t\t<span class=\"elementor-icon-list-text\">componentes t\u00e9cnicos de alta precisi\u00f3n,<\/span>\n\t\t\t\t\t\t\t\t\t<\/li>\n\t\t\t\t\t\t\t\t<li class=\"elementor-icon-list-item\">\n\t\t\t\t\t\t\t\t\t\t\t<span class=\"elementor-icon-list-icon\">\n\t\t\t\t\t\t\t<svg aria-hidden=\"true\" class=\"e-font-icon-svg e-fas-square-full\" viewbox=\"0 0 512 512\" xmlns=\"http:\/\/www.w3.org\/2000\/svg\"><path d=\"M512 512H0V0h512v512z\"><\/path><\/svg>\t\t\t\t\t\t<\/span>\n\t\t\t\t\t\t\t\t\t\t<span class=\"elementor-icon-list-text\">detalles con geometr\u00edas complejas,<\/span>\n\t\t\t\t\t\t\t\t\t<\/li>\n\t\t\t\t\t\t\t\t<li class=\"elementor-icon-list-item\">\n\t\t\t\t\t\t\t\t\t\t\t<span class=\"elementor-icon-list-icon\">\n\t\t\t\t\t\t\t<svg aria-hidden=\"true\" class=\"e-font-icon-svg e-fas-square-full\" viewbox=\"0 0 512 512\" xmlns=\"http:\/\/www.w3.org\/2000\/svg\"><path d=\"M512 512H0V0h512v512z\"><\/path><\/svg>\t\t\t\t\t\t<\/span>\n\t\t\t\t\t\t\t\t\t\t<span class=\"elementor-icon-list-text\">piezas que requieren superficies lisas,<\/span>\n\t\t\t\t\t\t\t\t\t<\/li>\n\t\t\t\t\t\t\t\t<li class=\"elementor-icon-list-item\">\n\t\t\t\t\t\t\t\t\t\t\t<span class=\"elementor-icon-list-icon\">\n\t\t\t\t\t\t\t<svg aria-hidden=\"true\" class=\"e-font-icon-svg e-fas-square-full\" viewbox=\"0 0 512 512\" xmlns=\"http:\/\/www.w3.org\/2000\/svg\"><path d=\"M512 512H0V0h512v512z\"><\/path><\/svg>\t\t\t\t\t\t<\/span>\n\t\t\t\t\t\t\t\t\t\t<span class=\"elementor-icon-list-text\">racores estancos a los l\u00edquidos y georresistentes.<\/span>\n\t\t\t\t\t\t\t\t\t<\/li>\n\t\t\t\t\t\t<\/ul>\n\t\t\t\t\t\t<\/div>\n\t\t\t\t<div class=\"elementor-element elementor-element-a4c5cdd elementor-widget__width-initial elementor-widget elementor-widget-text-editor\" data-id=\"a4c5cdd\" data-element_type=\"widget\" data-e-type=\"widget\" data-widget_type=\"text-editor.default\">\n\t\t\t\t\t\t\t\t\t<p>Gracias a esta tecnolog\u00eda, podemos realizar proyectos en los que no s\u00f3lo son importantes la forma y el tama\u00f1o, sino tambi\u00e9n el peso, la calidad de la superficie y la repetibilidad.<\/p>\t\t\t\t\t\t\t\t<\/div>\n\t\t\t\t\t<\/div>\n\t\t<\/div>\n\t\t\t\t<div class=\"elementor-column elementor-col-50 elementor-top-column elementor-element elementor-element-f7557e7\" data-id=\"f7557e7\" data-element_type=\"column\" data-e-type=\"column\">\n\t\t\t<div class=\"elementor-widget-wrap elementor-element-populated\">\n\t\t\t\t\t\t<div class=\"elementor-element elementor-element-695c90f elementor-widget elementor-widget-image\" data-id=\"695c90f\" data-element_type=\"widget\" data-e-type=\"widget\" data-widget_type=\"image.default\">\n\t\t\t\t\t\t\t\t\t\t\t\t\t\t\t<img fetchpriority=\"high\" decoding=\"async\" width=\"1024\" height=\"679\" src=\"https:\/\/www.wako-odlewnia.pl\/wp-content\/uploads\/2026\/01\/odlewanie-kokilowe-1024x679.jpg\" class=\"attachment-large size-large wp-image-8441\" alt=\"\" srcset=\"https:\/\/www.wako-odlewnia.pl\/wp-content\/uploads\/2026\/01\/odlewanie-kokilowe-1024x679.jpg 1024w, https:\/\/www.wako-odlewnia.pl\/wp-content\/uploads\/2026\/01\/odlewanie-kokilowe-300x199.jpg 300w, https:\/\/www.wako-odlewnia.pl\/wp-content\/uploads\/2026\/01\/odlewanie-kokilowe-768x509.jpg 768w, https:\/\/www.wako-odlewnia.pl\/wp-content\/uploads\/2026\/01\/odlewanie-kokilowe.jpg 1152w\" sizes=\"(max-width: 1024px) 100vw, 1024px\" \/>\t\t\t\t\t\t\t\t\t\t\t\t\t\t\t<\/div>\n\t\t\t\t\t<\/div>\n\t\t<\/div>\n\t\t\t\t\t<\/div>\n\t\t<\/section>\n\t\t\t\t<section class=\"elementor-section elementor-top-section elementor-element elementor-element-97bd490 elementor-section-boxed elementor-section-height-default elementor-section-height-default\" data-id=\"97bd490\" data-element_type=\"section\" data-e-type=\"section\">\n\t\t\t\t\t\t<div class=\"elementor-container elementor-column-gap-wide\">\n\t\t\t\t\t<div class=\"elementor-column elementor-col-100 elementor-top-column elementor-element elementor-element-ff82f34\" data-id=\"ff82f34\" data-element_type=\"column\" data-e-type=\"column\">\n\t\t\t<div class=\"elementor-widget-wrap elementor-element-populated\">\n\t\t\t\t\t\t<div class=\"elementor-element elementor-element-8f30a1c elementor-widget elementor-widget-heading\" data-id=\"8f30a1c\" data-element_type=\"widget\" data-e-type=\"widget\" data-widget_type=\"heading.default\">\n\t\t\t\t\t<h2 class=\"elementor-heading-title elementor-size-xl\">Fundici\u00f3n a presi\u00f3n a medida<\/h2>\t\t\t\t<\/div>\n\t\t\t\t<div class=\"elementor-element elementor-element-8323cbe elementor-widget__width-initial elementor-widget elementor-widget-text-editor\" data-id=\"8323cbe\" data-element_type=\"widget\" data-e-type=\"widget\" data-widget_type=\"text-editor.default\">\n\t\t\t\t\t\t\t\t\t<p>Realizamos la fundici\u00f3n a presi\u00f3n bas\u00e1ndonos en la documentaci\u00f3n t\u00e9cnica del cliente, garantizando una mano de obra de alta calidad y la estabilidad de los par\u00e1metros de los materiales. Este m\u00e9todo permite fabricar componentes con muy buenas propiedades funcionales, manteniendo la est\u00e9tica y la precisi\u00f3n.<\/p>\t\t\t\t\t\t\t\t<\/div>\n\t\t\t\t\t<\/div>\n\t\t<\/div>\n\t\t\t\t\t<\/div>\n\t\t<\/section>\n\t\t\t\t<section class=\"elementor-section elementor-top-section elementor-element elementor-element-297e43f elementor-section-boxed elementor-section-height-default elementor-section-height-default\" data-id=\"297e43f\" data-element_type=\"section\" data-e-type=\"section\">\n\t\t\t\t\t\t<div class=\"elementor-container elementor-column-gap-wide\">\n\t\t\t\t\t<div class=\"elementor-column elementor-col-50 elementor-top-column elementor-element elementor-element-2c4aa46\" data-id=\"2c4aa46\" data-element_type=\"column\" data-e-type=\"column\">\n\t\t\t<div class=\"elementor-widget-wrap elementor-element-populated\">\n\t\t\t\t\t\t<div class=\"elementor-element elementor-element-0d50c6b elementor-widget__width-initial elementor-widget elementor-widget-text-editor\" data-id=\"0d50c6b\" data-element_type=\"widget\" data-e-type=\"widget\" data-widget_type=\"text-editor.default\">\n\t\t\t\t\t\t\t\t\t<p>Es una soluci\u00f3n especialmente recomendada para empresas que esperan:<\/p>\t\t\t\t\t\t\t\t<\/div>\n\t\t\t\t<div class=\"elementor-element elementor-element-786d68f elementor-icon-list--layout-traditional elementor-list-item-link-full_width elementor-widget elementor-widget-icon-list\" data-id=\"786d68f\" data-element_type=\"widget\" data-e-type=\"widget\" data-widget_type=\"icon-list.default\">\n\t\t\t\t\t\t\t<ul class=\"elementor-icon-list-items\">\n\t\t\t\t\t\t\t<li class=\"elementor-icon-list-item\">\n\t\t\t\t\t\t\t\t\t\t\t<span class=\"elementor-icon-list-icon\">\n\t\t\t\t\t\t\t<svg aria-hidden=\"true\" class=\"e-font-icon-svg e-fas-square-full\" viewbox=\"0 0 512 512\" xmlns=\"http:\/\/www.w3.org\/2000\/svg\"><path d=\"M512 512H0V0h512v512z\"><\/path><\/svg>\t\t\t\t\t\t<\/span>\n\t\t\t\t\t\t\t\t\t\t<span class=\"elementor-icon-list-text\">producci\u00f3n en serie de alta calidad,<\/span>\n\t\t\t\t\t\t\t\t\t<\/li>\n\t\t\t\t\t\t\t\t<li class=\"elementor-icon-list-item\">\n\t\t\t\t\t\t\t\t\t\t\t<span class=\"elementor-icon-list-icon\">\n\t\t\t\t\t\t\t<svg aria-hidden=\"true\" class=\"e-font-icon-svg e-fas-square-full\" viewbox=\"0 0 512 512\" xmlns=\"http:\/\/www.w3.org\/2000\/svg\"><path d=\"M512 512H0V0h512v512z\"><\/path><\/svg>\t\t\t\t\t\t<\/span>\n\t\t\t\t\t\t\t\t\t\t<span class=\"elementor-icon-list-text\"> repetibilidad dimensional,<\/span>\n\t\t\t\t\t\t\t\t\t<\/li>\n\t\t\t\t\t\t\t\t<li class=\"elementor-icon-list-item\">\n\t\t\t\t\t\t\t\t\t\t\t<span class=\"elementor-icon-list-icon\">\n\t\t\t\t\t\t\t<svg aria-hidden=\"true\" class=\"e-font-icon-svg e-fas-square-full\" viewbox=\"0 0 512 512\" xmlns=\"http:\/\/www.w3.org\/2000\/svg\"><path d=\"M512 512H0V0h512v512z\"><\/path><\/svg>\t\t\t\t\t\t<\/span>\n\t\t\t\t\t\t\t\t\t\t<span class=\"elementor-icon-list-text\">estructura homog\u00e9nea del material,<\/span>\n\t\t\t\t\t\t\t\t\t<\/li>\n\t\t\t\t\t\t\t\t<li class=\"elementor-icon-list-item\">\n\t\t\t\t\t\t\t\t\t\t\t<span class=\"elementor-icon-list-icon\">\n\t\t\t\t\t\t\t<svg aria-hidden=\"true\" class=\"e-font-icon-svg e-fas-square-full\" viewbox=\"0 0 512 512\" xmlns=\"http:\/\/www.w3.org\/2000\/svg\"><path d=\"M512 512H0V0h512v512z\"><\/path><\/svg>\t\t\t\t\t\t<\/span>\n\t\t\t\t\t\t\t\t\t\t<span class=\"elementor-icon-list-text\"> superficies lisas y est\u00e9ticamente agradables.<\/span>\n\t\t\t\t\t\t\t\t\t<\/li>\n\t\t\t\t\t\t<\/ul>\n\t\t\t\t\t\t<\/div>\n\t\t\t\t\t<\/div>\n\t\t<\/div>\n\t\t\t\t<div class=\"elementor-column elementor-col-50 elementor-top-column elementor-element elementor-element-2486d4a\" data-id=\"2486d4a\" data-element_type=\"column\" data-e-type=\"column\">\n\t\t\t<div class=\"elementor-widget-wrap elementor-element-populated\">\n\t\t\t\t\t\t<div class=\"elementor-element elementor-element-45f8c0d elementor-widget elementor-widget-image\" data-id=\"45f8c0d\" data-element_type=\"widget\" data-e-type=\"widget\" data-widget_type=\"image.default\">\n\t\t\t\t\t\t\t\t\t\t\t\t\t\t\t<img decoding=\"async\" width=\"1024\" height=\"681\" src=\"https:\/\/www.wako-odlewnia.pl\/wp-content\/uploads\/2026\/01\/odlewanie-kokilowe-kokila-1024x681.jpg\" class=\"attachment-large size-large wp-image-8445\" alt=\"\" srcset=\"https:\/\/www.wako-odlewnia.pl\/wp-content\/uploads\/2026\/01\/odlewanie-kokilowe-kokila-1024x681.jpg 1024w, https:\/\/www.wako-odlewnia.pl\/wp-content\/uploads\/2026\/01\/odlewanie-kokilowe-kokila-300x199.jpg 300w, https:\/\/www.wako-odlewnia.pl\/wp-content\/uploads\/2026\/01\/odlewanie-kokilowe-kokila-768x511.jpg 768w, https:\/\/www.wako-odlewnia.pl\/wp-content\/uploads\/2026\/01\/odlewanie-kokilowe-kokila.jpg 1152w\" sizes=\"(max-width: 1024px) 100vw, 1024px\" \/>\t\t\t\t\t\t\t\t\t\t\t\t\t\t\t<\/div>\n\t\t\t\t\t<\/div>\n\t\t<\/div>\n\t\t\t\t\t<\/div>\n\t\t<\/section>\n\t\t\t\t<\/div>","protected":false},"excerpt":{"rendered":"<div class=\"tmnf_excerpt\"><p>Wako Odlewnia to do\u015bwiadczona odlewnia metali nie\u017celaznych z Pruszkowa, specjalizuj\u0105ca si\u0119 w produkcji precyzyjnych komponent\u00f3w dla przemys\u0142u. Jedn\u0105 z technologii, z kt\u00f3rych korzystamy, jest odlewanie kokilowe \u2013 metoda zapewniaj\u0105ca wysok\u0105 dok\u0142adno\u015b\u0107 wymiarow\u0105, powtarzalno\u015b\u0107 oraz doskona\u0142\u0105 jako\u015b\u0107 powierzchni. Proces ten polega na wykorzystaniu trwa\u0142ych form stalowych (kokili), kt\u00f3re mog\u0105 by\u0107 wielokrotnie nape\u0142niane ciek\u0142ym metalem. Dzi\u0119ki temu &hellip;<\/p>\n<\/div>","protected":false},"author":1,"featured_media":0,"parent":513,"menu_order":0,"comment_status":"closed","ping_status":"closed","template":"template-fullwidth-alt.php","meta":{"om_disable_all_campaigns":false,"_monsterinsights_skip_tracking":false,"_monsterinsights_sitenote_active":false,"_monsterinsights_sitenote_note":"","_monsterinsights_sitenote_category":0,"footnotes":""},"class_list":["post-544","page","type-page","status-publish","hentry"],"aioseo_notices":[],"_links":{"self":[{"href":"https:\/\/www.wako-odlewnia.pl\/es\/wp-json\/wp\/v2\/pages\/544","targetHints":{"allow":["GET"]}}],"collection":[{"href":"https:\/\/www.wako-odlewnia.pl\/es\/wp-json\/wp\/v2\/pages"}],"about":[{"href":"https:\/\/www.wako-odlewnia.pl\/es\/wp-json\/wp\/v2\/types\/page"}],"author":[{"embeddable":true,"href":"https:\/\/www.wako-odlewnia.pl\/es\/wp-json\/wp\/v2\/users\/1"}],"replies":[{"embeddable":true,"href":"https:\/\/www.wako-odlewnia.pl\/es\/wp-json\/wp\/v2\/comments?post=544"}],"version-history":[{"count":40,"href":"https:\/\/www.wako-odlewnia.pl\/es\/wp-json\/wp\/v2\/pages\/544\/revisions"}],"predecessor-version":[{"id":8532,"href":"https:\/\/www.wako-odlewnia.pl\/es\/wp-json\/wp\/v2\/pages\/544\/revisions\/8532"}],"up":[{"embeddable":true,"href":"https:\/\/www.wako-odlewnia.pl\/es\/wp-json\/wp\/v2\/pages\/513"}],"wp:attachment":[{"href":"https:\/\/www.wako-odlewnia.pl\/es\/wp-json\/wp\/v2\/media?parent=544"}],"curies":[{"name":"wp","href":"https:\/\/api.w.org\/{rel}","templated":true}]}}