{"id":529,"date":"2015-07-17T12:52:17","date_gmt":"2015-07-17T12:52:17","guid":{"rendered":"http:\/\/capethemes.com\/demo\/industry\/?page_id=529"},"modified":"2026-02-16T14:25:15","modified_gmt":"2026-02-16T13:25:15","slug":"fundicion-en-arena","status":"publish","type":"page","link":"https:\/\/www.wako-odlewnia.pl\/es\/oferta\/odlewanie-piaskowe\/","title":{"rendered":"Fundici\u00f3n en arena"},"content":{"rendered":"<div data-elementor-type=\"wp-page\" data-elementor-id=\"529\" class=\"elementor elementor-529\" data-elementor-post-type=\"page\">\n\t\t\t\t\t\t<section class=\"elementor-section elementor-top-section elementor-element elementor-element-cd2ed79 elementor-section-boxed elementor-section-height-default elementor-section-height-default\" data-id=\"cd2ed79\" data-element_type=\"section\" data-e-type=\"section\">\n\t\t\t\t\t\t<div class=\"elementor-container elementor-column-gap-wide\">\n\t\t\t\t\t<div class=\"elementor-column elementor-col-50 elementor-top-column elementor-element elementor-element-0ecfe0a\" data-id=\"0ecfe0a\" data-element_type=\"column\" data-e-type=\"column\">\n\t\t\t<div class=\"elementor-widget-wrap elementor-element-populated\">\n\t\t\t\t\t\t<div class=\"elementor-element elementor-element-c2887fe elementor-widget elementor-widget-text-editor\" data-id=\"c2887fe\" data-element_type=\"widget\" data-e-type=\"widget\" data-widget_type=\"text-editor.default\">\n\t\t\t\t\t\t\t\t\t<p data-start=\"253\" data-end=\"573\"><strong data-start=\"253\" data-end=\"327\">Wako Odlewnia es una experimentada fundici\u00f3n de metales no f\u00e9rreos de Pruszk\u00f3w<\/strong>, especializada en la fabricaci\u00f3n de componentes de precisi\u00f3n para la industria. Una de las principales tecnolog\u00edas que utilizamos es <strong data-start=\"461\" data-end=\"483\">fundici\u00f3n en arena<\/strong> - uno de los m\u00e9todos m\u00e1s vers\u00e1tiles y econ\u00f3micos de producir piezas de fundici\u00f3n met\u00e1licas.<\/p><p data-start=\"575\" data-end=\"831\">Esta tecnolog\u00eda permite fabricar piezas de formas, tama\u00f1os y pesos variables, manteniendo una gran precisi\u00f3n y una relaci\u00f3n calidad-precio favorable. Gracias a su flexibilidad, se utiliza en numerosos sectores industriales.<\/p>\t\t\t\t\t\t\t\t<\/div>\n\t\t\t\t\t<\/div>\n\t\t<\/div>\n\t\t\t\t<div class=\"elementor-column elementor-col-50 elementor-top-column elementor-element elementor-element-c46dbe7 elementor-hidden-phone\" data-id=\"c46dbe7\" data-element_type=\"column\" data-e-type=\"column\">\n\t\t\t<div class=\"elementor-widget-wrap elementor-element-populated\">\n\t\t\t\t\t\t<div class=\"elementor-element elementor-element-3ffb787 elementor-widget elementor-widget-image\" data-id=\"3ffb787\" data-element_type=\"widget\" data-e-type=\"widget\" data-widget_type=\"image.default\">\n\t\t\t\t\t\t\t\t\t\t\t\t\t\t\t<img decoding=\"async\" src=\"https:\/\/www.wako-odlewnia.pl\/wp-content\/uploads\/elementor\/thumbs\/odlewanie-piaskowe-ri0u44o1ifw6teg8swew4fwh3bv5rks83mq7wluqrs.jpeg\" title=\"fundici\u00f3n-arena\" alt=\"fundici\u00f3n-arena\" loading=\"lazy\" \/>\t\t\t\t\t\t\t\t\t\t\t\t\t\t\t<\/div>\n\t\t\t\t<div class=\"elementor-element elementor-element-2aea97a elementor-absolute elementor-hidden-phone elementor-widget__width-initial elementor-widget elementor-widget-heading\" data-id=\"2aea97a\" data-element_type=\"widget\" data-e-type=\"widget\" data-settings=\"{&quot;_position&quot;:&quot;absolute&quot;}\" data-widget_type=\"heading.default\">\n\t\t\t\t\t<h2 class=\"elementor-heading-title elementor-size-default\">.<\/h2>\t\t\t\t<\/div>\n\t\t\t\t\t<\/div>\n\t\t<\/div>\n\t\t\t\t\t<\/div>\n\t\t<\/section>\n\t\t\t\t<section class=\"elementor-section elementor-top-section elementor-element elementor-element-a18918f elementor-section-boxed elementor-section-height-default elementor-section-height-default\" data-id=\"a18918f\" data-element_type=\"section\" data-e-type=\"section\">\n\t\t\t\t\t\t<div class=\"elementor-container elementor-column-gap-wide\">\n\t\t\t\t\t<div class=\"elementor-column elementor-col-100 elementor-top-column elementor-element elementor-element-51a0300\" data-id=\"51a0300\" data-element_type=\"column\" data-e-type=\"column\">\n\t\t\t<div class=\"elementor-widget-wrap elementor-element-populated\">\n\t\t\t\t\t\t<div class=\"elementor-element elementor-element-450a496 elementor-widget elementor-widget-heading\" data-id=\"450a496\" data-element_type=\"widget\" data-e-type=\"widget\" data-widget_type=\"heading.default\">\n\t\t\t\t\t<h2 class=\"elementor-heading-title elementor-size-xl\">\u00bfEn qu\u00e9 consiste el proceso de fundici\u00f3n en arena?<\/h2>\t\t\t\t<\/div>\n\t\t\t\t<div class=\"elementor-element elementor-element-fef05dd elementor-widget__width-initial elementor-widget elementor-widget-text-editor\" data-id=\"fef05dd\" data-element_type=\"widget\" data-e-type=\"widget\" data-widget_type=\"text-editor.default\">\n\t\t\t\t\t\t\t\t\t<p data-start=\"886\" data-end=\"1105\">La fundici\u00f3n en arena es un proceso tecnol\u00f3gico avanzado que comienza con la fabricaci\u00f3n de moldes de arena, a menudo equipados con n\u00facleos de fundici\u00f3n para permitir geometr\u00edas internas complejas.<\/p>\t\t\t\t\t\t\t\t<\/div>\n\t\t\t\t\t<\/div>\n\t\t<\/div>\n\t\t\t\t\t<\/div>\n\t\t<\/section>\n\t\t\t\t<section class=\"elementor-section elementor-top-section elementor-element elementor-element-1511921 elementor-section-boxed elementor-section-height-default elementor-section-height-default\" data-id=\"1511921\" data-element_type=\"section\" data-e-type=\"section\">\n\t\t\t\t\t\t<div class=\"elementor-container elementor-column-gap-wide\">\n\t\t\t\t\t<div class=\"elementor-column elementor-col-50 elementor-top-column elementor-element elementor-element-c374c06\" data-id=\"c374c06\" data-element_type=\"column\" data-e-type=\"column\">\n\t\t\t<div class=\"elementor-widget-wrap elementor-element-populated\">\n\t\t\t\t\t\t<div class=\"elementor-element elementor-element-1f0d254 elementor-widget__width-initial elementor-widget elementor-widget-text-editor\" data-id=\"1f0d254\" data-element_type=\"widget\" data-e-type=\"widget\" data-widget_type=\"text-editor.default\">\n\t\t\t\t\t\t\t\t\t<p data-start=\"1107\" data-end=\"1360\">A continuaci\u00f3n, se inunda el molde con metal l\u00edquido con par\u00e1metros estrictamente definidos. Una vez que el material se ha solidificado y el molde se ha roto, se extrae el componente y se somete a otras operaciones de acabado para conseguir la forma, la precisi\u00f3n y la calidad de superficie requeridas.<\/p>\t\t\t\t\t\t\t\t<\/div>\n\t\t\t\t\t<\/div>\n\t\t<\/div>\n\t\t\t\t<div class=\"elementor-column elementor-col-50 elementor-top-column elementor-element elementor-element-bf524db\" data-id=\"bf524db\" data-element_type=\"column\" data-e-type=\"column\">\n\t\t\t<div class=\"elementor-widget-wrap elementor-element-populated\">\n\t\t\t\t\t\t\t<\/div>\n\t\t<\/div>\n\t\t\t\t\t<\/div>\n\t\t<\/section>\n\t\t\t\t<section class=\"elementor-section elementor-top-section elementor-element elementor-element-491a9ce elementor-section-boxed elementor-section-height-default elementor-section-height-default\" data-id=\"491a9ce\" data-element_type=\"section\" data-e-type=\"section\">\n\t\t\t\t\t\t<div class=\"elementor-container elementor-column-gap-wide\">\n\t\t\t\t\t<div class=\"elementor-column elementor-col-100 elementor-top-column elementor-element elementor-element-de2d662\" data-id=\"de2d662\" data-element_type=\"column\" data-e-type=\"column\">\n\t\t\t<div class=\"elementor-widget-wrap elementor-element-populated\">\n\t\t\t\t\t\t<div class=\"elementor-element elementor-element-f9ecdad elementor-widget elementor-widget-heading\" data-id=\"f9ecdad\" data-element_type=\"widget\" data-e-type=\"widget\" data-widget_type=\"heading.default\">\n\t\t\t\t\t<h2 class=\"elementor-heading-title elementor-size-xl\">Ventajas de la fundici\u00f3n en arena<\/h2>\t\t\t\t<\/div>\n\t\t\t\t\t<\/div>\n\t\t<\/div>\n\t\t\t\t\t<\/div>\n\t\t<\/section>\n\t\t\t\t<section class=\"elementor-section elementor-top-section elementor-element elementor-element-6fa1dd1 elementor-section-boxed elementor-section-height-default elementor-section-height-default\" data-id=\"6fa1dd1\" data-element_type=\"section\" data-e-type=\"section\">\n\t\t\t\t\t\t<div class=\"elementor-container elementor-column-gap-wide\">\n\t\t\t\t\t<div class=\"elementor-column elementor-col-50 elementor-top-column elementor-element elementor-element-628966e\" data-id=\"628966e\" data-element_type=\"column\" data-e-type=\"column\">\n\t\t\t<div class=\"elementor-widget-wrap elementor-element-populated\">\n\t\t\t\t\t\t<div class=\"elementor-element elementor-element-5d8f22a elementor-widget__width-initial elementor-widget elementor-widget-text-editor\" data-id=\"5d8f22a\" data-element_type=\"widget\" data-e-type=\"widget\" data-widget_type=\"text-editor.default\">\n\t\t\t\t\t\t\t\t\t<p>Como fundici\u00f3n con muchos a\u00f1os de experiencia, podemos se\u00f1alar las ventajas espec\u00edficas de este m\u00e9todo:<\/p>\t\t\t\t\t\t\t\t<\/div>\n\t\t\t\t<div class=\"elementor-element elementor-element-424ff0f elementor-icon-list--layout-traditional elementor-list-item-link-full_width elementor-widget elementor-widget-icon-list\" data-id=\"424ff0f\" data-element_type=\"widget\" data-e-type=\"widget\" data-widget_type=\"icon-list.default\">\n\t\t\t\t\t\t\t<ul class=\"elementor-icon-list-items\">\n\t\t\t\t\t\t\t<li class=\"elementor-icon-list-item\">\n\t\t\t\t\t\t\t\t\t\t\t<span class=\"elementor-icon-list-icon\">\n\t\t\t\t\t\t\t<svg aria-hidden=\"true\" class=\"e-font-icon-svg e-fas-square-full\" viewbox=\"0 0 512 512\" xmlns=\"http:\/\/www.w3.org\/2000\/svg\"><path d=\"M512 512H0V0h512v512z\"><\/path><\/svg>\t\t\t\t\t\t<\/span>\n\t\t\t\t\t\t\t\t\t\t<span class=\"elementor-icon-list-text\">bajos costes de producci\u00f3n, especialmente para componentes a gran escala y prototipos,<\/span>\n\t\t\t\t\t\t\t\t\t<\/li>\n\t\t\t\t\t\t\t\t<li class=\"elementor-icon-list-item\">\n\t\t\t\t\t\t\t\t\t\t\t<span class=\"elementor-icon-list-icon\">\n\t\t\t\t\t\t\t<svg aria-hidden=\"true\" class=\"e-font-icon-svg e-fas-square-full\" viewbox=\"0 0 512 512\" xmlns=\"http:\/\/www.w3.org\/2000\/svg\"><path d=\"M512 512H0V0h512v512z\"><\/path><\/svg>\t\t\t\t\t\t<\/span>\n\t\t\t\t\t\t\t\t\t\t<span class=\"elementor-icon-list-text\">gran versatilidad: capacidad para producir piezas de diferentes formas, tama\u00f1os y pesos,<\/span>\n\t\t\t\t\t\t\t\t\t<\/li>\n\t\t\t\t\t\t\t\t<li class=\"elementor-icon-list-item\">\n\t\t\t\t\t\t\t\t\t\t\t<span class=\"elementor-icon-list-icon\">\n\t\t\t\t\t\t\t<svg aria-hidden=\"true\" class=\"e-font-icon-svg e-fas-square-full\" viewbox=\"0 0 512 512\" xmlns=\"http:\/\/www.w3.org\/2000\/svg\"><path d=\"M512 512H0V0h512v512z\"><\/path><\/svg>\t\t\t\t\t\t<\/span>\n\t\t\t\t\t\t\t\t\t\t<span class=\"elementor-icon-list-text\">flexibilidad de dise\u00f1o: sin las limitaciones t\u00edpicas de las formas permanentes,<\/span>\n\t\t\t\t\t\t\t\t\t<\/li>\n\t\t\t\t\t\t\t\t<li class=\"elementor-icon-list-item\">\n\t\t\t\t\t\t\t\t\t\t\t<span class=\"elementor-icon-list-icon\">\n\t\t\t\t\t\t\t<svg aria-hidden=\"true\" class=\"e-font-icon-svg e-fas-square-full\" viewbox=\"0 0 512 512\" xmlns=\"http:\/\/www.w3.org\/2000\/svg\"><path d=\"M512 512H0V0h512v512z\"><\/path><\/svg>\t\t\t\t\t\t<\/span>\n\t\t\t\t\t\t\t\t\t\t<span class=\"elementor-icon-list-text\">aplicaci\u00f3n r\u00e1pida - proceso eficaz de preparaci\u00f3n de moldes,<\/span>\n\t\t\t\t\t\t\t\t\t<\/li>\n\t\t\t\t\t\t\t\t<li class=\"elementor-icon-list-item\">\n\t\t\t\t\t\t\t\t\t\t\t<span class=\"elementor-icon-list-icon\">\n\t\t\t\t\t\t\t<svg aria-hidden=\"true\" class=\"e-font-icon-svg e-fas-square-full\" viewbox=\"0 0 512 512\" xmlns=\"http:\/\/www.w3.org\/2000\/svg\"><path d=\"M512 512H0V0h512v512z\"><\/path><\/svg>\t\t\t\t\t\t<\/span>\n\t\t\t\t\t\t\t\t\t\t<span class=\"elementor-icon-list-text\">posibilidad de producci\u00f3n en serie y por unidades.<\/span>\n\t\t\t\t\t\t\t\t\t<\/li>\n\t\t\t\t\t\t<\/ul>\n\t\t\t\t\t\t<\/div>\n\t\t\t\t\t<\/div>\n\t\t<\/div>\n\t\t\t\t<div class=\"elementor-column elementor-col-50 elementor-top-column elementor-element elementor-element-0b0d5b2\" data-id=\"0b0d5b2\" data-element_type=\"column\" data-e-type=\"column\">\n\t\t\t<div class=\"elementor-widget-wrap elementor-element-populated\">\n\t\t\t\t\t\t<div class=\"elementor-element elementor-element-30d523c elementor-widget elementor-widget-image\" data-id=\"30d523c\" data-element_type=\"widget\" data-e-type=\"widget\" data-widget_type=\"image.default\">\n\t\t\t\t\t\t\t\t\t\t\t\t\t\t\t<img fetchpriority=\"high\" decoding=\"async\" width=\"1024\" height=\"768\" src=\"https:\/\/www.wako-odlewnia.pl\/wp-content\/uploads\/2015\/07\/rola-form-piaskowych-1024x768.jpg\" class=\"attachment-large size-large wp-image-7934\" alt=\"\" srcset=\"https:\/\/www.wako-odlewnia.pl\/wp-content\/uploads\/2015\/07\/rola-form-piaskowych-1024x768.jpg 1024w, https:\/\/www.wako-odlewnia.pl\/wp-content\/uploads\/2015\/07\/rola-form-piaskowych-300x225.jpg 300w, https:\/\/www.wako-odlewnia.pl\/wp-content\/uploads\/2015\/07\/rola-form-piaskowych-768x576.jpg 768w, https:\/\/www.wako-odlewnia.pl\/wp-content\/uploads\/2015\/07\/rola-form-piaskowych.jpg 1500w\" sizes=\"(max-width: 1024px) 100vw, 1024px\" \/>\t\t\t\t\t\t\t\t\t\t\t\t\t\t\t<\/div>\n\t\t\t\t\t<\/div>\n\t\t<\/div>\n\t\t\t\t\t<\/div>\n\t\t<\/section>\n\t\t\t\t<\/div>","protected":false},"excerpt":{"rendered":"<div class=\"tmnf_excerpt\"><p>Wako Odlewnia to do\u015bwiadczona odlewnia metali nie\u017celaznych z Pruszkowa, specjalizuj\u0105ca si\u0119 w produkcji precyzyjnych komponent\u00f3w dla przemys\u0142u. Jedn\u0105 z podstawowych technologii, z kt\u00f3rych korzystamy, jest odlewanie piaskowe \u2013 jedna z najbardziej uniwersalnych i ekonomicznych metod wytwarzania odlew\u00f3w metalowych. Technologia ta pozwala na produkcj\u0119 element\u00f3w o zr\u00f3\u017cnicowanych kszta\u0142tach, gabarytach i masie, przy zachowaniu wysokiej dok\u0142adno\u015bci oraz &hellip;<\/p>\n<\/div>","protected":false},"author":1,"featured_media":0,"parent":513,"menu_order":0,"comment_status":"closed","ping_status":"closed","template":"template-fullwidth-alt.php","meta":{"om_disable_all_campaigns":false,"_monsterinsights_skip_tracking":false,"_monsterinsights_sitenote_active":false,"_monsterinsights_sitenote_note":"","_monsterinsights_sitenote_category":0,"footnotes":""},"class_list":["post-529","page","type-page","status-publish","hentry"],"aioseo_notices":[],"_links":{"self":[{"href":"https:\/\/www.wako-odlewnia.pl\/es\/wp-json\/wp\/v2\/pages\/529","targetHints":{"allow":["GET"]}}],"collection":[{"href":"https:\/\/www.wako-odlewnia.pl\/es\/wp-json\/wp\/v2\/pages"}],"about":[{"href":"https:\/\/www.wako-odlewnia.pl\/es\/wp-json\/wp\/v2\/types\/page"}],"author":[{"embeddable":true,"href":"https:\/\/www.wako-odlewnia.pl\/es\/wp-json\/wp\/v2\/users\/1"}],"replies":[{"embeddable":true,"href":"https:\/\/www.wako-odlewnia.pl\/es\/wp-json\/wp\/v2\/comments?post=529"}],"version-history":[{"count":20,"href":"https:\/\/www.wako-odlewnia.pl\/es\/wp-json\/wp\/v2\/pages\/529\/revisions"}],"predecessor-version":[{"id":8526,"href":"https:\/\/www.wako-odlewnia.pl\/es\/wp-json\/wp\/v2\/pages\/529\/revisions\/8526"}],"up":[{"embeddable":true,"href":"https:\/\/www.wako-odlewnia.pl\/es\/wp-json\/wp\/v2\/pages\/513"}],"wp:attachment":[{"href":"https:\/\/www.wako-odlewnia.pl\/es\/wp-json\/wp\/v2\/media?parent=529"}],"curies":[{"name":"wp","href":"https:\/\/api.w.org\/{rel}","templated":true}]}}