{"id":633,"date":"2015-07-21T13:42:33","date_gmt":"2015-07-21T13:42:33","guid":{"rendered":"http:\/\/capethemes.com\/demo\/industry\/?page_id=633"},"modified":"2026-03-04T15:48:31","modified_gmt":"2026-03-04T14:48:31","slug":"about-the-company-2","status":"publish","type":"page","link":"https:\/\/www.wako-odlewnia.pl\/en\/o-firmie-2\/","title":{"rendered":"About the company"},"content":{"rendered":"<div data-elementor-type=\"wp-page\" data-elementor-id=\"633\" class=\"elementor elementor-633\" data-elementor-post-type=\"page\">\n\t\t\t\t\t\t<section class=\"elementor-section elementor-top-section elementor-element elementor-element-6ea2fbb elementor-section-boxed elementor-section-height-default elementor-section-height-default\" data-id=\"6ea2fbb\" data-element_type=\"section\" data-e-type=\"section\" data-settings=\"{&quot;background_background&quot;:&quot;classic&quot;}\">\n\t\t\t\t\t\t\t<div class=\"elementor-background-overlay\"><\/div>\n\t\t\t\t\t\t\t<div class=\"elementor-container elementor-column-gap-wide\">\n\t\t\t\t\t<div class=\"elementor-column elementor-col-50 elementor-top-column elementor-element elementor-element-20fc72b\" data-id=\"20fc72b\" data-element_type=\"column\" data-e-type=\"column\">\n\t\t\t<div class=\"elementor-widget-wrap elementor-element-populated\">\n\t\t\t\t\t\t<div class=\"elementor-element elementor-element-2f0418c elementor-widget elementor-widget-heading\" data-id=\"2f0418c\" data-element_type=\"widget\" data-e-type=\"widget\" data-widget_type=\"heading.default\">\n\t\t\t\t\t<h2 class=\"elementor-heading-title elementor-size-xxl\">About us<\/h2>\t\t\t\t<\/div>\n\t\t\t\t<div class=\"elementor-element elementor-element-628d56d elementor-widget elementor-widget-heading\" data-id=\"628d56d\" data-element_type=\"widget\" data-e-type=\"widget\" data-widget_type=\"heading.default\">\n\t\t\t\t\t<h3 class=\"elementor-heading-title elementor-size-default\">WAKO Foundry is a family business <br>with many years of tradition and experience <br>in non-ferrous metal casting.<\/h3>\t\t\t\t<\/div>\n\t\t\t\t\t<\/div>\n\t\t<\/div>\n\t\t\t\t<div class=\"elementor-column elementor-col-50 elementor-top-column elementor-element elementor-element-16e3beb elementor-hidden-tablet elementor-hidden-phone\" data-id=\"16e3beb\" data-element_type=\"column\" data-e-type=\"column\">\n\t\t\t<div class=\"elementor-widget-wrap\">\n\t\t\t\t\t\t\t<\/div>\n\t\t<\/div>\n\t\t\t\t\t<\/div>\n\t\t<\/section>\n\t\t\t\t<section class=\"elementor-section elementor-top-section elementor-element elementor-element-683d82d elementor-section-boxed elementor-section-height-default elementor-section-height-default\" data-id=\"683d82d\" data-element_type=\"section\" data-e-type=\"section\">\n\t\t\t\t\t\t<div class=\"elementor-container elementor-column-gap-wide\">\n\t\t\t\t\t<div class=\"elementor-column elementor-col-25 elementor-top-column elementor-element elementor-element-1be1ac62\" data-id=\"1be1ac62\" data-element_type=\"column\" data-e-type=\"column\">\n\t\t\t<div class=\"elementor-widget-wrap elementor-element-populated\">\n\t\t\t\t\t\t<div class=\"elementor-element elementor-element-669b240 elementor-widget elementor-widget-heading\" data-id=\"669b240\" data-element_type=\"widget\" data-e-type=\"widget\" data-widget_type=\"heading.default\">\n\t\t\t\t\t<h2 class=\"elementor-heading-title elementor-size-xl\">Our story\n<\/h2>\t\t\t\t<\/div>\n\t\t\t\t<div class=\"elementor-element elementor-element-5fbf6b94 elementor-widget elementor-widget-text-editor\" data-id=\"5fbf6b94\" data-element_type=\"widget\" data-e-type=\"widget\" data-widget_type=\"text-editor.default\">\n\t\t\t\t\t\t\t\t\t<p><strong data-start=\"214\" data-end=\"227\">WAKO <\/strong>is a family-owned aluminium foundry in Pruszk\u00f3w, which has been in business since 1982. The experience of the company's founders dates back to the 1960s and includes work in renowned industrial plants in Poland and abroad, which forms a solid basis for the high quality of the services provided.<\/p><p>Our main strengths are our many years of experience, punctuality in carrying out orders and attention to the highest quality of workmanship. The professionalism of the company is confirmed by the fact that we were awarded the following title in 1998 <strong data-start=\"1035\" data-end=\"1062\">Warsaw Quality Label<\/strong>.\u00a0<\/p>\t\t\t\t\t\t\t\t<\/div>\n\t\t\t\t\t<\/div>\n\t\t<\/div>\n\t\t\t\t<div class=\"elementor-column elementor-col-25 elementor-top-column elementor-element elementor-element-437d6ab1 elementor-hidden-tablet elementor-hidden-phone\" data-id=\"437d6ab1\" data-element_type=\"column\" data-e-type=\"column\">\n\t\t\t<div class=\"elementor-widget-wrap elementor-element-populated\">\n\t\t\t\t\t\t<div class=\"elementor-element elementor-element-4cb29ec5 elementor-hidden-phone elementor-widget elementor-widget-image\" data-id=\"4cb29ec5\" data-element_type=\"widget\" data-e-type=\"widget\" data-widget_type=\"image.default\">\n\t\t\t\t\t\t\t\t\t\t\t\t\t\t\t<img fetchpriority=\"high\" decoding=\"async\" width=\"747\" height=\"1024\" src=\"https:\/\/www.wako-odlewnia.pl\/wp-content\/uploads\/2026\/01\/wako-odlewnia-747x1024.png\" class=\"attachment-large size-large wp-image-7738\" alt=\"\" srcset=\"https:\/\/www.wako-odlewnia.pl\/wp-content\/uploads\/2026\/01\/wako-odlewnia-747x1024.png 747w, https:\/\/www.wako-odlewnia.pl\/wp-content\/uploads\/2026\/01\/wako-odlewnia-219x300.png 219w, https:\/\/www.wako-odlewnia.pl\/wp-content\/uploads\/2026\/01\/wako-odlewnia-768x1052.png 768w, https:\/\/www.wako-odlewnia.pl\/wp-content\/uploads\/2026\/01\/wako-odlewnia.png 864w\" sizes=\"(max-width: 747px) 100vw, 747px\" \/>\t\t\t\t\t\t\t\t\t\t\t\t\t\t\t<\/div>\n\t\t\t\t\t<\/div>\n\t\t<\/div>\n\t\t\t\t<div class=\"elementor-column elementor-col-25 elementor-top-column elementor-element elementor-element-35451ba0\" data-id=\"35451ba0\" data-element_type=\"column\" data-e-type=\"column\">\n\t\t\t<div class=\"elementor-widget-wrap elementor-element-populated\">\n\t\t\t\t\t\t<div class=\"elementor-element elementor-element-4a11dc0c elementor-absolute elementor-widget__width-initial elementor-hidden-tablet elementor-hidden-phone elementor-widget elementor-widget-heading\" data-id=\"4a11dc0c\" data-element_type=\"widget\" data-e-type=\"widget\" data-settings=\"{&quot;_position&quot;:&quot;absolute&quot;}\" data-widget_type=\"heading.default\">\n\t\t\t\t\t<h2 class=\"elementor-heading-title elementor-size-default\">.<\/h2>\t\t\t\t<\/div>\n\t\t\t\t<div class=\"elementor-element elementor-element-1217ee02 elementor-absolute elementor-hidden-phone elementor-widget__width-initial elementor-hidden-tablet elementor-widget elementor-widget-heading\" data-id=\"1217ee02\" data-element_type=\"widget\" data-e-type=\"widget\" data-settings=\"{&quot;_position&quot;:&quot;absolute&quot;}\" data-widget_type=\"heading.default\">\n\t\t\t\t\t<h2 class=\"elementor-heading-title elementor-size-default\">.<\/h2>\t\t\t\t<\/div>\n\t\t\t\t<div class=\"elementor-element elementor-element-5c749b1d elementor-widget elementor-widget-image\" data-id=\"5c749b1d\" data-element_type=\"widget\" data-e-type=\"widget\" data-widget_type=\"image.default\">\n\t\t\t\t\t\t\t\t\t\t\t\t\t\t\t<img decoding=\"async\" src=\"https:\/\/www.wako-odlewnia.pl\/wp-content\/uploads\/elementor\/thumbs\/wako-odlewnia-aluminium-rhbkk4tnr0njidrutou3n2erdtyq2fk5mnz70t8gxs.png\" title=\"wako-odlewnia-aluminium\" alt=\"wako aluminium casting\" loading=\"lazy\" \/>\t\t\t\t\t\t\t\t\t\t\t\t\t\t\t<\/div>\n\t\t\t\t\t<\/div>\n\t\t<\/div>\n\t\t\t\t<div class=\"elementor-column elementor-col-25 elementor-top-column elementor-element elementor-element-53e18c2d elementor-hidden-tablet elementor-hidden-phone\" data-id=\"53e18c2d\" data-element_type=\"column\" data-e-type=\"column\">\n\t\t\t<div class=\"elementor-widget-wrap\">\n\t\t\t\t\t\t\t<\/div>\n\t\t<\/div>\n\t\t\t\t\t<\/div>\n\t\t<\/section>\n\t\t\t\t<section class=\"elementor-section elementor-top-section elementor-element elementor-element-6ebe674 elementor-section-boxed elementor-section-height-default elementor-section-height-default\" data-id=\"6ebe674\" data-element_type=\"section\" data-e-type=\"section\" data-settings=\"{&quot;background_background&quot;:&quot;classic&quot;}\">\n\t\t\t\t\t\t<div class=\"elementor-container elementor-column-gap-no\">\n\t\t\t\t\t<div class=\"elementor-column elementor-col-50 elementor-top-column elementor-element elementor-element-d5021a9\" data-id=\"d5021a9\" data-element_type=\"column\" data-e-type=\"column\">\n\t\t\t<div class=\"elementor-widget-wrap elementor-element-populated\">\n\t\t\t\t\t\t<div class=\"elementor-element elementor-element-0fc19d6 elementor-widget__width-initial elementor-absolute elementor-hidden-tablet elementor-hidden-phone elementor-widget elementor-widget-heading\" data-id=\"0fc19d6\" data-element_type=\"widget\" data-e-type=\"widget\" data-settings=\"{&quot;_position&quot;:&quot;absolute&quot;}\" data-widget_type=\"heading.default\">\n\t\t\t\t\t<h2 class=\"elementor-heading-title elementor-size-default\">,<\/h2>\t\t\t\t<\/div>\n\t\t\t\t<div class=\"elementor-element elementor-element-f90fe95 elementor-widget elementor-widget-image\" data-id=\"f90fe95\" data-element_type=\"widget\" data-e-type=\"widget\" data-widget_type=\"image.default\">\n\t\t\t\t\t\t\t\t\t\t\t\t\t\t\t<img decoding=\"async\" width=\"175\" height=\"133\" src=\"https:\/\/www.wako-odlewnia.pl\/wp-content\/uploads\/2026\/01\/logo4.png\" class=\"attachment-large size-large wp-image-7871\" alt=\"\" \/>\t\t\t\t\t\t\t\t\t\t\t\t\t\t\t<\/div>\n\t\t\t\t<section class=\"elementor-section elementor-inner-section elementor-element elementor-element-76fc235 elementor-section-boxed elementor-section-height-default elementor-section-height-default\" data-id=\"76fc235\" data-element_type=\"section\" data-e-type=\"section\">\n\t\t\t\t\t\t<div class=\"elementor-container elementor-column-gap-wider\">\n\t\t\t\t\t<div class=\"elementor-column elementor-col-100 elementor-inner-column elementor-element elementor-element-25cfdeb\" data-id=\"25cfdeb\" data-element_type=\"column\" data-e-type=\"column\" data-settings=\"{&quot;background_background&quot;:&quot;classic&quot;}\">\n\t\t\t<div class=\"elementor-widget-wrap elementor-element-populated\">\n\t\t\t\t\t\t<div class=\"elementor-element elementor-element-457ee62 elementor-widget elementor-widget-heading\" data-id=\"457ee62\" data-element_type=\"widget\" data-e-type=\"widget\" data-widget_type=\"heading.default\">\n\t\t\t\t\t<h2 class=\"elementor-heading-title elementor-size-xl\">Management Board\nWAKO<\/h2>\t\t\t\t<\/div>\n\t\t\t\t\t<\/div>\n\t\t<\/div>\n\t\t\t\t\t<\/div>\n\t\t<\/section>\n\t\t\t\t\t<\/div>\n\t\t<\/div>\n\t\t\t\t<div class=\"elementor-column elementor-col-50 elementor-top-column elementor-element elementor-element-1c108f1\" data-id=\"1c108f1\" data-element_type=\"column\" data-e-type=\"column\">\n\t\t\t<div class=\"elementor-widget-wrap elementor-element-populated\">\n\t\t\t\t<div class=\"elementor-element elementor-element-673addc e-grid e-con-boxed e-con e-parent\" data-id=\"673addc\" data-element_type=\"container\" data-e-type=\"container\">\n\t\t\t\t\t<div class=\"e-con-inner\">\n\t\t\t\t<div class=\"elementor-element elementor-element-4a1204c elementor-position-top elementor-widget elementor-widget-image-box\" data-id=\"4a1204c\" data-element_type=\"widget\" data-e-type=\"widget\" data-widget_type=\"image-box.default\">\n\t\t\t\t\t<div class=\"elementor-image-box-wrapper\"><figure class=\"elementor-image-box-img\"><img decoding=\"async\" width=\"894\" height=\"891\" src=\"https:\/\/www.wako-odlewnia.pl\/wp-content\/uploads\/2026\/01\/artur-kozinski-wako.jpg\" class=\"attachment-full size-full wp-image-7831\" alt=\"\" srcset=\"https:\/\/www.wako-odlewnia.pl\/wp-content\/uploads\/2026\/01\/artur-kozinski-wako.jpg 894w, https:\/\/www.wako-odlewnia.pl\/wp-content\/uploads\/2026\/01\/artur-kozinski-wako-300x300.jpg 300w, https:\/\/www.wako-odlewnia.pl\/wp-content\/uploads\/2026\/01\/artur-kozinski-wako-150x150.jpg 150w, https:\/\/www.wako-odlewnia.pl\/wp-content\/uploads\/2026\/01\/artur-kozinski-wako-768x765.jpg 768w, https:\/\/www.wako-odlewnia.pl\/wp-content\/uploads\/2026\/01\/artur-kozinski-wako-80x80.jpg 80w\" sizes=\"(max-width: 894px) 100vw, 894px\" \/><\/figure><div class=\"elementor-image-box-content\"><h3 class=\"elementor-image-box-title\">Artur Kozinski<\/h3><p class=\"elementor-image-box-description\">board member<\/p><\/div><\/div>\t\t\t\t<\/div>\n\t\t\t\t<div class=\"elementor-element elementor-element-b07c980 elementor-position-top elementor-widget elementor-widget-image-box\" data-id=\"b07c980\" data-element_type=\"widget\" data-e-type=\"widget\" data-widget_type=\"image-box.default\">\n\t\t\t\t\t<div class=\"elementor-image-box-wrapper\"><figure class=\"elementor-image-box-img\"><img loading=\"lazy\" decoding=\"async\" width=\"894\" height=\"891\" src=\"https:\/\/www.wako-odlewnia.pl\/wp-content\/uploads\/2026\/01\/andrzej-wachnik-wako-2.jpg\" class=\"attachment-full size-full wp-image-7838\" alt=\"\" srcset=\"https:\/\/www.wako-odlewnia.pl\/wp-content\/uploads\/2026\/01\/andrzej-wachnik-wako-2.jpg 894w, https:\/\/www.wako-odlewnia.pl\/wp-content\/uploads\/2026\/01\/andrzej-wachnik-wako-2-300x300.jpg 300w, https:\/\/www.wako-odlewnia.pl\/wp-content\/uploads\/2026\/01\/andrzej-wachnik-wako-2-150x150.jpg 150w, https:\/\/www.wako-odlewnia.pl\/wp-content\/uploads\/2026\/01\/andrzej-wachnik-wako-2-768x765.jpg 768w, https:\/\/www.wako-odlewnia.pl\/wp-content\/uploads\/2026\/01\/andrzej-wachnik-wako-2-80x80.jpg 80w\" sizes=\"(max-width: 894px) 100vw, 894px\" \/><\/figure><div class=\"elementor-image-box-content\"><h3 class=\"elementor-image-box-title\">Andrzej Wachnik<\/h3><p class=\"elementor-image-box-description\">board member<\/p><\/div><\/div>\t\t\t\t<\/div>\n\t\t\t\t\t<\/div>\n\t\t\t\t<\/div>\n\t\t\t\t\t<\/div>\n\t\t<\/div>\n\t\t\t\t\t<\/div>\n\t\t<\/section>\n\t\t\t\t<section class=\"elementor-section elementor-top-section elementor-element elementor-element-8049d7f elementor-section-boxed elementor-section-height-default elementor-section-height-default\" data-id=\"8049d7f\" data-element_type=\"section\" data-e-type=\"section\" data-settings=\"{&quot;background_background&quot;:&quot;classic&quot;}\">\n\t\t\t\t\t\t<div class=\"elementor-container elementor-column-gap-no\">\n\t\t\t\t\t<div class=\"elementor-column elementor-col-50 elementor-top-column elementor-element elementor-element-9ce2d20\" data-id=\"9ce2d20\" data-element_type=\"column\" data-e-type=\"column\">\n\t\t\t<div class=\"elementor-widget-wrap elementor-element-populated\">\n\t\t\t\t\t\t<div class=\"elementor-element elementor-element-1640001 elementor-widget__width-initial elementor-absolute elementor-hidden-tablet elementor-hidden-phone elementor-widget elementor-widget-heading\" data-id=\"1640001\" data-element_type=\"widget\" data-e-type=\"widget\" data-settings=\"{&quot;_position&quot;:&quot;absolute&quot;}\" data-widget_type=\"heading.default\">\n\t\t\t\t\t<h2 class=\"elementor-heading-title elementor-size-default\">,<\/h2>\t\t\t\t<\/div>\n\t\t\t\t<section class=\"elementor-section elementor-inner-section elementor-element elementor-element-0c54270 elementor-section-boxed elementor-section-height-default elementor-section-height-default\" data-id=\"0c54270\" data-element_type=\"section\" data-e-type=\"section\">\n\t\t\t\t\t\t<div class=\"elementor-container elementor-column-gap-wider\">\n\t\t\t\t\t<div class=\"elementor-column elementor-col-100 elementor-inner-column elementor-element elementor-element-ad1b916\" data-id=\"ad1b916\" data-element_type=\"column\" data-e-type=\"column\" data-settings=\"{&quot;background_background&quot;:&quot;classic&quot;}\">\n\t\t\t<div class=\"elementor-widget-wrap elementor-element-populated\">\n\t\t\t\t\t\t<div class=\"elementor-element elementor-element-b63ea42 elementor-widget elementor-widget-heading\" data-id=\"b63ea42\" data-element_type=\"widget\" data-e-type=\"widget\" data-widget_type=\"heading.default\">\n\t\t\t\t\t<h2 class=\"elementor-heading-title elementor-size-xl\">Our customers<\/h2>\t\t\t\t<\/div>\n\t\t\t\t<div class=\"elementor-element elementor-element-04b82a3 elementor-widget elementor-widget-heading\" data-id=\"04b82a3\" data-element_type=\"widget\" data-e-type=\"widget\" data-widget_type=\"heading.default\">\n\t\t\t\t\t<h4 class=\"elementor-heading-title elementor-size-default\">What they say about us<\/h4>\t\t\t\t<\/div>\n\t\t\t\t\t<\/div>\n\t\t<\/div>\n\t\t\t\t\t<\/div>\n\t\t<\/section>\n\t\t\t\t\t<\/div>\n\t\t<\/div>\n\t\t\t\t<div class=\"elementor-column elementor-col-50 elementor-top-column elementor-element elementor-element-cba316f\" data-id=\"cba316f\" data-element_type=\"column\" data-e-type=\"column\">\n\t\t\t<div class=\"elementor-widget-wrap elementor-element-populated\">\n\t\t\t\t\t\t<section class=\"elementor-section elementor-inner-section elementor-element elementor-element-ef3fb64 elementor-section-boxed elementor-section-height-default elementor-section-height-default\" data-id=\"ef3fb64\" data-element_type=\"section\" data-e-type=\"section\" data-settings=\"{&quot;background_background&quot;:&quot;classic&quot;}\">\n\t\t\t\t\t\t<div class=\"elementor-container elementor-column-gap-extended\">\n\t\t\t\t\t<div class=\"elementor-column elementor-col-33 elementor-inner-column elementor-element elementor-element-981d597\" data-id=\"981d597\" data-element_type=\"column\" data-e-type=\"column\">\n\t\t\t<div class=\"elementor-widget-wrap elementor-element-populated\">\n\t\t\t\t\t\t<div class=\"elementor-element elementor-element-2537daa elementor-widget elementor-widget-testimonial\" data-id=\"2537daa\" data-element_type=\"widget\" data-e-type=\"widget\" data-widget_type=\"testimonial.default\">\n\t\t\t\t\t\t\t<div class=\"elementor-testimonial-wrapper\">\n\t\t\t\t\t\t\t<div class=\"elementor-testimonial-content\">I hereby confirm that WAKO Odlewnia Metali has been making various types of aluminium castings for us for many years.\nThe cooperation has been going smoothly and professionally. The contractor demonstrates high competence in the area of casting, the orders placed by us are executed on time and in accordance with our expectations. We particularly appreciate the team's flexible approach and excellent contact at every stage of the work.\nWe recommend WAKO Odlewnia Metali with full conviction as a reliable and trustworthy business partner.<\/div>\n\t\t\t\n\t\t\t\t\t\t<div class=\"elementor-testimonial-meta\">\n\t\t\t\t<div class=\"elementor-testimonial-meta-inner\">\n\t\t\t\t\t\n\t\t\t\t\t\t\t\t\t\t<div class=\"elementor-testimonial-details\">\n\t\t\t\t\t\t\t\t\t\t\t\t\t\t<div class=\"elementor-testimonial-name\">Barbara Kolodziejek<\/div>\n\t\t\t\t\t\t\t\t\t\t\t\t\t\t\t\t\t\t\t\t\t\t<div class=\"elementor-testimonial-job\">Techno-Fly<\/div>\n\t\t\t\t\t\t\t\t\t\t\t\t\t<\/div>\n\t\t\t\t\t\t\t\t\t<\/div>\n\t\t\t<\/div>\n\t\t\t\t\t<\/div>\n\t\t\t\t\t\t<\/div>\n\t\t\t\t\t<\/div>\n\t\t<\/div>\n\t\t\t\t<div class=\"elementor-column elementor-col-33 elementor-inner-column elementor-element elementor-element-991c0bf\" data-id=\"991c0bf\" data-element_type=\"column\" data-e-type=\"column\">\n\t\t\t<div class=\"elementor-widget-wrap elementor-element-populated\">\n\t\t\t\t\t\t<div class=\"elementor-element elementor-element-0e59e06 elementor-widget elementor-widget-testimonial\" data-id=\"0e59e06\" data-element_type=\"widget\" data-e-type=\"widget\" data-widget_type=\"testimonial.default\">\n\t\t\t\t\t\t\t<div class=\"elementor-testimonial-wrapper\">\n\t\t\t\t\t\t\t<div class=\"elementor-testimonial-content\">The development strategy adopted by our company assumes maximum compliance with the requirements of our\nCustomers' requirements through, among other things, continuous product improvement and cost optimisation, mainly by implementing new technological and material solutions.\nby implementing new technological and material solutions.\nCooperation with your company fully corresponds to the adopted course of action and I expect ,\nI expect that you will use the same components in the products supplied by us now and in the following years.\ncomponents, you will use the same methods. .<\/div>\n\t\t\t\n\t\t\t\t\t\t<div class=\"elementor-testimonial-meta\">\n\t\t\t\t<div class=\"elementor-testimonial-meta-inner\">\n\t\t\t\t\t\n\t\t\t\t\t\t\t\t\t\t<div class=\"elementor-testimonial-details\">\n\t\t\t\t\t\t\t\t\t\t\t\t\t\t<div class=\"elementor-testimonial-name\">Pawe\u0142 Wieczerzak<\/div>\n\t\t\t\t\t\t\t\t\t\t\t\t\t\t\t\t\t\t\t\t\t\t<div class=\"elementor-testimonial-job\">FOS POLMO \u0141\u00f3d\u017a S.A.<\/div>\n\t\t\t\t\t\t\t\t\t\t\t\t\t<\/div>\n\t\t\t\t\t\t\t\t\t<\/div>\n\t\t\t<\/div>\n\t\t\t\t\t<\/div>\n\t\t\t\t\t\t<\/div>\n\t\t\t\t\t<\/div>\n\t\t<\/div>\n\t\t\t\t<div class=\"elementor-column elementor-col-33 elementor-inner-column elementor-element elementor-element-948d85b\" data-id=\"948d85b\" data-element_type=\"column\" data-e-type=\"column\">\n\t\t\t<div class=\"elementor-widget-wrap elementor-element-populated\">\n\t\t\t\t\t\t<div class=\"elementor-element elementor-element-84318e2 elementor-widget elementor-widget-testimonial\" data-id=\"84318e2\" data-element_type=\"widget\" data-e-type=\"widget\" data-widget_type=\"testimonial.default\">\n\t\t\t\t\t\t\t<div class=\"elementor-testimonial-wrapper\">\n\t\t\t\t\t\t\t<div class=\"elementor-testimonial-content\">We hereby confirm that WAKO is our proven and reliable supplier. We have been working with WAKO for several years and have completed many orders during this time.\n \nDeliveries are always carried out on time and the offered products meet our quality expectations. During our many years of cooperation, we have not experienced any problems with order fulfilment or customer service.\n \nThe WAKO company is characterised by professionalism and high quality service. With full conviction, we can recommend the WAKO company as a reliable and trustworthy business partner.<\/div>\n\t\t\t\n\t\t\t\t\t\t<div class=\"elementor-testimonial-meta\">\n\t\t\t\t<div class=\"elementor-testimonial-meta-inner\">\n\t\t\t\t\t\n\t\t\t\t\t\t\t\t\t\t<div class=\"elementor-testimonial-details\">\n\t\t\t\t\t\t\t\t\t\t\t\t\t\t<div class=\"elementor-testimonial-name\">Aldona Berczy\u0144ska<\/div>\n\t\t\t\t\t\t\t\t\t\t\t\t\t\t\t\t\t\t\t\t\t\t<div class=\"elementor-testimonial-job\"> Altrad-Mostostal<\/div>\n\t\t\t\t\t\t\t\t\t\t\t\t\t<\/div>\n\t\t\t\t\t\t\t\t\t<\/div>\n\t\t\t<\/div>\n\t\t\t\t\t<\/div>\n\t\t\t\t\t\t<\/div>\n\t\t\t\t\t<\/div>\n\t\t<\/div>\n\t\t\t\t\t<\/div>\n\t\t<\/section>\n\t\t\t\t\t<\/div>\n\t\t<\/div>\n\t\t\t\t\t<\/div>\n\t\t<\/section>\n\t\t\t\t<\/div>","protected":false},"excerpt":{"rendered":"<div class=\"tmnf_excerpt\"><p>O nas Odlewnia WAKO to rodzinna firma z wieloletni\u0105 tradycj\u0105 i do\u015bwiadczeniem w odlewaniu metali nie\u017celaznych. Nasza historia WAKO to rodzinna odlewnia aluminium w Pruszkowie, dzia\u0142aj\u0105ca na rynku od 1982 roku. Do\u015bwiadczenie za\u0142o\u017cycieli firmy si\u0119ga lat 60. i obejmuje prac\u0119 w renomowanych zak\u0142adach przemys\u0142owych w Polsce oraz za granic\u0105, co stanowi solidn\u0105 podstaw\u0119 wysokiej jako\u015bci &hellip;<\/p>\n<\/div>","protected":false},"author":1,"featured_media":0,"parent":0,"menu_order":0,"comment_status":"closed","ping_status":"closed","template":"elementor_header_footer","meta":{"om_disable_all_campaigns":false,"_monsterinsights_skip_tracking":false,"_monsterinsights_sitenote_active":false,"_monsterinsights_sitenote_note":"","_monsterinsights_sitenote_category":0,"footnotes":""},"class_list":["post-633","page","type-page","status-publish","hentry"],"aioseo_notices":[],"_links":{"self":[{"href":"https:\/\/www.wako-odlewnia.pl\/en\/wp-json\/wp\/v2\/pages\/633","targetHints":{"allow":["GET"]}}],"collection":[{"href":"https:\/\/www.wako-odlewnia.pl\/en\/wp-json\/wp\/v2\/pages"}],"about":[{"href":"https:\/\/www.wako-odlewnia.pl\/en\/wp-json\/wp\/v2\/types\/page"}],"author":[{"embeddable":true,"href":"https:\/\/www.wako-odlewnia.pl\/en\/wp-json\/wp\/v2\/users\/1"}],"replies":[{"embeddable":true,"href":"https:\/\/www.wako-odlewnia.pl\/en\/wp-json\/wp\/v2\/comments?post=633"}],"version-history":[{"count":118,"href":"https:\/\/www.wako-odlewnia.pl\/en\/wp-json\/wp\/v2\/pages\/633\/revisions"}],"predecessor-version":[{"id":8603,"href":"https:\/\/www.wako-odlewnia.pl\/en\/wp-json\/wp\/v2\/pages\/633\/revisions\/8603"}],"wp:attachment":[{"href":"https:\/\/www.wako-odlewnia.pl\/en\/wp-json\/wp\/v2\/media?parent=633"}],"curies":[{"name":"wp","href":"https:\/\/api.w.org\/{rel}","templated":true}]}}