{"id":7767,"date":"2015-07-17T13:04:18","date_gmt":"2015-07-17T11:04:18","guid":{"rendered":"https:\/\/www.wako-odlewnia.pl\/?page_id=7767"},"modified":"2026-02-16T14:24:51","modified_gmt":"2026-02-16T13:24:51","slug":"aluminiumschweisen-3","status":"publish","type":"page","link":"https:\/\/www.wako-odlewnia.pl\/de\/oferta\/spawanie-aluminium-3\/","title":{"rendered":"Schwei\u00dfen von Aluminium"},"content":{"rendered":"<div data-elementor-type=\"wp-page\" data-elementor-id=\"7767\" class=\"elementor elementor-7767\" data-elementor-post-type=\"page\">\n\t\t\t\t\t\t<section class=\"elementor-section elementor-top-section elementor-element elementor-element-f317036 elementor-section-boxed elementor-section-height-default elementor-section-height-default\" data-id=\"f317036\" data-element_type=\"section\" data-e-type=\"section\">\n\t\t\t\t\t\t<div class=\"elementor-container elementor-column-gap-wide\">\n\t\t\t\t\t<div class=\"elementor-column elementor-col-50 elementor-top-column elementor-element elementor-element-4387fc8\" data-id=\"4387fc8\" data-element_type=\"column\" data-e-type=\"column\">\n\t\t\t<div class=\"elementor-widget-wrap elementor-element-populated\">\n\t\t\t\t\t\t<div class=\"elementor-element elementor-element-837e33a elementor-widget elementor-widget-text-editor\" data-id=\"837e33a\" data-element_type=\"widget\" data-e-type=\"widget\" data-widget_type=\"text-editor.default\">\n\t\t\t\t\t\t\t\t\t<p data-start=\"69\" data-end=\"386\"><strong data-start=\"69\" data-end=\"91\">Schwei\u00dfen von Aluminium<\/strong> ist eine der wichtigsten Dienstleistungen der Nichteisen-Metallverarbeitung, die von der<strong> <span class=\"hover:entity-accent entity-underline inline cursor-pointer align-baseline\"><span class=\"whitespace-normal\">Wako-Gie\u00dferei Pruszk\u00f3w<\/span><\/span><\/strong>. Wir realisieren das professionelle F\u00fcgen von Aluminiumbauteilen, um leichte, robuste und \u00e4sthetisch ansprechende Strukturen zu schaffen, die auf die Bed\u00fcrfnisse verschiedener Branchen zugeschnitten sind.<\/p><p data-start=\"388\" data-end=\"554\">Aluminium ist ein gesch\u00e4tzter Werkstoff f\u00fcr <strong data-start=\"421\" data-end=\"494\">geringes Gewicht, Korrosionsbest\u00e4ndigkeit und hohe mechanische Festigkeit<\/strong>. Daher wird es in der Industrie h\u00e4ufig verwendet:<\/p>\t\t\t\t\t\t\t\t<\/div>\n\t\t\t\t\t<\/div>\n\t\t<\/div>\n\t\t\t\t<div class=\"elementor-column elementor-col-50 elementor-top-column elementor-element elementor-element-7bd516a elementor-hidden-phone\" data-id=\"7bd516a\" data-element_type=\"column\" data-e-type=\"column\">\n\t\t\t<div class=\"elementor-widget-wrap elementor-element-populated\">\n\t\t\t\t\t\t<div class=\"elementor-element elementor-element-5b65f83 elementor-widget elementor-widget-image\" data-id=\"5b65f83\" data-element_type=\"widget\" data-e-type=\"widget\" data-widget_type=\"image.default\">\n\t\t\t\t\t\t\t\t\t\t\t\t\t\t\t<img decoding=\"async\" src=\"https:\/\/www.wako-odlewnia.pl\/wp-content\/uploads\/elementor\/thumbs\/spawanie-aluminium-wako-rj8ooewvypj4yw73j8lt20skschff54uliwgp5zmyw.png\" title=\"Schwei\u00dfen-Aluminium-Wako\" alt=\"Schwei\u00dfen-Aluminium-Wako\" loading=\"lazy\" \/>\t\t\t\t\t\t\t\t\t\t\t\t\t\t\t<\/div>\n\t\t\t\t<div class=\"elementor-element elementor-element-25c3f57 elementor-absolute elementor-hidden-phone elementor-widget__width-initial elementor-widget elementor-widget-heading\" data-id=\"25c3f57\" data-element_type=\"widget\" data-e-type=\"widget\" data-settings=\"{&quot;_position&quot;:&quot;absolute&quot;}\" data-widget_type=\"heading.default\">\n\t\t\t\t\t<h2 class=\"elementor-heading-title elementor-size-default\">.<\/h2>\t\t\t\t<\/div>\n\t\t\t\t\t<\/div>\n\t\t<\/div>\n\t\t\t\t\t<\/div>\n\t\t<\/section>\n\t\t\t\t<section class=\"elementor-section elementor-top-section elementor-element elementor-element-5ad16bf elementor-section-boxed elementor-section-height-default elementor-section-height-default\" data-id=\"5ad16bf\" data-element_type=\"section\" data-e-type=\"section\">\n\t\t\t\t\t\t<div class=\"elementor-container elementor-column-gap-wide\">\n\t\t\t\t\t<div class=\"elementor-column elementor-col-100 elementor-top-column elementor-element elementor-element-4152efe\" data-id=\"4152efe\" data-element_type=\"column\" data-e-type=\"column\">\n\t\t\t<div class=\"elementor-widget-wrap elementor-element-populated\">\n\t\t\t\t\t\t<div class=\"elementor-element elementor-element-960b9aa elementor-widget elementor-widget-heading\" data-id=\"960b9aa\" data-element_type=\"widget\" data-e-type=\"widget\" data-widget_type=\"heading.default\">\n\t\t\t\t\t<h2 class=\"elementor-heading-title elementor-size-xl\">Warum Aluminium?<\/h2>\t\t\t\t<\/div>\n\t\t\t\t<div class=\"elementor-element elementor-element-1b0b086 elementor-widget__width-initial elementor-widget elementor-widget-text-editor\" data-id=\"1b0b086\" data-element_type=\"widget\" data-e-type=\"widget\" data-widget_type=\"text-editor.default\">\n\t\t\t\t\t\t\t\t\t<p>Aluminium ist ein gesch\u00e4tzter Werkstoff f\u00fcr <strong data-start=\"421\" data-end=\"494\">geringes Gewicht, Korrosionsbest\u00e4ndigkeit und hohe mechanische Festigkeit<\/strong>.<\/p><p>Aus diesem Grund ist es in der Industrie weit verbreitet:<\/p>\t\t\t\t\t\t\t\t<\/div>\n\t\t\t\t\t<\/div>\n\t\t<\/div>\n\t\t\t\t\t<\/div>\n\t\t<\/section>\n\t\t\t\t<section class=\"elementor-section elementor-top-section elementor-element elementor-element-8042752 elementor-section-boxed elementor-section-height-default elementor-section-height-default\" data-id=\"8042752\" data-element_type=\"section\" data-e-type=\"section\">\n\t\t\t\t\t\t<div class=\"elementor-container elementor-column-gap-wide\">\n\t\t\t\t\t<div class=\"elementor-column elementor-col-50 elementor-top-column elementor-element elementor-element-1035b01\" data-id=\"1035b01\" data-element_type=\"column\" data-e-type=\"column\">\n\t\t\t<div class=\"elementor-widget-wrap elementor-element-populated\">\n\t\t\t\t\t\t<div class=\"elementor-element elementor-element-09ae8ca elementor-icon-list--layout-traditional elementor-list-item-link-full_width elementor-widget elementor-widget-icon-list\" data-id=\"09ae8ca\" data-element_type=\"widget\" data-e-type=\"widget\" data-widget_type=\"icon-list.default\">\n\t\t\t\t\t\t\t<ul class=\"elementor-icon-list-items\">\n\t\t\t\t\t\t\t<li class=\"elementor-icon-list-item\">\n\t\t\t\t\t\t\t\t\t\t\t<span class=\"elementor-icon-list-icon\">\n\t\t\t\t\t\t\t<svg aria-hidden=\"true\" class=\"e-font-icon-svg e-fas-square-full\" viewbox=\"0 0 512 512\" xmlns=\"http:\/\/www.w3.org\/2000\/svg\"><path d=\"M512 512H0V0h512v512z\"><\/path><\/svg>\t\t\t\t\t\t<\/span>\n\t\t\t\t\t\t\t\t\t\t<span class=\"elementor-icon-list-text\">Konstruktion (Fassadensysteme, <\/span>\n\t\t\t\t\t\t\t\t\t<\/li>\n\t\t\t\t\t\t\t\t<li class=\"elementor-icon-list-item\">\n\t\t\t\t\t\t\t\t\t\t\t<span class=\"elementor-icon-list-icon\">\n\t\t\t\t\t\t\t<svg aria-hidden=\"true\" class=\"e-font-icon-svg e-fas-square-full\" viewbox=\"0 0 512 512\" xmlns=\"http:\/\/www.w3.org\/2000\/svg\"><path d=\"M512 512H0V0h512v512z\"><\/path><\/svg>\t\t\t\t\t\t<\/span>\n\t\t\t\t\t\t\t\t\t\t<span class=\"elementor-icon-list-text\">tragende Strukturen,<\/span>\n\t\t\t\t\t\t\t\t\t<\/li>\n\t\t\t\t\t\t\t\t<li class=\"elementor-icon-list-item\">\n\t\t\t\t\t\t\t\t\t\t\t<span class=\"elementor-icon-list-icon\">\n\t\t\t\t\t\t\t<svg aria-hidden=\"true\" class=\"e-font-icon-svg e-fas-square-full\" viewbox=\"0 0 512 512\" xmlns=\"http:\/\/www.w3.org\/2000\/svg\"><path d=\"M512 512H0V0h512v512z\"><\/path><\/svg>\t\t\t\t\t\t<\/span>\n\t\t\t\t\t\t\t\t\t\t<span class=\"elementor-icon-list-text\">Automobil und Eisenbahn,<\/span>\n\t\t\t\t\t\t\t\t\t<\/li>\n\t\t\t\t\t\t\t\t<li class=\"elementor-icon-list-item\">\n\t\t\t\t\t\t\t\t\t\t\t<span class=\"elementor-icon-list-icon\">\n\t\t\t\t\t\t\t<svg aria-hidden=\"true\" class=\"e-font-icon-svg e-fas-square-full\" viewbox=\"0 0 512 512\" xmlns=\"http:\/\/www.w3.org\/2000\/svg\"><path d=\"M512 512H0V0h512v512z\"><\/path><\/svg>\t\t\t\t\t\t<\/span>\n\t\t\t\t\t\t\t\t\t\t<span class=\"elementor-icon-list-text\"> Metallurgie,<\/span>\n\t\t\t\t\t\t\t\t\t<\/li>\n\t\t\t\t\t\t\t\t<li class=\"elementor-icon-list-item\">\n\t\t\t\t\t\t\t\t\t\t\t<span class=\"elementor-icon-list-icon\">\n\t\t\t\t\t\t\t<svg aria-hidden=\"true\" class=\"e-font-icon-svg e-fas-square-full\" viewbox=\"0 0 512 512\" xmlns=\"http:\/\/www.w3.org\/2000\/svg\"><path d=\"M512 512H0V0h512v512z\"><\/path><\/svg>\t\t\t\t\t\t<\/span>\n\t\t\t\t\t\t\t\t\t\t<span class=\"elementor-icon-list-text\"> Pharmazeutika, <\/span>\n\t\t\t\t\t\t\t\t\t<\/li>\n\t\t\t\t\t\t\t\t<li class=\"elementor-icon-list-item\">\n\t\t\t\t\t\t\t\t\t\t\t<span class=\"elementor-icon-list-icon\">\n\t\t\t\t\t\t\t<svg aria-hidden=\"true\" class=\"e-font-icon-svg e-fas-square-full\" viewbox=\"0 0 512 512\" xmlns=\"http:\/\/www.w3.org\/2000\/svg\"><path d=\"M512 512H0V0h512v512z\"><\/path><\/svg>\t\t\t\t\t\t<\/span>\n\t\t\t\t\t\t\t\t\t\t<span class=\"elementor-icon-list-text\">Herstellung von Tischlerarbeiten (Aluminiumfenster und -t\u00fcren).<\/span>\n\t\t\t\t\t\t\t\t\t<\/li>\n\t\t\t\t\t\t<\/ul>\n\t\t\t\t\t\t<\/div>\n\t\t\t\t<div class=\"elementor-element elementor-element-fa19ba3 elementor-widget__width-initial elementor-widget elementor-widget-text-editor\" data-id=\"fa19ba3\" data-element_type=\"widget\" data-e-type=\"widget\" data-widget_type=\"text-editor.default\">\n\t\t\t\t\t\t\t\t\t<p>Professionelles Aluminiumschwei\u00dfen erfordert Erfahrung, technisches Wissen und geeignete Arbeitsbedingungen. Schon kleine Fehler k\u00f6nnen die Haltbarkeit der Verbindung und die Qualit\u00e4t der gesamten Konstruktion beeintr\u00e4chtigen, weshalb wir jedes Projekt mit \u00e4u\u00dferster Sorgfalt durchf\u00fchren.<\/p>\t\t\t\t\t\t\t\t<\/div>\n\t\t\t\t\t<\/div>\n\t\t<\/div>\n\t\t\t\t<div class=\"elementor-column elementor-col-50 elementor-top-column elementor-element elementor-element-9fdbece\" data-id=\"9fdbece\" data-element_type=\"column\" data-e-type=\"column\">\n\t\t\t<div class=\"elementor-widget-wrap elementor-element-populated\">\n\t\t\t\t\t\t\t<\/div>\n\t\t<\/div>\n\t\t\t\t\t<\/div>\n\t\t<\/section>\n\t\t\t\t<section class=\"elementor-section elementor-top-section elementor-element elementor-element-b598943 elementor-section-boxed elementor-section-height-default elementor-section-height-default\" data-id=\"b598943\" data-element_type=\"section\" data-e-type=\"section\">\n\t\t\t\t\t\t<div class=\"elementor-container elementor-column-gap-wide\">\n\t\t\t\t\t<div class=\"elementor-column elementor-col-100 elementor-top-column elementor-element elementor-element-c249b37\" data-id=\"c249b37\" data-element_type=\"column\" data-e-type=\"column\">\n\t\t\t<div class=\"elementor-widget-wrap elementor-element-populated\">\n\t\t\t\t\t\t<div class=\"elementor-element elementor-element-f18d0de elementor-widget elementor-widget-heading\" data-id=\"f18d0de\" data-element_type=\"widget\" data-e-type=\"widget\" data-widget_type=\"heading.default\">\n\t\t\t\t\t<h2 class=\"elementor-heading-title elementor-size-xl\">Aluminiumschwei\u00dftechniken - MIG und TIG<\/h2>\t\t\t\t<\/div>\n\t\t\t\t<div class=\"elementor-element elementor-element-4ef66a7 elementor-widget__width-initial elementor-widget elementor-widget-text-editor\" data-id=\"4ef66a7\" data-element_type=\"widget\" data-e-type=\"widget\" data-widget_type=\"text-editor.default\">\n\t\t\t\t\t\t\t\t\t<p>Die Haltbarkeit eines Bauwerks h\u00e4ngt nicht nur von den Materialeigenschaften ab, sondern vor allem von der Qualit\u00e4t der Schwei\u00dfn\u00e4hte. Wir verwenden bei unserer Arbeit zwei bew\u00e4hrte Methoden:<\/p>\t\t\t\t\t\t\t\t<\/div>\n\t\t\t\t\t<\/div>\n\t\t<\/div>\n\t\t\t\t\t<\/div>\n\t\t<\/section>\n\t\t\t\t<section class=\"elementor-section elementor-top-section elementor-element elementor-element-6706a9c elementor-section-content-top elementor-section-boxed elementor-section-height-default elementor-section-height-default\" data-id=\"6706a9c\" data-element_type=\"section\" data-e-type=\"section\">\n\t\t\t\t\t\t<div class=\"elementor-container elementor-column-gap-wide\">\n\t\t\t\t\t<div class=\"elementor-column elementor-col-50 elementor-top-column elementor-element elementor-element-70b26c7\" data-id=\"70b26c7\" data-element_type=\"column\" data-e-type=\"column\">\n\t\t\t<div class=\"elementor-widget-wrap elementor-element-populated\">\n\t\t\t\t\t\t<div class=\"elementor-element elementor-element-4949c0b elementor-widget__width-initial elementor-widget elementor-widget-text-editor\" data-id=\"4949c0b\" data-element_type=\"widget\" data-e-type=\"widget\" data-widget_type=\"text-editor.default\">\n\t\t\t\t\t\t\t\t\t<p><strong>MIG-Schwei\u00dfen (Metall-Inertgas)<\/strong><\/p>\t\t\t\t\t\t\t\t<\/div>\n\t\t\t\t<div class=\"elementor-element elementor-element-cca0b04 elementor-widget__width-initial elementor-widget elementor-widget-text-editor\" data-id=\"cca0b04\" data-element_type=\"widget\" data-e-type=\"widget\" data-widget_type=\"text-editor.default\">\n\t\t\t\t\t\t\t\t\t<p>Ein Verfahren, bei dem ein inertes Gas (z. B. Argon oder Helium) als Schwei\u00dfschutzgas verwendet wird. Bietet eine hohe Produktivit\u00e4t und ist ideal f\u00fcr gr\u00f6\u00dfere Aluminiumstrukturen.<\/p>\t\t\t\t\t\t\t\t<\/div>\n\t\t\t\t\t<\/div>\n\t\t<\/div>\n\t\t\t\t<div class=\"elementor-column elementor-col-50 elementor-top-column elementor-element elementor-element-88be3a2\" data-id=\"88be3a2\" data-element_type=\"column\" data-e-type=\"column\">\n\t\t\t<div class=\"elementor-widget-wrap elementor-element-populated\">\n\t\t\t\t\t\t<div class=\"elementor-element elementor-element-a691439 elementor-widget__width-initial elementor-widget elementor-widget-text-editor\" data-id=\"a691439\" data-element_type=\"widget\" data-e-type=\"widget\" data-widget_type=\"text-editor.default\">\n\t\t\t\t\t\t\t\t\t<p><strong>WIG-Schwei\u00dfen (Wolfram-Inertgas)<\/strong><\/p>\t\t\t\t\t\t\t\t<\/div>\n\t\t\t\t<div class=\"elementor-element elementor-element-ab253ff elementor-widget__width-initial elementor-widget elementor-widget-text-editor\" data-id=\"ab253ff\" data-element_type=\"widget\" data-e-type=\"widget\" data-widget_type=\"text-editor.default\">\n\t\t\t\t\t\t\t\t\t<p>Eine Technik, die auf einer nicht schmelzenden Wolframelektrode und einem Schutzgas basiert. Sie garantiert au\u00dfergew\u00f6hnliche Pr\u00e4zision und \u00e4sthetische Schwei\u00dfn\u00e4hte, was besonders bei sichtbaren Teilen und solchen, die eine hochwertige Oberfl\u00e4che erfordern, wichtig ist.<\/p>\t\t\t\t\t\t\t\t<\/div>\n\t\t\t\t\t<\/div>\n\t\t<\/div>\n\t\t\t\t\t<\/div>\n\t\t<\/section>\n\t\t\t\t<section class=\"elementor-section elementor-top-section elementor-element elementor-element-e9dfe12 elementor-section-boxed elementor-section-height-default elementor-section-height-default\" data-id=\"e9dfe12\" data-element_type=\"section\" data-e-type=\"section\">\n\t\t\t\t\t\t<div class=\"elementor-container elementor-column-gap-wide\">\n\t\t\t\t\t<div class=\"elementor-column elementor-col-100 elementor-top-column elementor-element elementor-element-5ef9b89\" data-id=\"5ef9b89\" data-element_type=\"column\" data-e-type=\"column\">\n\t\t\t<div class=\"elementor-widget-wrap elementor-element-populated\">\n\t\t\t\t\t\t<div class=\"elementor-element elementor-element-dbd322c elementor-widget elementor-widget-heading\" data-id=\"dbd322c\" data-element_type=\"widget\" data-e-type=\"widget\" data-widget_type=\"heading.default\">\n\t\t\t\t\t<h2 class=\"elementor-heading-title elementor-size-xl\">Erfahrung und Qualit\u00e4t der Arbeit<\/h2>\t\t\t\t<\/div>\n\t\t\t\t<div class=\"elementor-element elementor-element-4211676 elementor-widget__width-initial elementor-widget elementor-widget-text-editor\" data-id=\"4211676\" data-element_type=\"widget\" data-e-type=\"widget\" data-widget_type=\"text-editor.default\">\n\t\t\t\t\t\t\t\t\t<p data-start=\"1968\" data-end=\"2172\">Das Aluminiumschwei\u00dfen erfordert eine korrekte Abfolge der Arbeitsschritte und strenge Sicherheitsstandards. Eine falsch ausgef\u00fchrte Schwei\u00dfnaht kann eine Struktur schw\u00e4chen oder ihre \u00c4sthetik beeintr\u00e4chtigen. Deshalb vertrauen wir die Ausf\u00fchrung nur qualifizierten Fachleuten an, die mit modernen, bew\u00e4hrten Ger\u00e4ten arbeiten. Dies gew\u00e4hrleistet:<\/p><ul data-start=\"2318\" data-end=\"2451\"><li data-start=\"2318\" data-end=\"2347\"><p data-start=\"2320\" data-end=\"2347\">hochfeste Steckverbinder,<\/p><\/li><li data-start=\"2348\" data-end=\"2372\"><p data-start=\"2350\" data-end=\"2372\">Wiederholbarkeit der Qualit\u00e4t,<\/p><\/li><li data-start=\"2373\" data-end=\"2402\"><p data-start=\"2375\" data-end=\"2402\">\u00e4sthetisch ansprechende und dauerhafte Verbindungen,<\/p><\/li><li data-start=\"2403\" data-end=\"2451\"><p data-start=\"2405\" data-end=\"2451\">Sicherheit bei der Verwendung der fertigen Elemente.<\/p><\/li><\/ul><p data-start=\"2681\" data-end=\"2886\">Um ein pr\u00e4zises Angebot erstellen zu k\u00f6nnen, ben\u00f6tigen wir detaillierte technische Parameter der geplanten Konstruktion. So k\u00f6nnen wir die optimale L\u00f6sung in Bezug auf Technik und Kosten anbieten.<\/p><p data-start=\"2888\" data-end=\"3048\" data-is-last-node=\"\" data-is-only-node=\"\">Wenn Sie langlebige, \u00e4sthetisch ansprechende und robuste Aluminiumkonstruktionen w\u00fcnschen - kontaktieren Sie uns und entdecken Sie die M\u00f6glichkeiten des professionellen Aluminiumschwei\u00dfens.<\/p>\t\t\t\t\t\t\t\t<\/div>\n\t\t\t\t\t<\/div>\n\t\t<\/div>\n\t\t\t\t\t<\/div>\n\t\t<\/section>\n\t\t\t\t<\/div>","protected":false},"excerpt":{"rendered":"<div class=\"tmnf_excerpt\"><p>Spawanie aluminium to jedna z kluczowych us\u0142ug w zakresie obr\u00f3bki metali nie\u017celaznych oferowanych przez Odlewnia Wako Pruszk\u00f3w. Realizujemy profesjonalne \u0142\u0105czenie element\u00f3w aluminiowych, umo\u017cliwiaj\u0105ce tworzenie lekkich, wytrzyma\u0142ych i estetycznych konstrukcji dopasowanych do potrzeb r\u00f3\u017cnych bran\u017c. Aluminium to materia\u0142 ceniony za nisk\u0105 wag\u0119, odporno\u015b\u0107 na korozj\u0119 oraz wysok\u0105 wytrzyma\u0142o\u015b\u0107 mechaniczn\u0105. Z tego wzgl\u0119du znajduje szerokie zastosowanie w &hellip;<\/p>\n<\/div>","protected":false},"author":1,"featured_media":0,"parent":513,"menu_order":0,"comment_status":"closed","ping_status":"closed","template":"template-fullwidth-alt.php","meta":{"om_disable_all_campaigns":false,"_monsterinsights_skip_tracking":false,"_monsterinsights_sitenote_active":false,"_monsterinsights_sitenote_note":"","_monsterinsights_sitenote_category":0,"footnotes":""},"class_list":["post-7767","page","type-page","status-publish","hentry"],"aioseo_notices":[],"_links":{"self":[{"href":"https:\/\/www.wako-odlewnia.pl\/de\/wp-json\/wp\/v2\/pages\/7767","targetHints":{"allow":["GET"]}}],"collection":[{"href":"https:\/\/www.wako-odlewnia.pl\/de\/wp-json\/wp\/v2\/pages"}],"about":[{"href":"https:\/\/www.wako-odlewnia.pl\/de\/wp-json\/wp\/v2\/types\/page"}],"author":[{"embeddable":true,"href":"https:\/\/www.wako-odlewnia.pl\/de\/wp-json\/wp\/v2\/users\/1"}],"replies":[{"embeddable":true,"href":"https:\/\/www.wako-odlewnia.pl\/de\/wp-json\/wp\/v2\/comments?post=7767"}],"version-history":[{"count":34,"href":"https:\/\/www.wako-odlewnia.pl\/de\/wp-json\/wp\/v2\/pages\/7767\/revisions"}],"predecessor-version":[{"id":8523,"href":"https:\/\/www.wako-odlewnia.pl\/de\/wp-json\/wp\/v2\/pages\/7767\/revisions\/8523"}],"up":[{"embeddable":true,"href":"https:\/\/www.wako-odlewnia.pl\/de\/wp-json\/wp\/v2\/pages\/513"}],"wp:attachment":[{"href":"https:\/\/www.wako-odlewnia.pl\/de\/wp-json\/wp\/v2\/media?parent=7767"}],"curies":[{"name":"wp","href":"https:\/\/api.w.org\/{rel}","templated":true}]}}