{"id":529,"date":"2015-07-17T12:52:17","date_gmt":"2015-07-17T12:52:17","guid":{"rendered":"http:\/\/capethemes.com\/demo\/industry\/?page_id=529"},"modified":"2026-02-16T14:25:15","modified_gmt":"2026-02-16T13:25:15","slug":"sandguss","status":"publish","type":"page","link":"https:\/\/www.wako-odlewnia.pl\/de\/oferta\/odlewanie-piaskowe\/","title":{"rendered":"Sandguss"},"content":{"rendered":"<div data-elementor-type=\"wp-page\" data-elementor-id=\"529\" class=\"elementor elementor-529\" data-elementor-post-type=\"page\">\n\t\t\t\t\t\t<section class=\"elementor-section elementor-top-section elementor-element elementor-element-cd2ed79 elementor-section-boxed elementor-section-height-default elementor-section-height-default\" data-id=\"cd2ed79\" data-element_type=\"section\" data-e-type=\"section\">\n\t\t\t\t\t\t<div class=\"elementor-container elementor-column-gap-wide\">\n\t\t\t\t\t<div class=\"elementor-column elementor-col-50 elementor-top-column elementor-element elementor-element-0ecfe0a\" data-id=\"0ecfe0a\" data-element_type=\"column\" data-e-type=\"column\">\n\t\t\t<div class=\"elementor-widget-wrap elementor-element-populated\">\n\t\t\t\t\t\t<div class=\"elementor-element elementor-element-c2887fe elementor-widget elementor-widget-text-editor\" data-id=\"c2887fe\" data-element_type=\"widget\" data-e-type=\"widget\" data-widget_type=\"text-editor.default\">\n\t\t\t\t\t\t\t\t\t<p data-start=\"253\" data-end=\"573\"><strong data-start=\"253\" data-end=\"327\">Wako Odlewnia ist eine erfahrene Nichteisenmetallgie\u00dferei aus Pruszk\u00f3w<\/strong>, Wir sind ein Unternehmen, das sich auf die Herstellung von Pr\u00e4zisionskomponenten f\u00fcr die Industrie spezialisiert hat. Eine der von uns verwendeten Kerntechnologien ist <strong data-start=\"461\" data-end=\"483\">Sandguss<\/strong> - eines der vielseitigsten und wirtschaftlichsten Verfahren zur Herstellung von Metallgussteilen.<\/p><p data-start=\"575\" data-end=\"831\">Diese Technologie erm\u00f6glicht die Herstellung von Teilen mit unterschiedlichen Formen, Gr\u00f6\u00dfen und Gewichten bei hoher Genauigkeit und einem g\u00fcnstigen Preis-Leistungs-Verh\u00e4ltnis. Dank ihrer Flexibilit\u00e4t wird sie in vielen Industriezweigen eingesetzt.<\/p>\t\t\t\t\t\t\t\t<\/div>\n\t\t\t\t\t<\/div>\n\t\t<\/div>\n\t\t\t\t<div class=\"elementor-column elementor-col-50 elementor-top-column elementor-element elementor-element-c46dbe7 elementor-hidden-phone\" data-id=\"c46dbe7\" data-element_type=\"column\" data-e-type=\"column\">\n\t\t\t<div class=\"elementor-widget-wrap elementor-element-populated\">\n\t\t\t\t\t\t<div class=\"elementor-element elementor-element-3ffb787 elementor-widget elementor-widget-image\" data-id=\"3ffb787\" data-element_type=\"widget\" data-e-type=\"widget\" data-widget_type=\"image.default\">\n\t\t\t\t\t\t\t\t\t\t\t\t\t\t\t<img decoding=\"async\" src=\"https:\/\/www.wako-odlewnia.pl\/wp-content\/uploads\/elementor\/thumbs\/odlewanie-piaskowe-ri0u44o1ifw6teg8swew4fwh3bv5rks83mq7wluqrs.jpeg\" title=\"Guss-Sand\" alt=\"Guss-Sand\" loading=\"lazy\" \/>\t\t\t\t\t\t\t\t\t\t\t\t\t\t\t<\/div>\n\t\t\t\t<div class=\"elementor-element elementor-element-2aea97a elementor-absolute elementor-hidden-phone elementor-widget__width-initial elementor-widget elementor-widget-heading\" data-id=\"2aea97a\" data-element_type=\"widget\" data-e-type=\"widget\" data-settings=\"{&quot;_position&quot;:&quot;absolute&quot;}\" data-widget_type=\"heading.default\">\n\t\t\t\t\t<h2 class=\"elementor-heading-title elementor-size-default\">.<\/h2>\t\t\t\t<\/div>\n\t\t\t\t\t<\/div>\n\t\t<\/div>\n\t\t\t\t\t<\/div>\n\t\t<\/section>\n\t\t\t\t<section class=\"elementor-section elementor-top-section elementor-element elementor-element-a18918f elementor-section-boxed elementor-section-height-default elementor-section-height-default\" data-id=\"a18918f\" data-element_type=\"section\" data-e-type=\"section\">\n\t\t\t\t\t\t<div class=\"elementor-container elementor-column-gap-wide\">\n\t\t\t\t\t<div class=\"elementor-column elementor-col-100 elementor-top-column elementor-element elementor-element-51a0300\" data-id=\"51a0300\" data-element_type=\"column\" data-e-type=\"column\">\n\t\t\t<div class=\"elementor-widget-wrap elementor-element-populated\">\n\t\t\t\t\t\t<div class=\"elementor-element elementor-element-450a496 elementor-widget elementor-widget-heading\" data-id=\"450a496\" data-element_type=\"widget\" data-e-type=\"widget\" data-widget_type=\"heading.default\">\n\t\t\t\t\t<h2 class=\"elementor-heading-title elementor-size-xl\">Wie l\u00e4uft das Sandgussverfahren ab?<\/h2>\t\t\t\t<\/div>\n\t\t\t\t<div class=\"elementor-element elementor-element-fef05dd elementor-widget__width-initial elementor-widget elementor-widget-text-editor\" data-id=\"fef05dd\" data-element_type=\"widget\" data-e-type=\"widget\" data-widget_type=\"text-editor.default\">\n\t\t\t\t\t\t\t\t\t<p data-start=\"886\" data-end=\"1105\">Sandguss ist ein fortschrittliches technologisches Verfahren, das mit der Herstellung von Sandformen beginnt, die h\u00e4ufig mit Gusskernen ausgestattet sind, um komplexe Innengeometrien zu erm\u00f6glichen.<\/p>\t\t\t\t\t\t\t\t<\/div>\n\t\t\t\t\t<\/div>\n\t\t<\/div>\n\t\t\t\t\t<\/div>\n\t\t<\/section>\n\t\t\t\t<section class=\"elementor-section elementor-top-section elementor-element elementor-element-1511921 elementor-section-boxed elementor-section-height-default elementor-section-height-default\" data-id=\"1511921\" data-element_type=\"section\" data-e-type=\"section\">\n\t\t\t\t\t\t<div class=\"elementor-container elementor-column-gap-wide\">\n\t\t\t\t\t<div class=\"elementor-column elementor-col-50 elementor-top-column elementor-element elementor-element-c374c06\" data-id=\"c374c06\" data-element_type=\"column\" data-e-type=\"column\">\n\t\t\t<div class=\"elementor-widget-wrap elementor-element-populated\">\n\t\t\t\t\t\t<div class=\"elementor-element elementor-element-1f0d254 elementor-widget__width-initial elementor-widget elementor-widget-text-editor\" data-id=\"1f0d254\" data-element_type=\"widget\" data-e-type=\"widget\" data-widget_type=\"text-editor.default\">\n\t\t\t\t\t\t\t\t\t<p data-start=\"1107\" data-end=\"1360\">Die Form wird dann mit fl\u00fcssigem Metall geflutet, wobei die Parameter genau festgelegt sind. Sobald das Material erstarrt und die Form gebrochen ist, wird das Bauteil entnommen und weiteren Nachbearbeitungen unterzogen, um die gew\u00fcnschte Form, Genauigkeit und Oberfl\u00e4chenqualit\u00e4t zu erreichen.<\/p>\t\t\t\t\t\t\t\t<\/div>\n\t\t\t\t\t<\/div>\n\t\t<\/div>\n\t\t\t\t<div class=\"elementor-column elementor-col-50 elementor-top-column elementor-element elementor-element-bf524db\" data-id=\"bf524db\" data-element_type=\"column\" data-e-type=\"column\">\n\t\t\t<div class=\"elementor-widget-wrap elementor-element-populated\">\n\t\t\t\t\t\t\t<\/div>\n\t\t<\/div>\n\t\t\t\t\t<\/div>\n\t\t<\/section>\n\t\t\t\t<section class=\"elementor-section elementor-top-section elementor-element elementor-element-491a9ce elementor-section-boxed elementor-section-height-default elementor-section-height-default\" data-id=\"491a9ce\" data-element_type=\"section\" data-e-type=\"section\">\n\t\t\t\t\t\t<div class=\"elementor-container elementor-column-gap-wide\">\n\t\t\t\t\t<div class=\"elementor-column elementor-col-100 elementor-top-column elementor-element elementor-element-de2d662\" data-id=\"de2d662\" data-element_type=\"column\" data-e-type=\"column\">\n\t\t\t<div class=\"elementor-widget-wrap elementor-element-populated\">\n\t\t\t\t\t\t<div class=\"elementor-element elementor-element-f9ecdad elementor-widget elementor-widget-heading\" data-id=\"f9ecdad\" data-element_type=\"widget\" data-e-type=\"widget\" data-widget_type=\"heading.default\">\n\t\t\t\t\t<h2 class=\"elementor-heading-title elementor-size-xl\">Vorteile des Sandgusses<\/h2>\t\t\t\t<\/div>\n\t\t\t\t\t<\/div>\n\t\t<\/div>\n\t\t\t\t\t<\/div>\n\t\t<\/section>\n\t\t\t\t<section class=\"elementor-section elementor-top-section elementor-element elementor-element-6fa1dd1 elementor-section-boxed elementor-section-height-default elementor-section-height-default\" data-id=\"6fa1dd1\" data-element_type=\"section\" data-e-type=\"section\">\n\t\t\t\t\t\t<div class=\"elementor-container elementor-column-gap-wide\">\n\t\t\t\t\t<div class=\"elementor-column elementor-col-50 elementor-top-column elementor-element elementor-element-628966e\" data-id=\"628966e\" data-element_type=\"column\" data-e-type=\"column\">\n\t\t\t<div class=\"elementor-widget-wrap elementor-element-populated\">\n\t\t\t\t\t\t<div class=\"elementor-element elementor-element-5d8f22a elementor-widget__width-initial elementor-widget elementor-widget-text-editor\" data-id=\"5d8f22a\" data-element_type=\"widget\" data-e-type=\"widget\" data-widget_type=\"text-editor.default\">\n\t\t\t\t\t\t\t\t\t<p>Als Gie\u00dferei mit langj\u00e4hriger Erfahrung k\u00f6nnen wir die spezifischen Vorteile dieser Methode aufzeigen:<\/p>\t\t\t\t\t\t\t\t<\/div>\n\t\t\t\t<div class=\"elementor-element elementor-element-424ff0f elementor-icon-list--layout-traditional elementor-list-item-link-full_width elementor-widget elementor-widget-icon-list\" data-id=\"424ff0f\" data-element_type=\"widget\" data-e-type=\"widget\" data-widget_type=\"icon-list.default\">\n\t\t\t\t\t\t\t<ul class=\"elementor-icon-list-items\">\n\t\t\t\t\t\t\t<li class=\"elementor-icon-list-item\">\n\t\t\t\t\t\t\t\t\t\t\t<span class=\"elementor-icon-list-icon\">\n\t\t\t\t\t\t\t<svg aria-hidden=\"true\" class=\"e-font-icon-svg e-fas-square-full\" viewbox=\"0 0 512 512\" xmlns=\"http:\/\/www.w3.org\/2000\/svg\"><path d=\"M512 512H0V0h512v512z\"><\/path><\/svg>\t\t\t\t\t\t<\/span>\n\t\t\t\t\t\t\t\t\t\t<span class=\"elementor-icon-list-text\">niedrige Produktionskosten - insbesondere bei Gro\u00dfserien und Prototypen,<\/span>\n\t\t\t\t\t\t\t\t\t<\/li>\n\t\t\t\t\t\t\t\t<li class=\"elementor-icon-list-item\">\n\t\t\t\t\t\t\t\t\t\t\t<span class=\"elementor-icon-list-icon\">\n\t\t\t\t\t\t\t<svg aria-hidden=\"true\" class=\"e-font-icon-svg e-fas-square-full\" viewbox=\"0 0 512 512\" xmlns=\"http:\/\/www.w3.org\/2000\/svg\"><path d=\"M512 512H0V0h512v512z\"><\/path><\/svg>\t\t\t\t\t\t<\/span>\n\t\t\t\t\t\t\t\t\t\t<span class=\"elementor-icon-list-text\">hohe Vielseitigkeit - M\u00f6glichkeit zur Herstellung von Teilen unterschiedlicher Formen, Gr\u00f6\u00dfen und Gewichte,<\/span>\n\t\t\t\t\t\t\t\t\t<\/li>\n\t\t\t\t\t\t\t\t<li class=\"elementor-icon-list-item\">\n\t\t\t\t\t\t\t\t\t\t\t<span class=\"elementor-icon-list-icon\">\n\t\t\t\t\t\t\t<svg aria-hidden=\"true\" class=\"e-font-icon-svg e-fas-square-full\" viewbox=\"0 0 512 512\" xmlns=\"http:\/\/www.w3.org\/2000\/svg\"><path d=\"M512 512H0V0h512v512z\"><\/path><\/svg>\t\t\t\t\t\t<\/span>\n\t\t\t\t\t\t\t\t\t\t<span class=\"elementor-icon-list-text\">Flexibilit\u00e4t bei der Gestaltung - keine f\u00fcr Dauerformen typischen Zw\u00e4nge,<\/span>\n\t\t\t\t\t\t\t\t\t<\/li>\n\t\t\t\t\t\t\t\t<li class=\"elementor-icon-list-item\">\n\t\t\t\t\t\t\t\t\t\t\t<span class=\"elementor-icon-list-icon\">\n\t\t\t\t\t\t\t<svg aria-hidden=\"true\" class=\"e-font-icon-svg e-fas-square-full\" viewbox=\"0 0 512 512\" xmlns=\"http:\/\/www.w3.org\/2000\/svg\"><path d=\"M512 512H0V0h512v512z\"><\/path><\/svg>\t\t\t\t\t\t<\/span>\n\t\t\t\t\t\t\t\t\t\t<span class=\"elementor-icon-list-text\">schnelle Umsetzung - effizienter Prozess der Formvorbereitung,<\/span>\n\t\t\t\t\t\t\t\t\t<\/li>\n\t\t\t\t\t\t\t\t<li class=\"elementor-icon-list-item\">\n\t\t\t\t\t\t\t\t\t\t\t<span class=\"elementor-icon-list-icon\">\n\t\t\t\t\t\t\t<svg aria-hidden=\"true\" class=\"e-font-icon-svg e-fas-square-full\" viewbox=\"0 0 512 512\" xmlns=\"http:\/\/www.w3.org\/2000\/svg\"><path d=\"M512 512H0V0h512v512z\"><\/path><\/svg>\t\t\t\t\t\t<\/span>\n\t\t\t\t\t\t\t\t\t\t<span class=\"elementor-icon-list-text\">M\u00f6glichkeit der Serien- und Einzelfertigung.<\/span>\n\t\t\t\t\t\t\t\t\t<\/li>\n\t\t\t\t\t\t<\/ul>\n\t\t\t\t\t\t<\/div>\n\t\t\t\t\t<\/div>\n\t\t<\/div>\n\t\t\t\t<div class=\"elementor-column elementor-col-50 elementor-top-column elementor-element elementor-element-0b0d5b2\" data-id=\"0b0d5b2\" data-element_type=\"column\" data-e-type=\"column\">\n\t\t\t<div class=\"elementor-widget-wrap elementor-element-populated\">\n\t\t\t\t\t\t<div class=\"elementor-element elementor-element-30d523c elementor-widget elementor-widget-image\" data-id=\"30d523c\" data-element_type=\"widget\" data-e-type=\"widget\" data-widget_type=\"image.default\">\n\t\t\t\t\t\t\t\t\t\t\t\t\t\t\t<img fetchpriority=\"high\" decoding=\"async\" width=\"1024\" height=\"768\" src=\"https:\/\/www.wako-odlewnia.pl\/wp-content\/uploads\/2015\/07\/rola-form-piaskowych-1024x768.jpg\" class=\"attachment-large size-large wp-image-7934\" alt=\"\" srcset=\"https:\/\/www.wako-odlewnia.pl\/wp-content\/uploads\/2015\/07\/rola-form-piaskowych-1024x768.jpg 1024w, https:\/\/www.wako-odlewnia.pl\/wp-content\/uploads\/2015\/07\/rola-form-piaskowych-300x225.jpg 300w, https:\/\/www.wako-odlewnia.pl\/wp-content\/uploads\/2015\/07\/rola-form-piaskowych-768x576.jpg 768w, https:\/\/www.wako-odlewnia.pl\/wp-content\/uploads\/2015\/07\/rola-form-piaskowych.jpg 1500w\" sizes=\"(max-width: 1024px) 100vw, 1024px\" \/>\t\t\t\t\t\t\t\t\t\t\t\t\t\t\t<\/div>\n\t\t\t\t\t<\/div>\n\t\t<\/div>\n\t\t\t\t\t<\/div>\n\t\t<\/section>\n\t\t\t\t<\/div>","protected":false},"excerpt":{"rendered":"<div class=\"tmnf_excerpt\"><p>Wako Odlewnia to do\u015bwiadczona odlewnia metali nie\u017celaznych z Pruszkowa, specjalizuj\u0105ca si\u0119 w produkcji precyzyjnych komponent\u00f3w dla przemys\u0142u. Jedn\u0105 z podstawowych technologii, z kt\u00f3rych korzystamy, jest odlewanie piaskowe \u2013 jedna z najbardziej uniwersalnych i ekonomicznych metod wytwarzania odlew\u00f3w metalowych. Technologia ta pozwala na produkcj\u0119 element\u00f3w o zr\u00f3\u017cnicowanych kszta\u0142tach, gabarytach i masie, przy zachowaniu wysokiej dok\u0142adno\u015bci oraz &hellip;<\/p>\n<\/div>","protected":false},"author":1,"featured_media":0,"parent":513,"menu_order":0,"comment_status":"closed","ping_status":"closed","template":"template-fullwidth-alt.php","meta":{"om_disable_all_campaigns":false,"_monsterinsights_skip_tracking":false,"_monsterinsights_sitenote_active":false,"_monsterinsights_sitenote_note":"","_monsterinsights_sitenote_category":0,"footnotes":""},"class_list":["post-529","page","type-page","status-publish","hentry"],"aioseo_notices":[],"_links":{"self":[{"href":"https:\/\/www.wako-odlewnia.pl\/de\/wp-json\/wp\/v2\/pages\/529","targetHints":{"allow":["GET"]}}],"collection":[{"href":"https:\/\/www.wako-odlewnia.pl\/de\/wp-json\/wp\/v2\/pages"}],"about":[{"href":"https:\/\/www.wako-odlewnia.pl\/de\/wp-json\/wp\/v2\/types\/page"}],"author":[{"embeddable":true,"href":"https:\/\/www.wako-odlewnia.pl\/de\/wp-json\/wp\/v2\/users\/1"}],"replies":[{"embeddable":true,"href":"https:\/\/www.wako-odlewnia.pl\/de\/wp-json\/wp\/v2\/comments?post=529"}],"version-history":[{"count":20,"href":"https:\/\/www.wako-odlewnia.pl\/de\/wp-json\/wp\/v2\/pages\/529\/revisions"}],"predecessor-version":[{"id":8526,"href":"https:\/\/www.wako-odlewnia.pl\/de\/wp-json\/wp\/v2\/pages\/529\/revisions\/8526"}],"up":[{"embeddable":true,"href":"https:\/\/www.wako-odlewnia.pl\/de\/wp-json\/wp\/v2\/pages\/513"}],"wp:attachment":[{"href":"https:\/\/www.wako-odlewnia.pl\/de\/wp-json\/wp\/v2\/media?parent=529"}],"curies":[{"name":"wp","href":"https:\/\/api.w.org\/{rel}","templated":true}]}}